{"id":15223,"date":"2022-10-09T19:50:05","date_gmt":"2022-10-09T16:50:05","guid":{"rendered":"https:\/\/pomello.ee\/?post_type=product&#038;p=15223"},"modified":"2024-10-14T21:22:10","modified_gmt":"2024-10-14T18:22:10","slug":"lash-lifti-koolitus-koos-kulmude-lamineerimisega","status":"publish","type":"product","link":"https:\/\/pomello.ee\/en\/toode\/lash-lifti-koolitus-koos-kulmude-lamineerimisega\/","title":{"rendered":"Lash Lifti koolitus koos kulmude lamineerimisega"},"content":{"rendered":"<h1>Kes on koolitaja?<\/h1>\n<p>Veebikursust &#8220;Lash lifti koolitus koos kulmude lamineerimisega&#8221; viib l\u00e4bi koolitaja <strong>Kristina Traumann-Kepp<\/strong> kes on tegutsenud iluvaldkonnas alates 2009. aastast. Ta alustas oma teekonda ripsmetehnikuna mil omandas samal ajal Mainori k\u00f5rgkoolis 2. kursusel ettev\u00f5tluse ja projektijuhtimise eriala. Sellele j\u00e4rgnes koheselt vol\u00fc\u00fcmripsmed, erinevate br\u00e4ndide lash lifti koolitused, kulmukoolitused jp. T\u00e4naseks on Kristina l\u00e4bitud koolituste loetelu \u00fcsna pikk alustades fotograafiast ja l\u00f5petades TTHK juuksuri eriala \u00f5pingutega. Sinna vahele j\u00e4\u00e4b hulk kunstiliste suunadega koolitusi nagu n\u00e4iteks erinevad kulmu hoolduste koolitused, rahvusvaheline meigikool ning Sviatoslav Otchenash by Academy S p\u00fcsimeigi kursuse, et hoida oma teadmised v\u00e4rskena ja pakkuda klientidele kvaliteetset teenust. Kristina on koolitanud alates 2018. aastast viies l\u00e4bi lash lifti, kulmuhoolduse, kulmude lamineerimise, ripsmepikenduste jpt. koolitusi.<\/p>\n<p>\u00a0<\/p>\n<p><strong>Miks l\u00e4bida kursus veebikoolitusena:<\/strong><\/p>\n<ul>\n<li>Saad l\u00e4bida koolitust omale sobivas asukohas<\/li>\n<li>Veebip\u00f5hise koolitus sisaldab \u00f5ppematerjali ja \u00f5ppevideoid, mis\u00a0juhendavad samm-sammult<\/li>\n<li style=\"font-size: 14px; background-image: none; background-color: #ffffff;\">Koolituste l\u00f5ppedes saab \u00f5pilane k\u00fcsida koolitajalt n\u00f5u ja abi, vestuls toimub Whatsappis v\u00f5i meili teel<\/li>\n<li>Modelle ei ole vaja otsida koolituse toimumise ajaks vaid saad t\u00f6\u00f6d teostada endale sobival ajal<\/li>\n<li>Kokkuhoid transpordi ja aja pealt \u2013 ei pea kulutama tulekuks tunde ja s\u00e4\u00e4sta raha k\u00fctuse pealt<\/li>\n<li>Kiire viis oma teadmised viia uuele tasemele<\/li>\n<li style=\"font-size: 14px; background-image: none; background-color: #ffffff;\">Koolituse l\u00e4bimisel on \u00f5pilasel v\u00f5imalik soetada e-poest tooteid lisaks -10% soodsamalt \u00fchekordse sooduskoodiga<\/li>\n<\/ul>\n<p>\u00a0<\/p>\n<p><strong>Registreerumine:<\/strong>\u00a0Lisades koolituse ostukorvi ja tasudes selle eest, edastame koolituse l\u00e4bimiseks vajaliku lisainfo e-kirja teel \u00f5pilasele kus on kirjas t\u00e4psed juhised koolituse l\u00e4bimise teekonnaks.<\/p>\n<p><strong>Koolituse teekond:<\/strong>\u00a0P\u00fc\u00fcame pakkuda koolituse l\u00e4bimiseks kvaliteetseid \u00f5ppevideoid ja hoolega valmistatud \u00f5ppematerjale koolituse l\u00e4bimiseks veebi teel. Koolituse l\u00f5ppedes peate hindamisprotsessi osana esitama<strong>\u00a0kahest modellist pildid enne ja p\u00e4rast t\u00f6\u00f6dest<\/strong>\u00a0(3 kuu jooksul).<\/p>\n<p><strong>Kursuse l\u00e4bimine:<\/strong>\u00a0Kui oled hindamisfaasi edukalt l\u00e4binud,\u00a0<strong>v\u00e4ljastame<\/strong>\u00a0<strong>Sulle<\/strong>\u00a0<strong>tunnistuse e-kirja teel PDF failina<\/strong>! HURRA!!<\/p>\n<p>\u00a0<\/p>\n<p>\u00a0<\/p>\n<p><strong>Oluline info koolituse kohta:<\/strong><\/p>\n<p>&#8211; Koolituse hind <strong>ei sisalda t\u00f6\u00f6vahendeid<\/strong>. K\u00f5ik vajalikud t\u00f6\u00f6vahendid tuleb \u00f5pilasel endal soetada.<br \/>&#8211; Praktiline t\u00f6\u00f6 teostatakse <strong>iseseisvalt<\/strong>, tuginedes \u00f5ppematerjalidele ja videote juhistele.<br \/>&#8211; Vajadusel pakume juhendamist ja tuge l\u00e4bi e-kirja v\u00f5i WhatsAppi, kuid p\u00f5hiline vastutus praktilise osa l\u00e4bimisel on \u00f5pilasel endal.<\/p>\n<h4>\u00a0<\/h4>\n<p><strong>PANE T\u00c4HELE:<\/strong><\/p>\n<ul>\n<li>Veebikoolitus ei ole tagastatavad.<\/li>\n<li>J\u00e4tame endale \u00f5iguse sertifikaati v\u00e4ljastamata j\u00e4tta seni, kuni eduka hindamisega on saavutatud p\u00e4devus.<\/li>\n<li>Veebikursused on saadaval ainult Eesti keeles. Teile antakse 6 kuuks juurdep\u00e4\u00e4su veebikursusele.<\/li>\n<li>Meie veebisaidilt saate vaadata ka muid koolitusv\u00f5imalusi.<\/li>\n<li>Koolituse ja stardikomplekti tasumiseks leiab kassast erinevaid v\u00f5imalusi n\u00e4iteks j\u00e4relmaks v\u00f5i osamaksed.<\/li>\n<li>Pakume lisaks v\u00f5imalust kokku leppida koolituse l\u00e4bimine eraviisiliselt, kus koolitaja tuleks koolitama salongi koha peale. Sellisel juhul lisandub kohaletuleku tasu.<\/li>\n<\/ul>\n<h3>K\u00fcsi k\u00fcsimus<\/h3>\n","protected":false},"excerpt":{"rendered":"<p>Lash lift ei kaota oma populaarsust niipea. Protseduuri k\u00e4igus saame ripsmetele anda soovitud kuju ja seel\u00e4bi tuua esile silmade ilmekus. Teenus on k\u00f5rgelt hinnatud nende klientide seas, kes soovivad naturaalsetele ripsmetele anda efekti ilma kunstripsmeteta. Protseduuril anname ripsmetele tumeda v\u00e4ljan\u00e4gemise keemilise v\u00e4rvimise abil, mis toob esile kohese efekti. Koolitusel \u00f5pime lisaks ka kulmude lamineerimist, mis annab kulmude t\u00e4idlase v\u00e4limuse. Kulme saab lihtsasti kujundada v\u00f5i s\u00e4ttida soovitud kujusse. See on ka p\u00f5hjus, miks kliendid seda teenust armastavad. Koolitus on sobilik k\u00f5igile nii alustavale ilutegijale kui ka tegutsevale meistrile.<\/p>\n<p>&nbsp;<\/p>\n<p>Veebikoolitus annab teile p\u00f5hjalikud teadmised lash lifti ja kulmude lamineerimise protseduurist ning n\u00e4pun\u00e4iteid erinevate tehnikate valdamiseks, et saavutada t\u00e4iuslik tulemus. Lash lifti koolitusel \u00f5pime protseduuri algt\u00f5desid, \u00f5igeid t\u00f6\u00f6v\u00f5tteid, ripsmete liimimist silikoonrullile, emulsioonide kasutamist ja pealekandmist ja eemaldamist, ripsmete keemilist v\u00e4rvimist ning lisaks kulmude lamineerimist.<\/p>\n<p>&nbsp;<\/p>\n<p><strong>Veebikursusel l\u00e4bitavad teemad:<\/strong><\/p>\n<ul>\n<li>Mis on lash lift<\/li>\n<li>Ripsmekarva anatoomia<\/li>\n<li>Silikoonpatjade valimine<\/li>\n<li>H\u00fcgieen ja t\u00f6\u00f6ohutus<\/li>\n<li>T\u00f6\u00f6riistade, tarvikute ja seadmete puhastamine<\/li>\n<li>Protseduuri eelsed ettevalmistused ja vastun\u00e4idustused<\/li>\n<li>Emulsioonide m\u00f5juajad ja tooteomadused<\/li>\n<li>Lash lifti teenuse protsess ja samm-sammult protseduuri l\u00e4bimine veebis<\/li>\n<li>Niisutajate kasutamine lash lifti protseduuri ajal<\/li>\n<li>Ripsmete keemiline v\u00e4rvimine<\/li>\n<li>Ripsmekarvade niisutmine p\u00e4rast protseduuri ja selle vajalikkus<\/li>\n<li>Kulmude lamineerimise protseduur<\/li>\n<li>J\u00e4rel hooldus ja kliendi kodunehooldus<\/li>\n<li>Korduma kippuvad k\u00fcsimused \/ olulised m\u00e4rkused<\/li>\n<\/ul>\n<p>&nbsp;<\/p>\n<div class=\"elementor-element elementor-element-969c5da elementor-widget elementor-widget-neuron-woo-product-short-description\" data-id=\"969c5da\" data-element_type=\"widget\" data-widget_type=\"neuron-woo-product-short-description.default\">\n<div class=\"elementor-widget-container\">\n<div class=\"woocommerce-product-details__short-description\">\n<p>Veebikoolitust on v\u00f5imalik \u00f5pilasel l\u00e4bida igal ajal. Kui soetate Lash lifti koolituse koos kulmude lamineerimisega, siis peale ostu sooritamist saadetakse teile t\u00f6\u00f6p\u00e4eva jooksul e-mailile info ja veebilehe link, kuhu p\u00e4\u00e4sete spetsiaalselt \u00f5pilasele loodud kontoga. Seej\u00e4rel saate alustada veebikoolituse l\u00e4bimist. Rohkem infot koolituskeskkonna ja \u00f5ppemoodulite kohta leiab <strong><a href=\"https:\/\/pomello.ilukoolitused.ee\/courses\/lash-lift-koolitus\">siit<\/a><\/strong><\/p>\n<\/div>\n<\/div>\n<\/div>\n","protected":false},"featured_media":28062,"comment_status":"open","ping_status":"closed","template":"","meta":{"_monsterinsights_skip_tracking":false,"_monsterinsights_sitenote_active":false,"_monsterinsights_sitenote_note":"","_monsterinsights_sitenote_category":0},"product_brand":[],"product_cat":[228],"product_tag":[],"class_list":{"0":"post-15223","1":"product","2":"type-product","3":"status-publish","4":"has-post-thumbnail","6":"product_cat-koolitused","8":"first","9":"instock","10":"virtual","11":"taxable","12":"purchasable","13":"product-type-simple"},"_links":{"self":[{"href":"https:\/\/pomello.ee\/en\/wp-json\/wp\/v2\/product\/15223","targetHints":{"allow":["GET"]}}],"collection":[{"href":"https:\/\/pomello.ee\/en\/wp-json\/wp\/v2\/product"}],"about":[{"href":"https:\/\/pomello.ee\/en\/wp-json\/wp\/v2\/types\/product"}],"replies":[{"embeddable":true,"href":"https:\/\/pomello.ee\/en\/wp-json\/wp\/v2\/comments?post=15223"}],"wp:featuredmedia":[{"embeddable":true,"href":"https:\/\/pomello.ee\/en\/wp-json\/wp\/v2\/media\/28062"}],"wp:attachment":[{"href":"https:\/\/pomello.ee\/en\/wp-json\/wp\/v2\/media?parent=15223"}],"wp:term":[{"taxonomy":"product_brand","embeddable":true,"href":"https:\/\/pomello.ee\/en\/wp-json\/wp\/v2\/product_brand?post=15223"},{"taxonomy":"product_cat","embeddable":true,"href":"https:\/\/pomello.ee\/en\/wp-json\/wp\/v2\/product_cat?post=15223"},{"taxonomy":"product_tag","embeddable":true,"href":"https:\/\/pomello.ee\/en\/wp-json\/wp\/v2\/product_tag?post=15223"}],"curies":[{"name":"wp","href":"https:\/\/api.w.org\/{rel}","templated":true}]}}