{"id":26605,"date":"2024-06-13T15:16:31","date_gmt":"2024-06-13T12:16:31","guid":{"rendered":"https:\/\/pomello.ee\/?post_type=product&#038;p=26605"},"modified":"2026-04-06T13:47:08","modified_gmt":"2026-04-06T11:47:08","slug":"oko-color-remover-varvieemaldaja","status":"publish","type":"product","link":"https:\/\/pomello.ee\/en\/toode\/oko-color-remover-varvieemaldaja\/","title":{"rendered":"OKO Color Remover v\u00e4rvieemaldaja"},"content":{"rendered":"<p><strong>OKO Color Remover v\u00e4rvieemaldaja kasutamine:<\/strong><\/p>\n<p>Kandke v\u00e4ike kogus toodet vatitikule ja t\u00f6\u00f6delge vajalikku piirkonda ettevaatlike pehmete liigutustega. Peske j\u00e4\u00e4gid maha m\u00e4rja vatipadjaga.<\/p>\n","protected":false},"excerpt":{"rendered":"<p><strong>OKO Color Remover v\u00e4rvieemaldaja keemilise v\u00e4rvi ja Henna jaoks<\/strong><\/p>\n<p>&nbsp;<\/p>\n<p>OKO Color Remover on professionaalne kulmutoode, mis on spetsiaalselt loodud <strong>v\u00e4rvi ja henna<\/strong> \u00f5rnaks eemaldamiseks nahalt. See toode v\u00f5imaldab v\u00e4hendada v\u00e4rvi intensiivsust nahal p\u00e4rast v\u00e4rvimist ning sobib suurep\u00e4raselt ka <strong>ombre<\/strong> efekti loomiseks.<\/p>\n<p>&nbsp;<\/p>\n<p>T\u00e4nu \u00f6konoomsele otsikule saate toodet t\u00e4pselt ja v\u00e4ikestes annustes kasutada. Pakend on kujundatud nii, et korki pole v\u00f5imalik kaotada \u2013 keerake vaid korki ja toode on kasutamiseks valmis.<\/p>\n<p>&nbsp;<\/p>\n<p><strong>Eelised:<\/strong><\/p>\n<ul>\n<li>Eemaldab nahalt \u00f5rnalt v\u00e4rvi- ja hennaj\u00e4\u00e4gid<\/li>\n<li>V\u00f5imaldab eemaldada v\u00e4rsket v\u00e4rvainet v\u00f5i hennat<\/li>\n<li>Ideaalne sujuva ombre efekti loomiseks<\/li>\n<li>Sobib k\u00f5ikidele nahat\u00fc\u00fcpidele<\/li>\n<li>Ei kuivata nahka<\/li>\n<\/ul>\n","protected":false},"featured_media":26609,"comment_status":"open","ping_status":"closed","template":"","meta":{"_monsterinsights_skip_tracking":false,"_monsterinsights_sitenote_active":false,"_monsterinsights_sitenote_note":"","_monsterinsights_sitenote_category":0},"product_brand":[],"product_cat":[206,896],"product_tag":[],"class_list":{"0":"post-26605","1":"product","2":"type-product","3":"status-publish","4":"has-post-thumbnail","6":"product_cat-kulmud","7":"product_cat-varvieemaldajad","8":"pa_brand-oko","9":"pa_suurus-100-ml","11":"first","12":"instock","13":"taxable","14":"shipping-taxable","15":"purchasable","16":"product-type-simple"},"_links":{"self":[{"href":"https:\/\/pomello.ee\/en\/wp-json\/wp\/v2\/product\/26605","targetHints":{"allow":["GET"]}}],"collection":[{"href":"https:\/\/pomello.ee\/en\/wp-json\/wp\/v2\/product"}],"about":[{"href":"https:\/\/pomello.ee\/en\/wp-json\/wp\/v2\/types\/product"}],"replies":[{"embeddable":true,"href":"https:\/\/pomello.ee\/en\/wp-json\/wp\/v2\/comments?post=26605"}],"wp:featuredmedia":[{"embeddable":true,"href":"https:\/\/pomello.ee\/en\/wp-json\/wp\/v2\/media\/26609"}],"wp:attachment":[{"href":"https:\/\/pomello.ee\/en\/wp-json\/wp\/v2\/media?parent=26605"}],"wp:term":[{"taxonomy":"product_brand","embeddable":true,"href":"https:\/\/pomello.ee\/en\/wp-json\/wp\/v2\/product_brand?post=26605"},{"taxonomy":"product_cat","embeddable":true,"href":"https:\/\/pomello.ee\/en\/wp-json\/wp\/v2\/product_cat?post=26605"},{"taxonomy":"product_tag","embeddable":true,"href":"https:\/\/pomello.ee\/en\/wp-json\/wp\/v2\/product_tag?post=26605"}],"curies":[{"name":"wp","href":"https:\/\/api.w.org\/{rel}","templated":true}]}}