{"id":26655,"date":"2024-06-17T19:49:57","date_gmt":"2024-06-17T16:49:57","guid":{"rendered":"https:\/\/pomello.ee\/?post_type=product&#038;p=26655"},"modified":"2026-04-03T17:50:51","modified_gmt":"2026-04-03T15:50:51","slug":"elan-btx-brow-mask-taastav-kulmumask","status":"publish","type":"product","link":"https:\/\/pomello.ee\/en\/toode\/elan-btx-brow-mask-taastav-kulmumask\/","title":{"rendered":"ELAN BTX-BROW MASK Taastav kulmumask"},"content":{"rendered":"<p><strong>KUIDAS KASUTADA ELAN BTX-BROW MASKI<\/strong><\/p>\n<p>See mask on m\u00f5eldud kasutamiseks p\u00e4rast toonimis-, lamineerimis- ja pleegitamisprotseduure.<\/p>\n<p>Kanna \u00f5huke kiht maski kulmudele ja lase m\u00f5juda 10 minutit. Eemaldage k\u00f5ik j\u00e4\u00e4gid veega niisutatud vatipadjaga.<\/p>\n","protected":false},"excerpt":{"rendered":"<p><strong>ELAN BTX-BROW MASK on taastav kulmumask!<\/strong><\/p>\n<p>&nbsp;<\/p>\n<p>See on <strong>intensiivne<\/strong> taastav <strong>kulmumask<\/strong>, mis on m\u00f5eldud kasutamiseks p\u00e4rast professionaalseid kulmuhooldusi nagu <strong>toonimine, lamineerimine ja pleegitamine<\/strong>. Keemilised protseduurid v\u00f5ivad kulmukarvu kuivatada ja n\u00f5rgestada, kuid see mask toidab folliikuleid ja annab neile tagasi eluj\u00f5u.<\/p>\n<p>&nbsp;<\/p>\n<p><strong>Miks valida BTX-Brow Mask?<\/strong><\/p>\n<p>&nbsp;<\/p>\n<p>&#8211; Tugevdab ja taastab: Maski koostises olev PRODEW 500, mis on spetsiaalne aminohapetel p\u00f5hinev kompleks, tugevdab kulmukarvu ja taastab nende valgustruktuuri.<br \/>\n&#8211; Elastne ja paindlik: Patenteeritud FiberHance komponent annab kulmudele elastsuse ja seab karvad paika.<br \/>\n&#8211; Kaitse ja niisutus: Keramiidid kaitsevad kulmukarvu keemiliste protseduuride ajal, ennetades niiskuse kadu ja hoides karvad ning naha h\u00fcdreeritud.<\/p>\n<p>&nbsp;<\/p>\n<p>Elan BTX-Brow Mask aitab teil saavutada tervemad ja tugevamad kulmud peale keemilist protseduuri.<\/p>\n","protected":false},"featured_media":26656,"comment_status":"open","ping_status":"closed","template":"","meta":{"_monsterinsights_skip_tracking":false,"_monsterinsights_sitenote_active":false,"_monsterinsights_sitenote_note":"","_monsterinsights_sitenote_category":0},"product_brand":[],"product_cat":[886,888,206,207],"product_tag":[],"class_list":{"0":"post-26655","1":"product","2":"type-product","3":"status-publish","4":"has-post-thumbnail","6":"product_cat-eel-ja-jarelhooldus","7":"product_cat-jarelhooldus-2","8":"product_cat-kulmud","9":"product_cat-kulmude-lamineerimine","10":"pa_brand-elan","11":"pa_suurus-10-ml","13":"first","14":"instock","15":"taxable","16":"shipping-taxable","17":"purchasable","18":"product-type-simple"},"_links":{"self":[{"href":"https:\/\/pomello.ee\/en\/wp-json\/wp\/v2\/product\/26655","targetHints":{"allow":["GET"]}}],"collection":[{"href":"https:\/\/pomello.ee\/en\/wp-json\/wp\/v2\/product"}],"about":[{"href":"https:\/\/pomello.ee\/en\/wp-json\/wp\/v2\/types\/product"}],"replies":[{"embeddable":true,"href":"https:\/\/pomello.ee\/en\/wp-json\/wp\/v2\/comments?post=26655"}],"wp:featuredmedia":[{"embeddable":true,"href":"https:\/\/pomello.ee\/en\/wp-json\/wp\/v2\/media\/26656"}],"wp:attachment":[{"href":"https:\/\/pomello.ee\/en\/wp-json\/wp\/v2\/media?parent=26655"}],"wp:term":[{"taxonomy":"product_brand","embeddable":true,"href":"https:\/\/pomello.ee\/en\/wp-json\/wp\/v2\/product_brand?post=26655"},{"taxonomy":"product_cat","embeddable":true,"href":"https:\/\/pomello.ee\/en\/wp-json\/wp\/v2\/product_cat?post=26655"},{"taxonomy":"product_tag","embeddable":true,"href":"https:\/\/pomello.ee\/en\/wp-json\/wp\/v2\/product_tag?post=26655"}],"curies":[{"name":"wp","href":"https:\/\/api.w.org\/{rel}","templated":true}]}}