{"id":30097,"date":"2024-12-07T11:49:41","date_gmt":"2024-12-07T09:49:41","guid":{"rendered":"https:\/\/pomello.ee\/?post_type=product&#038;p=30097"},"modified":"2025-11-28T15:46:55","modified_gmt":"2025-11-28T13:46:55","slug":"kvartskuulikestega-sterilisaator-pro-100w","status":"publish","type":"product","link":"https:\/\/pomello.ee\/en\/toode\/kvartskuulikestega-sterilisaator-pro-100w\/","title":{"rendered":"Kvartskuulikestega sterilisaator Pro 100w"},"content":{"rendered":"","protected":false},"excerpt":{"rendered":"<p><strong>Kvartskuulikestega sterilisaator Pro 100W<\/strong> on t\u00f5hus elektrooniline seade metallist t\u00f6\u00f6riistade kiireks steriliseerimiseks k\u00f5rge temperatuuri abil. Sterilisaatori sees olevad kuulikestest pallid hoiavad t\u00f6\u00f6riistad kindlalt paigal, tagades \u00fchtlase steriliseerimise. Sobib ideaalselt salongide ja iluteeninduse igap\u00e4evaseks kasutamiseks.<\/p>\n<p><strong>Komplekt sisaldab:<\/strong><\/p>\n<ul>\n<li>Seade<\/li>\n<li>Kvartskuulikesed<\/li>\n<li>Kasutusjuhend<\/li>\n<li>Garantii<\/li>\n<\/ul>\n<p><strong>Tehnilised andmed:<\/strong><\/p>\n<ul>\n<li>Pinge: 220-240 V \/ 50-60 Hz<\/li>\n<li>V\u00f5imsus: 100 W<\/li>\n<\/ul>\n","protected":false},"featured_media":30104,"comment_status":"open","ping_status":"closed","template":"","meta":{"_monsterinsights_skip_tracking":false,"_monsterinsights_sitenote_active":false,"_monsterinsights_sitenote_note":"","_monsterinsights_sitenote_category":0},"product_brand":[],"product_cat":[221,220,222,225],"product_tag":[],"class_list":{"0":"post-30097","1":"product","2":"type-product","3":"status-publish","4":"has-post-thumbnail","6":"product_cat-hugieen-ripsmed","7":"product_cat-hugieen","8":"product_cat-desinfektsioon","9":"product_cat-seadmed","11":"first","12":"outofstock","13":"taxable","14":"shipping-taxable","15":"purchasable","16":"product-type-simple"},"_links":{"self":[{"href":"https:\/\/pomello.ee\/en\/wp-json\/wp\/v2\/product\/30097","targetHints":{"allow":["GET"]}}],"collection":[{"href":"https:\/\/pomello.ee\/en\/wp-json\/wp\/v2\/product"}],"about":[{"href":"https:\/\/pomello.ee\/en\/wp-json\/wp\/v2\/types\/product"}],"replies":[{"embeddable":true,"href":"https:\/\/pomello.ee\/en\/wp-json\/wp\/v2\/comments?post=30097"}],"wp:featuredmedia":[{"embeddable":true,"href":"https:\/\/pomello.ee\/en\/wp-json\/wp\/v2\/media\/30104"}],"wp:attachment":[{"href":"https:\/\/pomello.ee\/en\/wp-json\/wp\/v2\/media?parent=30097"}],"wp:term":[{"taxonomy":"product_brand","embeddable":true,"href":"https:\/\/pomello.ee\/en\/wp-json\/wp\/v2\/product_brand?post=30097"},{"taxonomy":"product_cat","embeddable":true,"href":"https:\/\/pomello.ee\/en\/wp-json\/wp\/v2\/product_cat?post=30097"},{"taxonomy":"product_tag","embeddable":true,"href":"https:\/\/pomello.ee\/en\/wp-json\/wp\/v2\/product_tag?post=30097"}],"curies":[{"name":"wp","href":"https:\/\/api.w.org\/{rel}","templated":true}]}}