{"id":38472,"date":"2025-12-07T16:04:04","date_gmt":"2025-12-07T14:04:04","guid":{"rendered":"https:\/\/pomello.ee\/?post_type=product&#038;p=38472"},"modified":"2025-12-13T09:12:02","modified_gmt":"2025-12-13T07:12:02","slug":"kosmeetiku-tootool-6001-g-gold","status":"publish","type":"product","link":"https:\/\/pomello.ee\/en\/toode\/kosmeetiku-tootool-6001-g-gold\/","title":{"rendered":"Kosmeetiku t\u00f6\u00f6tool 6001-G GOLD"},"content":{"rendered":"<p><img decoding=\"async\" src=\"https:\/\/activeshop.com.pl\/media\/wysiwyg\/product\/140907\/EN_140907_2.jpg\" alt=\"\"><\/p>\n<h3 data-start=\"70\" data-end=\"94\"><strong data-start=\"70\" data-end=\"94\">Mugav kosmeetikatool<\/strong><\/h3>\n<p data-start=\"96\" data-end=\"397\" data-is-last-node=\"\" data-is-only-node=\"\">Funktsionaalne kosmeetikutool 6001-G ergonoomilise istme ja mugava seljatoega sobib suurep\u00e4raselt professionaalsetesse salongidesse. \u00d5ige kujuga iste toetab head t\u00f6\u00f6asendit ja v\u00f5imaldab pakkuda teenuseid mugavalt ka mitmetunnise t\u00f6\u00f6 korral. Stiilne ja praktiline tool tagab mugavuse igale ilutegijale.<\/p>\n<p><img decoding=\"async\" src=\"https:\/\/activeshop.com.pl\/media\/wysiwyg\/product\/140907\/EN_140907_3.jpg\" alt=\"\"><\/p>\n<h3 data-start=\"91\" data-end=\"115\"><strong data-start=\"91\" data-end=\"115\">K\u00f5rge kasutusmugavus<\/strong><\/h3>\n<p data-start=\"117\" data-end=\"502\">Istmek\u00f5rguse reguleerimine vahemikus 45\u201360 cm aitab spetsialistil leida \u00f5ige ja mugava t\u00f6\u00f6asendi. Sadula kujuga iste, mis on t\u00e4idetud vastupidava ja deformatsioonikindla vahuga, tagab suurep\u00e4rase mugavuse ja ergonoomilise t\u00f6\u00f6asendi ka pikema t\u00f6\u00f6 puhul. Mugav seljatugi toetab h\u00e4sti selga olenemata kasutaja pikkusest. 360\u00b0 p\u00f6\u00f6rlev mehhanism muudab liikumise sujuvaks ja t\u00f6\u00f6 t\u00f5husamaks.<\/p>\n<p><img decoding=\"async\" src=\"https:\/\/activeshop.com.pl\/media\/wysiwyg\/product\/140907\/EN_140907_4.jpg\" alt=\"\"><\/p>\n<h3 data-start=\"65\" data-end=\"95\"><strong data-start=\"65\" data-end=\"95\">Lihtsus ja funktsionaalsus<\/strong><\/h3>\n<p data-start=\"97\" data-end=\"405\">Kuldsetes toonides viieharuline alus on varustatud ratastega, mis tagavad suure liikuvuse ja v\u00f5imaldavad tooli salongis h\u00f5lpsalt \u00fcmber paigutada. Tabureti polster on valmistatud meeldiva puudutusega kunstnahast valgetes toonides. T\u00e4nu sellele materjalile on tool vastupidav, niiskuskindel ja lihtne hooldada.<\/p>\n","protected":false},"excerpt":{"rendered":"<h1 data-start=\"115\" data-end=\"166\"><strong data-start=\"117\" data-end=\"166\">Kosmeetiku t\u00f6\u00f6tool \u2013 must, valge v\u00f5i roosa<\/strong><\/h1>\n<p data-start=\"168\" data-end=\"457\">Kosmeetikutool 6001-G on mugav ja funktsionaalne valik igasse ilusalongi. Ergonomilise sadulakujulise istme ja toetava seljatoega tagab tool \u00f5ige t\u00f6\u00f6asendi ning v\u00e4hendab koormust pika t\u00f6\u00f6p\u00e4eva jooksul. Vastupidav vahut\u00e4idis hoiab kuju ja pakub mugavust ka mitmetunniste protseduuride ajal.<\/p>\n<p data-start=\"459\" data-end=\"737\">Istme k\u00f5rgust saab reguleerida 45\u201360 cm, mis v\u00f5imaldab tooli kohandada vastavalt meistri ja t\u00f6\u00f6 iseloomule. 360\u00b0 p\u00f6\u00f6rlev mehhanism tagab sujuva liikumise ja t\u00f6\u00f6 mugavuse. Viieharuline alus ratastega muudab tooli kergesti liigutatavaks ning sobib kasutamiseks igas salongiruumis.<\/p>\n<p data-start=\"739\" data-end=\"880\">Kunstnahast polster on vastupidav, niiskuskindel ja lihtsasti puhastatav, muutes tooli ideaalseks igap\u00e4evasesse professionaalsesse kasutusse.<\/p>\n<p data-start=\"74\" data-end=\"89\"><strong data-start=\"74\" data-end=\"87\">Lisainfo:<\/strong><\/p>\n<ul data-start=\"90\" data-end=\"182\">\n<li data-start=\"90\" data-end=\"115\">\n<p data-start=\"92\" data-end=\"115\">T\u00f5ste: gaasimehhanism<\/p>\n<\/li>\n<li data-start=\"150\" data-end=\"182\">\n<p data-start=\"152\" data-end=\"182\">Aluse v\u00e4rvus: kuldsed toonid<\/p>\n<\/li>\n<\/ul>\n<p data-start=\"882\" data-end=\"933\"><strong data-start=\"882\" data-end=\"909\">Saadaval kolmes toonis:<\/strong> must, valge ja roosa<\/p>\n","protected":false},"featured_media":38480,"comment_status":"open","ping_status":"closed","template":"","meta":{"_monsterinsights_skip_tracking":false,"_monsterinsights_sitenote_active":false,"_monsterinsights_sitenote_note":"","_monsterinsights_sitenote_category":0},"product_brand":[],"product_cat":[1570],"product_tag":[],"class_list":{"0":"post-38472","1":"product","2":"type-product","3":"status-publish","4":"has-post-thumbnail","6":"product_cat-salongisisustus-ja-moobel","7":"pa_brand-active","8":"pa_varv-must","9":"pa_varv-roosa","10":"pa_varv-valge","12":"first","13":"instock","14":"taxable","15":"shipping-taxable","16":"purchasable","17":"product-type-variable"},"_links":{"self":[{"href":"https:\/\/pomello.ee\/en\/wp-json\/wp\/v2\/product\/38472","targetHints":{"allow":["GET"]}}],"collection":[{"href":"https:\/\/pomello.ee\/en\/wp-json\/wp\/v2\/product"}],"about":[{"href":"https:\/\/pomello.ee\/en\/wp-json\/wp\/v2\/types\/product"}],"replies":[{"embeddable":true,"href":"https:\/\/pomello.ee\/en\/wp-json\/wp\/v2\/comments?post=38472"}],"wp:featuredmedia":[{"embeddable":true,"href":"https:\/\/pomello.ee\/en\/wp-json\/wp\/v2\/media\/38480"}],"wp:attachment":[{"href":"https:\/\/pomello.ee\/en\/wp-json\/wp\/v2\/media?parent=38472"}],"wp:term":[{"taxonomy":"product_brand","embeddable":true,"href":"https:\/\/pomello.ee\/en\/wp-json\/wp\/v2\/product_brand?post=38472"},{"taxonomy":"product_cat","embeddable":true,"href":"https:\/\/pomello.ee\/en\/wp-json\/wp\/v2\/product_cat?post=38472"},{"taxonomy":"product_tag","embeddable":true,"href":"https:\/\/pomello.ee\/en\/wp-json\/wp\/v2\/product_tag?post=38472"}],"curies":[{"name":"wp","href":"https:\/\/api.w.org\/{rel}","templated":true}]}}