{"id":38705,"date":"2025-12-11T10:36:39","date_gmt":"2025-12-11T08:36:39","guid":{"rendered":"https:\/\/pomello.ee\/?post_type=product&#038;p=38705"},"modified":"2026-02-19T12:44:07","modified_gmt":"2026-02-19T10:44:07","slug":"kosmeetiku-kliendivoodi-azzurro-lux-3-m-soojendusega","status":"publish","type":"product","link":"https:\/\/pomello.ee\/en\/toode\/kosmeetiku-kliendivoodi-azzurro-lux-3-m-soojendusega\/","title":{"rendered":"Kosmeetiku kliendivoodi Azzurro Lux 3 m soojendusega"},"content":{"rendered":"<h3 data-start=\"64\" data-end=\"99\"><strong data-start=\"64\" data-end=\"99\">Mugavus ja funktsionaalsus \u00fches<\/strong><\/h3>\n<p data-start=\"101\" data-end=\"660\">K\u00fcttej\u00e4rguga Azzurro Lux elektriline kosmeetikatool on kaasaegne lahendus, mis on loodud n\u00f5udlike spetsialistide vajadusi silmas pidades. Kolme juhtmega s\u00fcsteemi kaudu juhitavat aktuatorit kasutades saab tooli erinevaid osi t\u00e4pselt ja sujuvalt reguleerida. Tool paistab silma k\u00f5rge stabiilsuse ja mitmek\u00fclgsusega, mis muudab selle ideaalseks valikuks ilu-, jalaravi- ja esteetilise meditsiini kliinikutesse. Intuitiivne juhtimine ja lai reguleerimisvahemik v\u00f5imaldavad tooli mugavalt kohandada nii kliendi kui ka protseduuri teostava spetsialisti vajadustele.<\/p>\n<p><img decoding=\"async\" src=\"https:\/\/activeshop.com.pl\/media\/wysiwyg\/product\/154877\/EN_154877_02.jpg\" alt=\"\"><\/p>\n<h3 data-start=\"67\" data-end=\"99\"><strong data-start=\"67\" data-end=\"99\">Lihtne reguleerimine puldiga<\/strong><\/h3>\n<p data-start=\"101\" data-end=\"444\">Juhtmega pult v\u00f5imaldab tooli t\u00e4pselt reguleerida kolmes suunas: k\u00f5rgus, seljatoe kaldenurk ja jalatoe asend. Lai reguleerimisv\u00f5imalus aitab kohandada tooli iga protseduuri j\u00e4rgi \u2013 tagades nii kliendi mugavuse kui ka spetsialisti ergonoomilise t\u00f6\u00f6asendi. Kasutusmugavuse huvides saab puldi riputada hoidikutesse, mis asuvad m\u00f5lemal pool istet.<\/p>\n<p><img decoding=\"async\" src=\"https:\/\/activeshop.com.pl\/media\/wysiwyg\/product\/154877\/EN_154877_03.jpg\" alt=\"\"><\/p>\n<h3 data-start=\"64\" data-end=\"80\"><strong data-start=\"64\" data-end=\"80\">K\u00fcttes\u00fcsteem<\/strong><\/h3>\n<p data-start=\"82\" data-end=\"326\">Toolil on seljatoe ja istme k\u00fcttev\u00f5imalus, mis aitab l\u00f5dvestada lihaseid ja pakub protseduuride ajal meeldivat soojustunnet. Soojus aitab laiendada veresooni, parandades verevarustust t\u00f6\u00f6deldaval alal ning t\u00f5stes paljude hoolduste efektiivsust.<\/p>\n<h3 data-start=\"333\" data-end=\"379\"><strong data-start=\"333\" data-end=\"379\">Funktsioonid, mis lihtsustavad protseduure<\/strong><\/h3>\n<p data-start=\"381\" data-end=\"840\">Istme k\u00f5rgust saab reguleerida vahemikus 60\u201390 cm, mis v\u00f5imaldab leida mugava t\u00f6\u00f6asendi nii kliendile kui ka spetsialistile. T\u00e4ielikult lamavasse asendisse reguleerituna ulatub tooli pikkus 2 meetrini, pakkudes kehale optimaalset toetust ka protseduuride ajal, mis n\u00f5uavad pikemat lamamist. T\u00e4nu nendele omadustele sobib tool nii mitmesugusteks kosmeetilisteks kui ka spetsialiseeritud protseduurideks, tagades ergonoomilise t\u00f6\u00f6 ja k\u00f5rgetasemelise teeninduse.<\/p>\n<p><img decoding=\"async\" src=\"https:\/\/activeshop.com.pl\/media\/wysiwyg\/product\/154877\/EN_154877_04.jpg\" alt=\"\"><\/p>\n<h3 data-start=\"68\" data-end=\"105\"><strong data-start=\"68\" data-end=\"105\">Mugav iste ja praktilised k\u00e4etoed<\/strong><\/h3>\n<p data-start=\"107\" data-end=\"418\">Lai iste tagab mugavuse ka pikemate protseduuride ajal. Kergesti eemaldatavad ja 180\u00b0 p\u00f6\u00f6ratavad k\u00e4etoed teevad kliendi tooli istumise lihtsaks ning annavad spetsialistile parema ligip\u00e4\u00e4su t\u00f6\u00f6alale. Toolil on ka reguleeritav peatugi, mis tagab stabiilse pea toe ja lisamugavuse, eriti k\u00f5rgemate klientide puhul.<\/p>\n<p><img decoding=\"async\" src=\"https:\/\/activeshop.com.pl\/media\/wysiwyg\/product\/154877\/EN_154877_05.jpg\" alt=\"\"><\/p>\n<h3 data-start=\"64\" data-end=\"99\"><strong data-start=\"64\" data-end=\"99\">Mugavus n\u00e4o- ja kehahooldusteks<\/strong><\/h3>\n<p data-start=\"101\" data-end=\"554\">See tool sobib suurep\u00e4raselt nii kosmeetika- ja hooldusprotseduurideks kui ka f\u00fcsioteraapia ja t\u00e4toveerimissalongide jaoks. V\u00f5imalus reguleerida tool t\u00e4ielikult lamavasse asendisse laiendab oluliselt selle kasutusv\u00f5imalusi. T\u00e4iendav eelis on peatugis peidus olev n\u00e4oava, mis pakub lisamugavust lamavas asendis \u2013 eriti seljaprotseduuride ajal. L\u00e4bim\u00f5eldud disainilahendused tagavad nii kliendile kui ka spetsialistile mugavuse ja ergonoomilise t\u00f6\u00f6asendi.<\/p>\n<p><img decoding=\"async\" src=\"https:\/\/activeshop.com.pl\/media\/wysiwyg\/product\/154877\/EN_154877_06.jpg\" alt=\"\"><\/p>\n<h3 data-start=\"64\" data-end=\"89\"><strong data-start=\"64\" data-end=\"89\">Stiil ja vastupidavus<\/strong><\/h3>\n<p data-start=\"91\" data-end=\"561\">Tooli tugev konstruktsioon tagab stabiilsuse ja pika kasutusea igap\u00e4evases t\u00f6\u00f6s. \u00d5ige tihedusega vahuga t\u00e4idetud iste pakub mugavust ka pikkade protseduuride ajal. K\u00f5rgekvaliteediline, meeldiva tekstuuriga kunstnahk valgetes toonides annab toolile professionaalse v\u00e4limuse ning on samal ajal niiskuskindel ja kergesti hooldatav. Tugev alus tagab kindla stabiilsuse, samas kui kvaliteetsed viimistlused r\u00f5hutavad tooli modernset iseloomu ja parandavad istme ergonoomikat.<\/p>\n<p><iframe loading=\"lazy\" title=\"Azzurro Lux 3m electric cosmetic chair with heating\" width=\"500\" height=\"281\" src=\"https:\/\/www.youtube.com\/embed\/Rnk4ANlome0?feature=oembed&#038;enablejsapi=1&#038;origin=https:\/\/pomello.ee\" frameborder=\"0\" allow=\"accelerometer; autoplay; clipboard-write; encrypted-media; gyroscope; picture-in-picture; web-share\" referrerpolicy=\"strict-origin-when-cross-origin\" allowfullscreen><\/iframe><\/p>\n<p>&nbsp;<\/p>\n","protected":false},"excerpt":{"rendered":"<h3 data-start=\"115\" data-end=\"219\"><strong data-start=\"117\" data-end=\"219\">Kosmeetiku kliendivoodi Azzurro Lux 3 mootorit soojendusega \u2013 Maksimaalne mugavus ja t\u00e4psus igas t\u00f6\u00f6etapis<\/strong><\/h3>\n<p data-start=\"221\" data-end=\"738\">Azzurro Lux elektriline kosmeetikatool soojendusega on loodud spetsialistidele, kes hindavad k\u00f5rget mugavust, funktsionaalsust ja modernset disaini. Kolm juhtmega s\u00fcsteemi kaudu juhitavat aktuatorit v\u00f5imaldavad reguleerida tooli k\u00f5rgust, seljatuge ja jalatuge t\u00e4pselt ning sujuvalt, tagades t\u00e4iusliku asendi iga protseduuri jaoks. Tooli stabiilne konstruktsioon ja lai reguleerimisv\u00f5imaluste valik teevad sellest ideaalse lahenduse ilu-, jalaravi-, esteetilise meditsiini-, f\u00fcsioteraapia- ja t\u00e4toveerimissalongidesse.<\/p>\n<p data-start=\"740\" data-end=\"925\"><strong data-start=\"740\" data-end=\"756\">K\u00fcttes\u00fcsteem<\/strong> seljatoes ja istmes pakub klientidele m\u00f5nusat soojustunnet, l\u00f5\u00f5gastab lihaseid ja toetab paremat verevarustust \u2013 aidates t\u00f5sta protseduuride efektiivsust ja mugavust.<\/p>\n<p data-start=\"927\" data-end=\"1068\">Juhtmega pult v\u00f5imaldab tooli lihtsat ja kiiret seadistamist kolmes suunas. Pulti saab mugavalt hoida m\u00f5lemal pool istet asuvates hoidikutes.<\/p>\n<p data-start=\"1070\" data-end=\"1408\">Kaheosaline jalatugi v\u00f5imaldab m\u00f5lemat jalga reguleerida eraldi, mis on eriti oluline jalaravi puhul. Lai iste ning kergesti eemaldatavad ja 180\u00b0 p\u00f6\u00f6ratavad k\u00e4etoed pakuvad mugavust nii kliendile kui spetsialistile, muutes t\u00f6\u00f6asendid ligip\u00e4\u00e4setavaks ja ergonoomiliseks. Reguleeritav peatugi tagab kindla peatoe ka k\u00f5rgematele klientidele.<\/p>\n<p data-start=\"1410\" data-end=\"1647\">Tooli saab asetada t\u00e4ielikult lamavasse asendisse, mis laiendab kasutusv\u00f5imalusi n\u00e4o- ja kehahooldustest kuni f\u00fcsioteraapia ja t\u00e4toveerimiseni. Peatugisse peidetud n\u00e4oava pakub lisamugavust lamavates asendites, eriti seljahoolduste ajal.<\/p>\n<p data-start=\"1649\" data-end=\"1890\">K\u00f5rgekvaliteediline valgetes toonides kunstnahk on meeldiv puudutusele, niiskuskindel ja lihtsalt puhastatav. Tugev alus tagab stabiilsuse ka intensiivse t\u00f6\u00f6 puhul ning t\u00e4psed viimistlused r\u00f5hutavad tooli modernset ja professionaalset ilmet.<\/p>\n<p><strong data-start=\"79\" data-end=\"121\">Tooli t\u00e4psed m\u00f5\u00f5dud on esitatud fotol.<\/strong><br data-start=\"121\" data-end=\"124\" \/><strong data-start=\"124\" data-end=\"139\">Komplektis:<\/strong> tool, pult, toiteadapter, peatugi.<\/p>\n<div class=\"page\" title=\"Page 5\">\n<div class=\"layoutArea\">\n<div class=\"column\">\n<p>Mo\u0303o\u0303tmed: 2000 x 810 x 610-910 mm<br \/>\nMaksimaalne koormus: 140 kg (t\u00f5stev\u00f5ime)<br \/>\nReguleeritav ko\u0303rgusvahemik: 610-910 mm<br \/>\nSisendpinge: AC 100-130 V \/ 220-240 V, 50\/60 Hz Va\u0308ljundpinge: DC 24 V<\/p>\n<\/div>\n<\/div>\n<\/div>\n","protected":false},"featured_media":38710,"comment_status":"open","ping_status":"closed","template":"","meta":{"_monsterinsights_skip_tracking":false,"_monsterinsights_sitenote_active":false,"_monsterinsights_sitenote_note":"","_monsterinsights_sitenote_category":0},"product_brand":[],"product_cat":[1570],"product_tag":[1579],"class_list":{"0":"post-38705","1":"product","2":"type-product","3":"status-publish","4":"has-post-thumbnail","6":"product_cat-salongisisustus-ja-moobel","7":"product_tag-installation","8":"pa_brand-azzurro","10":"first","11":"instock","12":"taxable","13":"shipping-taxable","14":"purchasable","15":"product-type-simple"},"_links":{"self":[{"href":"https:\/\/pomello.ee\/en\/wp-json\/wp\/v2\/product\/38705","targetHints":{"allow":["GET"]}}],"collection":[{"href":"https:\/\/pomello.ee\/en\/wp-json\/wp\/v2\/product"}],"about":[{"href":"https:\/\/pomello.ee\/en\/wp-json\/wp\/v2\/types\/product"}],"replies":[{"embeddable":true,"href":"https:\/\/pomello.ee\/en\/wp-json\/wp\/v2\/comments?post=38705"}],"wp:featuredmedia":[{"embeddable":true,"href":"https:\/\/pomello.ee\/en\/wp-json\/wp\/v2\/media\/38710"}],"wp:attachment":[{"href":"https:\/\/pomello.ee\/en\/wp-json\/wp\/v2\/media?parent=38705"}],"wp:term":[{"taxonomy":"product_brand","embeddable":true,"href":"https:\/\/pomello.ee\/en\/wp-json\/wp\/v2\/product_brand?post=38705"},{"taxonomy":"product_cat","embeddable":true,"href":"https:\/\/pomello.ee\/en\/wp-json\/wp\/v2\/product_cat?post=38705"},{"taxonomy":"product_tag","embeddable":true,"href":"https:\/\/pomello.ee\/en\/wp-json\/wp\/v2\/product_tag?post=38705"}],"curies":[{"name":"wp","href":"https:\/\/api.w.org\/{rel}","templated":true}]}}