{"id":40195,"date":"2026-03-08T11:08:23","date_gmt":"2026-03-08T09:08:23","guid":{"rendered":"https:\/\/pomello.ee\/?post_type=product&#038;p=40195"},"modified":"2026-03-08T11:08:23","modified_gmt":"2026-03-08T09:08:23","slug":"maxymova-growth-booster-kasvuseerum","status":"publish","type":"product","link":"https:\/\/pomello.ee\/en\/toode\/maxymova-growth-booster-kasvuseerum\/","title":{"rendered":"MAXYMOVA Growth Booster kasvuseerum"},"content":{"rendered":"","protected":false},"excerpt":{"rendered":"<p data-start=\"0\" data-end=\"68\"><strong data-start=\"0\" data-end=\"66\">MAXYMOVA Growth Booster \u2013 ripsmete ja kulmude kasvuseerum (5% Capixyl\u2122)<\/strong><\/p>\n<p data-start=\"70\" data-end=\"310\">Kas soovid, et sinu ripsmed ja kulmud oleksid <strong data-start=\"116\" data-end=\"164\">tugevamad, l\u00e4ikivamad ja tihedama v\u00e4limusega<\/strong>? Growth Booster Advanced Lash &amp; Brow Gel Serum on igap\u00e4evane hooldusseerum, mis aitab hoida ripsmed ja kulmud terved, elastsed ja kaunilt vormis.<\/p>\n<p data-start=\"312\" data-end=\"538\">See kerge geel-seerum <strong data-start=\"334\" data-end=\"400\">niisutab, toidab ja aitab s\u00e4ilitada ripsmete ning kulmude kuju<\/strong>, eriti p\u00e4rast ripsmete v\u00f5i kulmude lamineerimist. Regulaarse kasutamisega n\u00e4evad karvad v\u00e4lja <strong data-start=\"495\" data-end=\"537\">tugevamad, pehmemad ja tervema l\u00e4ikega<\/strong>.<\/p>\n<h3 data-section-id=\"en9d8e\" data-start=\"540\" data-end=\"571\">Miks see seerum on eriline?<\/h3>\n<p data-start=\"572\" data-end=\"751\">Seerumi keskne toimeaine on <strong data-start=\"600\" data-end=\"615\">5% Capixyl\u2122<\/strong> \u2013 innovaatiline kompleks, mis aitab toetada karvade loomulikku kasvuts\u00fcklit ja parandada ripsmete ning kulmude tihedama v\u00e4limuse teket.<\/p>\n<p data-start=\"753\" data-end=\"776\">Lisaks sisaldab seerum:<\/p>\n<ul data-start=\"777\" data-end=\"1034\">\n<li data-section-id=\"1weqcw1\" data-start=\"777\" data-end=\"840\">\n<p data-start=\"779\" data-end=\"840\"><strong data-start=\"779\" data-end=\"809\">Biotiini ja niatsiinamiidi<\/strong>, mis aitavad karvu tugevdada<\/p>\n<\/li>\n<li data-section-id=\"tg0a77\" data-start=\"841\" data-end=\"886\">\n<p data-start=\"843\" data-end=\"886\"><strong data-start=\"843\" data-end=\"861\">H\u00fcaluroonhapet<\/strong>, mis niisutab s\u00fcgavuti<\/p>\n<\/li>\n<li data-section-id=\"10mbl4r\" data-start=\"887\" data-end=\"957\">\n<p data-start=\"889\" data-end=\"957\"><strong data-start=\"889\" data-end=\"914\">Valke ja aminohappeid<\/strong>, mis aitavad taastada karvade struktuuri<\/p>\n<\/li>\n<li data-section-id=\"1n6npf5\" data-start=\"958\" data-end=\"1034\">\n<p data-start=\"960\" data-end=\"1034\"><strong data-start=\"960\" data-end=\"982\">Taimseid ekstrakte<\/strong>, mis toetavad karvan\u00e4\u00e4psude tervislikku keskkonda<\/p>\n<\/li>\n<\/ul>\n<p data-start=\"1036\" data-end=\"1118\">Tulemuseks on <strong data-start=\"1050\" data-end=\"1117\">l\u00e4ikivamad, elastsemad ja tugevama v\u00e4limusega ripsmed ja kulmud<\/strong>.<\/p>\n<h3 data-section-id=\"n3g4rg\" data-start=\"1120\" data-end=\"1141\">Milleks kasutada?<\/h3>\n<p data-start=\"1142\" data-end=\"1163\">Growth Booster aitab:<\/p>\n<ul data-start=\"1164\" data-end=\"1375\">\n<li data-section-id=\"1x55dix\" data-start=\"1164\" data-end=\"1227\">\n<p data-start=\"1166\" data-end=\"1227\">parandada ripsmete ja kulmude <strong data-start=\"1196\" data-end=\"1227\">l\u00e4iget ja tervemat v\u00e4limust<\/strong><\/p>\n<\/li>\n<li data-section-id=\"akdur3\" data-start=\"1228\" data-end=\"1265\">\n<p data-start=\"1230\" data-end=\"1265\">hoida karvad <strong data-start=\"1243\" data-end=\"1265\">pehmed ja elastsed<\/strong><\/p>\n<\/li>\n<li data-section-id=\"1ispxls\" data-start=\"1266\" data-end=\"1319\">\n<p data-start=\"1268\" data-end=\"1319\">s\u00e4ilitada <strong data-start=\"1278\" data-end=\"1298\">kumerust ja kuju<\/strong> p\u00e4rast lamineerimist<\/p>\n<\/li>\n<li data-section-id=\"ns42yy\" data-start=\"1320\" data-end=\"1375\">\n<p data-start=\"1322\" data-end=\"1375\">toetada <strong data-start=\"1330\" data-end=\"1375\">tihedamate ja tugevamate karvade v\u00e4limust<\/strong><\/p>\n<\/li>\n<\/ul>\n<h3 data-section-id=\"13fkqq0\" data-start=\"1377\" data-end=\"1396\">Lihtne kasutada<\/h3>\n<p data-start=\"1397\" data-end=\"1485\">Kanna seerumit <strong data-start=\"1412\" data-end=\"1449\">puhastele ripsmetele ja kulmudele<\/strong>, juurest kuni tipuni.<br data-start=\"1471\" data-end=\"1474\" \/>\u00c4ra loputa.<\/p>\n<p data-start=\"1487\" data-end=\"1571\">Parima tulemuse saavutamiseks kasuta <strong data-start=\"1524\" data-end=\"1544\">1\u20132 korda p\u00e4evas<\/strong> \u2013 hommikul ja\/v\u00f5i \u00f5htul.<\/p>\n<h3 data-section-id=\"7ri3q4\" data-start=\"1573\" data-end=\"1605\">Mugav ja t\u00e4pne pealekandmine<\/h3>\n<p data-start=\"1606\" data-end=\"1742\">Seerum on <strong data-start=\"1616\" data-end=\"1631\">8 ml tuubis<\/strong> ning sellel on pehme harjaga aplikaator, mis aitab toodet ripsmetele ja kulmudele lihtsalt ja \u00fchtlaselt kanda.<\/p>\n<p data-start=\"1744\" data-end=\"1884\">\u2714 kerge ja kiiresti imenduv geel<br data-start=\"1776\" data-end=\"1779\" \/>\u2714 ei j\u00e4ta karvu raskeks ega kleepuvaks<br data-start=\"1817\" data-end=\"1820\" \/>\u2714 sobib igap\u00e4evaseks kasutamiseks<br data-start=\"1853\" data-end=\"1856\" \/>\u2714 <strong data-start=\"1858\" data-end=\"1884\">vegan-s\u00f5bralik koostis<\/strong><\/p>\n","protected":false},"featured_media":40196,"comment_status":"open","ping_status":"closed","template":"","meta":{"_monsterinsights_skip_tracking":false,"_monsterinsights_sitenote_active":false,"_monsterinsights_sitenote_note":"","_monsterinsights_sitenote_category":0},"product_brand":[],"product_cat":[206,448,199],"product_tag":[],"class_list":{"0":"post-40195","1":"product","2":"type-product","3":"status-publish","4":"has-post-thumbnail","6":"product_cat-kulmud","7":"product_cat-ripsme-ja-kulmuseerumid","8":"product_cat-ripsmed","9":"pa_brand-maxymova","10":"pa_suurus-8-ml","12":"first","13":"instock","14":"taxable","15":"shipping-taxable","16":"purchasable","17":"product-type-simple"},"_links":{"self":[{"href":"https:\/\/pomello.ee\/en\/wp-json\/wp\/v2\/product\/40195","targetHints":{"allow":["GET"]}}],"collection":[{"href":"https:\/\/pomello.ee\/en\/wp-json\/wp\/v2\/product"}],"about":[{"href":"https:\/\/pomello.ee\/en\/wp-json\/wp\/v2\/types\/product"}],"replies":[{"embeddable":true,"href":"https:\/\/pomello.ee\/en\/wp-json\/wp\/v2\/comments?post=40195"}],"wp:featuredmedia":[{"embeddable":true,"href":"https:\/\/pomello.ee\/en\/wp-json\/wp\/v2\/media\/40196"}],"wp:attachment":[{"href":"https:\/\/pomello.ee\/en\/wp-json\/wp\/v2\/media?parent=40195"}],"wp:term":[{"taxonomy":"product_brand","embeddable":true,"href":"https:\/\/pomello.ee\/en\/wp-json\/wp\/v2\/product_brand?post=40195"},{"taxonomy":"product_cat","embeddable":true,"href":"https:\/\/pomello.ee\/en\/wp-json\/wp\/v2\/product_cat?post=40195"},{"taxonomy":"product_tag","embeddable":true,"href":"https:\/\/pomello.ee\/en\/wp-json\/wp\/v2\/product_tag?post=40195"}],"curies":[{"name":"wp","href":"https:\/\/api.w.org\/{rel}","templated":true}]}}