{"id":40224,"date":"2026-03-08T19:48:20","date_gmt":"2026-03-08T17:48:20","guid":{"rendered":"https:\/\/pomello.ee\/?post_type=product&#038;p=40224"},"modified":"2026-03-08T19:53:16","modified_gmt":"2026-03-08T17:53:16","slug":"iwax-lux-vahasoojendaja-500ml","status":"publish","type":"product","link":"https:\/\/pomello.ee\/en\/toode\/iwax-lux-vahasoojendaja-500ml\/","title":{"rendered":"iWax LUX Vahasoojendaja 500ml"},"content":{"rendered":"<picture class=\"mfwebp\"><img decoding=\"async\" src=\"https:\/\/activeshop.com.pl\/media\/wysiwyg\/product\/125145\/EN_125145_01.jpg\" data-webpconverted=\"1\" alt=\"\"><\/picture>\n<p><strong>iWAX<\/strong> br\u00e4ndi eesm\u00e4rk on pakkuda multifunktsionaalseid t\u00f6\u00f6riistu kosmeetiliseks vaha- ja parafiiniprotseduuriks, n\u00e4iteks tipptasemel karvaeemaldusvaha soojendeid. See keskendub huvitavale disainile, toote mitmek\u00fclgsusele ja kasutusmugavusele, muutes iWAX tootesarja suunatud nii professionaalseks kui ka koduseks kasutamiseks.<\/p>\n<picture class=\"mfwebp\"><source srcset=\"https:\/\/activeshop.com.pl\/media\/mf_webp\/jpg\/media\/wysiwyg\/product\/125145\/EN_125145_02.webp\" type=\"image\/webp\" \/><img decoding=\"async\" src=\"https:\/\/activeshop.com.pl\/media\/wysiwyg\/product\/125145\/EN_125145_02.jpg\" data-webpconverted=\"1\" alt=\"\"><\/picture>\n<p><strong>Universaalne purk ja k\u00f5va vaha soojendaja<\/strong><\/p>\n<p>iWaxi vaha soojendaja v\u00f5imaldab vaha depilatsiooniks \u00f5igesti ja kiiresti ette valmistada. See on loodud 500 ml purkide ja k\u00f5vade vahade jaoks ning pakub mugavust ja vabadust valida epilatsiooniviis. Kvaliteetset plastkorpust on lihtne puhastada ja l\u00e4bipaistev kaas v\u00f5imaldab teil sulamisprotsessi igal ajal j\u00e4lgida.<\/p>\n<p><strong>T\u00e4pne temperatuuri ja t\u00f6\u00f6aja reguleerimine<\/strong><\/p>\n<p>Temperatuuri ja t\u00f6\u00f6aega saab seadistada intuitiivsete funktsiooninuppude abil, mis v\u00f5imaldavad teil seadeid t\u00e4pselt vastavalt konkreetsele t\u00f6\u00f6tlusviisile ja kasutatava vaha t\u00fc\u00fcbile reguleerida. Temperatuuri reguleerimisvahemik 35\u00b0C kuni 125\u00b0C v\u00f5imaldab teil kuumutusintensiivsust t\u00e4pselt vastavalt vaha t\u00fc\u00fcbile ja konkreetsele t\u00f6\u00f6tlusviisile reguleerida. Seade sobib nii professionaalseks t\u00f6\u00f6ks kui ka igap\u00e4evaseks salongikasutuseks.<\/p>\n<picture class=\"mfwebp\"><source srcset=\"https:\/\/activeshop.com.pl\/media\/mf_webp\/jpg\/media\/wysiwyg\/product\/125145\/EN_125145_03.webp\" type=\"image\/webp\" \/><img decoding=\"async\" src=\"https:\/\/activeshop.com.pl\/media\/wysiwyg\/product\/125145\/EN_125145_03.jpg\" data-webpconverted=\"1\" alt=\"\"><\/picture>\n<p><strong>Kaasaegne ekraan ja praktilised vahendid<\/strong><\/p>\n<p>Lihtsalt loetav ekraan kuvab k\u00f5iki parameetreid reaalajas, muutes seadete j\u00e4lgimise ja seadme kasutamise lihtsaks. K\u00fctteseade l\u00fclitub sisse \u00fche nupuvajutusega, millega kaasneb l\u00fchike piiks. Uuesti vajutades l\u00fclitub seade v\u00e4lja, tekitades kolm kinnituspiiksu. Piiks kostab ka iga kord, kui seadeid muudetakse, pakkudes t\u00e4ielikku kontrolli seadme t\u00f6\u00f6 \u00fcle. Mugava k\u00e4epidemega alumiiniumist mahuti toetab seadme hooldamist, suurendades igap\u00e4evase kasutamise mugavust.<\/p>\n<picture class=\"mfwebp\"><source srcset=\"https:\/\/activeshop.com.pl\/media\/mf_webp\/jpg\/media\/wysiwyg\/product\/125145\/EN_125145_04.webp\" type=\"image\/webp\" \/><img decoding=\"async\" src=\"https:\/\/activeshop.com.pl\/media\/wysiwyg\/product\/125145\/EN_125145_04.jpg\" data-webpconverted=\"1\" alt=\"\"><\/picture>\n<p><strong>Praktilised lahendused<\/strong><\/p>\n<p>Minimalistlik ja moodne \u00f5unakujuline vorm annab seadmele ainulaadse iseloomu ning kompaktsed m\u00f5\u00f5tmed muudavad selle igas ilusalongis ilusaks. Soojendaja on valmistatud vastupidavast plastikust elegantsetes valgetes toonides, mis on vastupidav ja kergesti puhastatav. L\u00e4bipaistev kaas v\u00f5imaldab j\u00e4lgida vaha sulamisprotsessi ning kaanes olevad v\u00e4ikesed avad toimivad ventilatsioonina, kaitstes seadet \u00fclekuumenemise eest. Stabiilne konstruktsioon ja libisemiskindlad jalad tagavad kindla asendi, tagades ohutuse ja mugavuse kasutamise ajal.<\/p>\n<p><strong>Kuidas vahasoojendajat puhastada?<\/strong><\/p>\n<p>1) \u00c4rge kasutage lahusteid ega tugevaid pesuvahendeid.<br \/>\n2) Enne puhastamist eemaldage seade alati vooluv\u00f5rgust.<br \/>\n3) \u00c4rge kastke seadet vette.<br \/>\n4) \u00c4rge kasutage j\u00e4\u00e4kide eemaldamiseks teravaid t\u00f6\u00f6riistu.<br \/>\n5. Puhastamiseks kasutage spetsiaalset vahaj\u00e4\u00e4kide eemaldajat.<\/p>\n<p>Komplektis: k\u00fctteseade, toitejuhe, k\u00e4epidemega vahakonteiner, kaas.<\/p>\n<p><strong>Tehnilised andmed:<\/strong><br \/>\nV\u00f5imsus: 100 W<br \/>\nMahutavus: 500 ml<br \/>\nTemperatuuri reguleerimine: 35\u2013125 \u00b0C<br \/>\nAja reguleerimine: 1\u201399 min<br \/>\nSisendpinge: 220\u2013240 V<br \/>\nToitejuhtme pikkus: 140 cm<br \/>\nM\u00f5\u00f5tmed: 20,2 x 20,2 x 18,8 cm<\/p>\n","protected":false},"excerpt":{"rendered":"<p data-start=\"105\" data-end=\"160\"><strong data-start=\"105\" data-end=\"158\">iWax Lux Vahasoojendaja\u00a0\u2013 moodne vahasoojendaja professionaalile<\/strong><\/p>\n<p data-start=\"162\" data-end=\"375\">Avasta meie <strong data-start=\"174\" data-end=\"216\">iWax Lux elektrooniline vahasoojendaja<\/strong>, mis \u00fchendab stiilse v\u00e4limuse ja praktilise kasutuse. See modernne seade on loodud ilutegijatele, kes hindavad t\u00f6\u00f6kindlust, mugavust ja silmapaistvat disaini.<\/p>\n<p data-start=\"377\" data-end=\"639\">\u2022 <strong data-start=\"379\" data-end=\"419\">Elektrooniline temperatuurijuhtimine<\/strong> \u2013 tagab \u00fchtlase ja t\u00e4pse soojuse<br data-start=\"452\" data-end=\"455\" \/>\u2022 <strong data-start=\"457\" data-end=\"485\">Mahutab kuni 500 ml vaha<\/strong> \u2013 ideaalne igap\u00e4evaseks kasutamiseks salongis<br data-start=\"531\" data-end=\"534\" \/>\u2022 <strong data-start=\"536\" data-end=\"570\">Pilkup\u00fc\u00fcdev ja modernne disain<\/strong> \u2013 sobib kaunilt igasse t\u00f6\u00f6ruumi<br data-start=\"602\" data-end=\"605\" \/>\u2022 <strong data-start=\"607\" data-end=\"639\">Lihtne kasutada ja puhastada<\/strong><\/p>\n","protected":false},"featured_media":40225,"comment_status":"open","ping_status":"closed","template":"","meta":{"_monsterinsights_skip_tracking":false,"_monsterinsights_sitenote_active":false,"_monsterinsights_sitenote_note":"","_monsterinsights_sitenote_category":0},"product_brand":[],"product_cat":[209,215,225,897],"product_tag":[],"class_list":{"0":"post-40224","1":"product","2":"type-product","3":"status-publish","4":"has-post-thumbnail","6":"product_cat-tarvikud-2","7":"product_cat-depilatsioon","8":"product_cat-seadmed","9":"product_cat-vahasoojendajad","10":"pa_brand-iwax","12":"first","13":"instock","14":"taxable","15":"shipping-taxable","16":"purchasable","17":"product-type-simple"},"_links":{"self":[{"href":"https:\/\/pomello.ee\/en\/wp-json\/wp\/v2\/product\/40224","targetHints":{"allow":["GET"]}}],"collection":[{"href":"https:\/\/pomello.ee\/en\/wp-json\/wp\/v2\/product"}],"about":[{"href":"https:\/\/pomello.ee\/en\/wp-json\/wp\/v2\/types\/product"}],"replies":[{"embeddable":true,"href":"https:\/\/pomello.ee\/en\/wp-json\/wp\/v2\/comments?post=40224"}],"wp:featuredmedia":[{"embeddable":true,"href":"https:\/\/pomello.ee\/en\/wp-json\/wp\/v2\/media\/40225"}],"wp:attachment":[{"href":"https:\/\/pomello.ee\/en\/wp-json\/wp\/v2\/media?parent=40224"}],"wp:term":[{"taxonomy":"product_brand","embeddable":true,"href":"https:\/\/pomello.ee\/en\/wp-json\/wp\/v2\/product_brand?post=40224"},{"taxonomy":"product_cat","embeddable":true,"href":"https:\/\/pomello.ee\/en\/wp-json\/wp\/v2\/product_cat?post=40224"},{"taxonomy":"product_tag","embeddable":true,"href":"https:\/\/pomello.ee\/en\/wp-json\/wp\/v2\/product_tag?post=40224"}],"curies":[{"name":"wp","href":"https:\/\/api.w.org\/{rel}","templated":true}]}}