{"id":40402,"date":"2026-03-15T12:33:18","date_gmt":"2026-03-15T10:33:18","guid":{"rendered":"https:\/\/pomello.ee\/?post_type=product&#038;p=40402"},"modified":"2026-03-15T12:40:06","modified_gmt":"2026-03-15T10:40:06","slug":"ultrasonic-cleaner-denson-uc-002","status":"publish","type":"product","link":"https:\/\/pomello.ee\/en\/toode\/ultrasonic-cleaner-denson-uc-002\/","title":{"rendered":"Ultrasonic Cleaner Denson UC-002"},"content":{"rendered":"<h3 data-section-id=\"4cfc36\" data-start=\"1207\" data-end=\"1229\">Tehnilised andmed:<\/h3>\n<ul data-start=\"1230\" data-end=\"1632\">\n<li data-section-id=\"i2qtgp\" data-start=\"1230\" data-end=\"1263\">\n<p data-start=\"1232\" data-end=\"1263\">pinge: <strong data-start=\"1239\" data-end=\"1263\">220\u2013240 V \/ 50\u201360 Hz<\/strong><\/p>\n<\/li>\n<li data-section-id=\"16p4tly\" data-start=\"1264\" data-end=\"1284\">\n<p data-start=\"1266\" data-end=\"1284\">v\u00f5imsus: <strong data-start=\"1275\" data-end=\"1284\">100 W<\/strong><\/p>\n<\/li>\n<li data-section-id=\"1tt4700\" data-start=\"1285\" data-end=\"1319\">\n<p data-start=\"1287\" data-end=\"1319\">ultraheli sagedus: <strong data-start=\"1306\" data-end=\"1319\">40 000 Hz<\/strong><\/p>\n<\/li>\n<li data-section-id=\"1alvypv\" data-start=\"1320\" data-end=\"1349\">\n<p data-start=\"1322\" data-end=\"1349\">ultraheli v\u00f5imsus: <strong data-start=\"1341\" data-end=\"1349\">64 W<\/strong><\/p>\n<\/li>\n<li data-section-id=\"1o4blvl\" data-start=\"1350\" data-end=\"1372\">\n<p data-start=\"1352\" data-end=\"1372\">mahutavus: <strong data-start=\"1363\" data-end=\"1372\">2,5 L<\/strong><\/p>\n<\/li>\n<li data-section-id=\"hx58w\" data-start=\"1373\" data-end=\"1410\">\n<p data-start=\"1375\" data-end=\"1410\">paagi m\u00f5\u00f5dud: <strong data-start=\"1389\" data-end=\"1410\">240 \u00d7 140 \u00d7 70 mm<\/strong><\/p>\n<\/li>\n<li data-section-id=\"hiyuen\" data-start=\"1411\" data-end=\"1450\">\n<p data-start=\"1413\" data-end=\"1450\">seadme m\u00f5\u00f5dud: <strong data-start=\"1428\" data-end=\"1450\">280 \u00d7 210 \u00d7 160 mm<\/strong><\/p>\n<\/li>\n<li data-section-id=\"2qv8ee\" data-start=\"1451\" data-end=\"1491\">\n<p data-start=\"1453\" data-end=\"1491\">pakendi m\u00f5\u00f5dud: <strong data-start=\"1469\" data-end=\"1491\">340 \u00d7 255 \u00d7 225 mm<\/strong><\/p>\n<\/li>\n<li data-section-id=\"13q5dvb\" data-start=\"1492\" data-end=\"1542\">\n<p data-start=\"1494\" data-end=\"1542\">ajats\u00fcklid: <strong data-start=\"1506\" data-end=\"1542\">90 s, 180 s, 280 s, 380 s, 480 s<\/strong><\/p>\n<\/li>\n<li data-section-id=\"4wbt48\" data-start=\"1543\" data-end=\"1572\">\n<p data-start=\"1545\" data-end=\"1572\">vedeliku soojendus: <strong data-start=\"1565\" data-end=\"1572\">jah<\/strong><\/p>\n<\/li>\n<li data-section-id=\"1hfox8p\" data-start=\"1573\" data-end=\"1598\">\n<p data-start=\"1575\" data-end=\"1598\">seadme kaal: <strong data-start=\"1588\" data-end=\"1598\">2,5 kg<\/strong><\/p>\n<\/li>\n<li data-section-id=\"594g7o\" data-start=\"1599\" data-end=\"1632\">\n<p data-start=\"1601\" data-end=\"1632\">kaal koos pakendiga: <strong data-start=\"1622\" data-end=\"1632\">3,0 k<\/strong><\/p>\n<\/li>\n<\/ul>\n<h3 data-section-id=\"2l0jyo\" data-start=\"1108\" data-end=\"1130\">Komplekt sisaldab:<\/h3>\n<ul data-start=\"1131\" data-end=\"1205\">\n<li data-section-id=\"16nl81q\" data-start=\"1131\" data-end=\"1138\">\n<p data-start=\"1133\" data-end=\"1138\">seade<\/p>\n<\/li>\n<li data-section-id=\"1fxx4kw\" data-start=\"1139\" data-end=\"1152\">\n<p data-start=\"1141\" data-end=\"1152\">plastikkorv<\/p>\n<\/li>\n<li data-section-id=\"elbwqz\" data-start=\"1153\" data-end=\"1166\">\n<p data-start=\"1155\" data-end=\"1166\">seadme kaas<\/p>\n<\/li>\n<li data-section-id=\"mowszd\" data-start=\"1167\" data-end=\"1178\">\n<p data-start=\"1169\" data-end=\"1178\">toitejuhe<\/p>\n<\/li>\n<li data-section-id=\"xqx5ke\" data-start=\"1179\" data-end=\"1194\">\n<p data-start=\"1181\" data-end=\"1194\">kasutusjuhend<\/p>\n<\/li>\n<\/ul>\n","protected":false},"excerpt":{"rendered":"<h2 data-section-id=\"1831c9t\" data-start=\"82\" data-end=\"119\">Ultrasonic Cleaner Denson UC-002 2,5 L<\/h2>\n<p data-start=\"121\" data-end=\"388\">Denson UC-002 on kvaliteetne ja lihtsalt kasutatav <strong data-start=\"172\" data-end=\"190\">ultraheli pesur \/ ultraheli puhasti<\/strong>, mis sobib kosmeetika- ja hambaraviinstrumentide ning erinevate tarvikute t\u00f5husaks puhastamiseks. Seade eemaldab mustuse ka raskesti ligip\u00e4\u00e4setavatest kohtadest, kahjustamata puhastatavaid esemeid.<\/p>\n<p data-start=\"390\" data-end=\"639\">Ultrahelipesur sobib suurep\u00e4raselt n\u00e4iteks <strong data-start=\"433\" data-end=\"504\">mikrodermabrasiooni otsikute, freesiotsikute ja teiste t\u00f6\u00f6vahendite<\/strong>puhastamiseks. Roostevabast terasest mahuti ning <strong data-start=\"554\" data-end=\"590\">vedeliku soojendamise funktsioon<\/strong> aitavad tagada veelgi t\u00f5husama puhastustulemuse.<\/p>\n<p data-start=\"641\" data-end=\"735\">Seadmel on <strong data-start=\"652\" data-end=\"673\">digitaalne ekraan<\/strong> ja <strong data-start=\"677\" data-end=\"698\">5 puhastusts\u00fcklit<\/strong>: 90 s, 180 s, 280 s, 380 s ja 480 s.<\/p>\n<h3 data-section-id=\"18czd66\" data-start=\"737\" data-end=\"755\">Toote eelised:<\/h3>\n<ul data-start=\"756\" data-end=\"1021\">\n<li data-section-id=\"j4l6h1\" data-start=\"756\" data-end=\"784\">\n<p data-start=\"758\" data-end=\"784\">lihtne ja mugav kasutada<\/p>\n<\/li>\n<li data-section-id=\"11ryow6\" data-start=\"785\" data-end=\"841\">\n<p data-start=\"787\" data-end=\"841\">t\u00f5hus puhastus ka raskesti ligip\u00e4\u00e4setavates kohtades<\/p>\n<\/li>\n<li data-section-id=\"1vy3d0s\" data-start=\"842\" data-end=\"879\">\n<p data-start=\"844\" data-end=\"879\">ei kahjusta puhastatavaid esemeid<\/p>\n<\/li>\n<li data-section-id=\"4un689\" data-start=\"880\" data-end=\"929\">\n<p data-start=\"882\" data-end=\"929\">sobib kosmeetika- ja hambaraviinstrumentidele<\/p>\n<\/li>\n<li data-section-id=\"3objjo\" data-start=\"930\" data-end=\"962\">\n<p data-start=\"932\" data-end=\"962\">roostevabast terasest mahuti<\/p>\n<\/li>\n<li data-section-id=\"6nl0eq\" data-start=\"963\" data-end=\"999\">\n<p data-start=\"965\" data-end=\"999\">vedeliku soojendamise funktsioon<\/p>\n<\/li>\n<li data-section-id=\"6szlqi\" data-start=\"1000\" data-end=\"1021\">\n<p data-start=\"1002\" data-end=\"1021\">digitaalne ekraan<\/p>\n<\/li>\n<\/ul>\n","protected":false},"featured_media":40407,"comment_status":"open","ping_status":"closed","template":"","meta":{"_monsterinsights_skip_tracking":false,"_monsterinsights_sitenote_active":false,"_monsterinsights_sitenote_note":"","_monsterinsights_sitenote_category":0},"product_brand":[],"product_cat":[225,220,222,1570],"product_tag":[],"class_list":{"0":"post-40402","1":"product","2":"type-product","3":"status-publish","4":"has-post-thumbnail","6":"product_cat-seadmed","7":"product_cat-hugieen","8":"product_cat-desinfektsioon","9":"product_cat-salongisisustus-ja-moobel","11":"first","12":"instock","13":"downloadable","14":"taxable","15":"shipping-taxable","16":"purchasable","17":"product-type-simple"},"_links":{"self":[{"href":"https:\/\/pomello.ee\/en\/wp-json\/wp\/v2\/product\/40402","targetHints":{"allow":["GET"]}}],"collection":[{"href":"https:\/\/pomello.ee\/en\/wp-json\/wp\/v2\/product"}],"about":[{"href":"https:\/\/pomello.ee\/en\/wp-json\/wp\/v2\/types\/product"}],"replies":[{"embeddable":true,"href":"https:\/\/pomello.ee\/en\/wp-json\/wp\/v2\/comments?post=40402"}],"wp:featuredmedia":[{"embeddable":true,"href":"https:\/\/pomello.ee\/en\/wp-json\/wp\/v2\/media\/40407"}],"wp:attachment":[{"href":"https:\/\/pomello.ee\/en\/wp-json\/wp\/v2\/media?parent=40402"}],"wp:term":[{"taxonomy":"product_brand","embeddable":true,"href":"https:\/\/pomello.ee\/en\/wp-json\/wp\/v2\/product_brand?post=40402"},{"taxonomy":"product_cat","embeddable":true,"href":"https:\/\/pomello.ee\/en\/wp-json\/wp\/v2\/product_cat?post=40402"},{"taxonomy":"product_tag","embeddable":true,"href":"https:\/\/pomello.ee\/en\/wp-json\/wp\/v2\/product_tag?post=40402"}],"curies":[{"name":"wp","href":"https:\/\/api.w.org\/{rel}","templated":true}]}}