{"id":40428,"date":"2026-03-15T12:45:57","date_gmt":"2026-03-15T10:45:57","guid":{"rendered":"https:\/\/pomello.ee\/?post_type=product&#038;p=40428"},"modified":"2026-03-15T12:45:58","modified_gmt":"2026-03-15T10:45:58","slug":"ultrasonic-cleaner-acd-4830-vol-3-0l-150w","status":"publish","type":"product","link":"https:\/\/pomello.ee\/en\/toode\/ultrasonic-cleaner-acd-4830-vol-3-0l-150w\/","title":{"rendered":"Ultrasonic Cleaner ACD-4830 vol. 3.0l 150w"},"content":{"rendered":"<h3 data-section-id=\"4cfc36\" data-start=\"1231\" data-end=\"1253\">Tehnilised andmed:<\/h3>\n<ul data-start=\"1254\" data-end=\"1591\">\n<li data-section-id=\"w8m39p\" data-start=\"1254\" data-end=\"1293\">\n<p data-start=\"1256\" data-end=\"1293\">materjal: <strong data-start=\"1266\" data-end=\"1293\">SUS304 roostevaba teras<\/strong><\/p>\n<\/li>\n<li data-section-id=\"19nkwrs\" data-start=\"1294\" data-end=\"1323\">\n<p data-start=\"1296\" data-end=\"1323\">aja seadistus: <strong data-start=\"1311\" data-end=\"1323\">1\u201330 min<\/strong><\/p>\n<\/li>\n<li data-section-id=\"71iubi\" data-start=\"1324\" data-end=\"1357\">\n<p data-start=\"1326\" data-end=\"1357\">pinge: <strong data-start=\"1333\" data-end=\"1357\">AC 220\u2013240 V \/ 50 Hz<\/strong><\/p>\n<\/li>\n<li data-section-id=\"6xspa7\" data-start=\"1358\" data-end=\"1379\">\n<p data-start=\"1360\" data-end=\"1379\">sagedus: <strong data-start=\"1369\" data-end=\"1379\">35 kHz<\/strong><\/p>\n<\/li>\n<li data-section-id=\"7iewid\" data-start=\"1380\" data-end=\"1410\">\n<p data-start=\"1382\" data-end=\"1410\">ultraheli v\u00f5imsus: <strong data-start=\"1401\" data-end=\"1410\">150 W<\/strong><\/p>\n<\/li>\n<li data-section-id=\"1frsydh\" data-start=\"1411\" data-end=\"1433\">\n<p data-start=\"1413\" data-end=\"1433\">mahutavus: <strong data-start=\"1424\" data-end=\"1433\">3,0 L<\/strong><\/p>\n<\/li>\n<li data-section-id=\"175tb0h\" data-start=\"1434\" data-end=\"1473\">\n<p data-start=\"1436\" data-end=\"1473\">seadme m\u00f5\u00f5dud: <strong data-start=\"1451\" data-end=\"1473\">385 \u00d7 234 \u00d7 193 mm<\/strong><\/p>\n<\/li>\n<li data-section-id=\"1xx43bm\" data-start=\"1474\" data-end=\"1511\">\n<p data-start=\"1476\" data-end=\"1511\">paagi m\u00f5\u00f5dud: <strong data-start=\"1490\" data-end=\"1511\">250 \u00d7 170 \u00d7 70 mm<\/strong><\/p>\n<\/li>\n<li data-section-id=\"rqqq40\" data-start=\"1512\" data-end=\"1530\">\n<p data-start=\"1514\" data-end=\"1530\">kaal: <strong data-start=\"1520\" data-end=\"1530\">3,6 kg<\/strong><\/p>\n<\/li>\n<li data-section-id=\"d4obt\" data-start=\"1531\" data-end=\"1546\">\n<p data-start=\"1533\" data-end=\"1546\">kaas: <strong data-start=\"1539\" data-end=\"1546\">jah<\/strong><\/p>\n<\/li>\n<li data-section-id=\"pqpyw0\" data-start=\"1547\" data-end=\"1572\">\n<p data-start=\"1549\" data-end=\"1572\">soojendus: <strong data-start=\"1560\" data-end=\"1572\">40\u201360 \u00b0C<\/strong><\/p>\n<\/li>\n<li data-section-id=\"on5lb0\" data-start=\"1573\" data-end=\"1591\">\n<p data-start=\"1575\" data-end=\"1591\">\u00e4ravool: <strong data-start=\"1584\" data-end=\"1591\">jah<\/strong><\/p>\n<\/li>\n<\/ul>\n","protected":false},"excerpt":{"rendered":"<h2 data-section-id=\"47d3f9\" data-start=\"83\" data-end=\"115\">Ultrasonic Cleaner ACD-4830 vol. 3.0l 150w<\/h2>\n<p data-start=\"117\" data-end=\"373\"><strong data-start=\"117\" data-end=\"129\">ADC-4830<\/strong> on t\u00f5hus ultrahelipesur kosmeetika- ja hambaraviinstrumentide ning erinevate tarvikute puhastamiseks ja desinfitseerimiseks. Seade sobib eriti h\u00e4sti n\u00e4iteks <strong data-start=\"287\" data-end=\"358\">mikrodermabrasiooni otsikute, freesiotsikute ja teiste t\u00f6\u00f6vahendite<\/strong>puhastamiseks.<\/p>\n<p data-start=\"375\" data-end=\"586\">Ultrahelitehnoloogia tagab v\u00e4ga t\u00f5husa puhastuse ka raskesti ligip\u00e4\u00e4setavates kohtades, kahjustamata puhastatavaid esemeid mehaaniliselt. Seade sobib kasutamiseks nii <strong data-start=\"542\" data-end=\"585\">kosmeetika- kui ka meditsiinivaldkonnas<\/strong>.<\/p>\n<p data-start=\"588\" data-end=\"860\">Pesuril on <strong data-start=\"599\" data-end=\"620\">digitaalne ekraan<\/strong>, kvaliteetsest plastikust korpus ning <strong data-start=\"659\" data-end=\"698\">SUS304 roostevabast terasest mahuti<\/strong>. Seadmel on reguleeritav t\u00f6\u00f6aeg <strong data-start=\"731\" data-end=\"752\">1 kuni 30 minutit<\/strong>, <strong data-start=\"754\" data-end=\"808\">soojendusfunktsioon temperatuurivahemikus 40\u201360 \u00b0C<\/strong> ning <strong data-start=\"814\" data-end=\"825\">\u00e4ravool<\/strong>, mis muudab kasutamise mugavamaks.<\/p>\n<h3 data-section-id=\"18czd66\" data-start=\"862\" data-end=\"880\">Toote eelised:<\/h3>\n<ul data-start=\"881\" data-end=\"1229\">\n<li data-section-id=\"7r9h28\" data-start=\"881\" data-end=\"942\">\n<p data-start=\"883\" data-end=\"942\">sobib kosmeetika- ja hambaraviinstrumentide puhastamiseks<\/p>\n<\/li>\n<li data-section-id=\"11ryow6\" data-start=\"943\" data-end=\"999\">\n<p data-start=\"945\" data-end=\"999\">t\u00f5hus puhastus ka raskesti ligip\u00e4\u00e4setavates kohtades<\/p>\n<\/li>\n<li data-section-id=\"1vy3d0s\" data-start=\"1000\" data-end=\"1037\">\n<p data-start=\"1002\" data-end=\"1037\">ei kahjusta puhastatavaid esemeid<\/p>\n<\/li>\n<li data-section-id=\"1eqtoc6\" data-start=\"1038\" data-end=\"1077\">\n<p data-start=\"1040\" data-end=\"1077\">SUS304 roostevabast terasest mahuti<\/p>\n<\/li>\n<li data-section-id=\"6szlqi\" data-start=\"1078\" data-end=\"1099\">\n<p data-start=\"1080\" data-end=\"1099\">digitaalne ekraan<\/p>\n<\/li>\n<li data-section-id=\"1lbzyjp\" data-start=\"1100\" data-end=\"1132\">\n<p data-start=\"1102\" data-end=\"1132\">reguleeritav t\u00f6\u00f6aeg 1\u201330 min<\/p>\n<\/li>\n<li data-section-id=\"61p66k\" data-start=\"1133\" data-end=\"1165\">\n<p data-start=\"1135\" data-end=\"1165\">soojendusfunktsioon 40\u201360 \u00b0C<\/p>\n<\/li>\n<li data-section-id=\"1gmifvv\" data-start=\"1166\" data-end=\"1201\">\n<p data-start=\"1168\" data-end=\"1201\">\u00e4ravool mugavamaks kasutamiseks<\/p>\n<\/li>\n<li data-section-id=\"1fnau0w\" data-start=\"1202\" data-end=\"1229\">\n<p data-start=\"1204\" data-end=\"1229\">kvaliteetne plastkorpus<\/p>\n<\/li>\n<\/ul>\n","protected":false},"featured_media":40433,"comment_status":"open","ping_status":"closed","template":"","meta":{"_monsterinsights_skip_tracking":false,"_monsterinsights_sitenote_active":false,"_monsterinsights_sitenote_note":"","_monsterinsights_sitenote_category":0},"product_brand":[],"product_cat":[225,220,222,1570],"product_tag":[],"class_list":{"0":"post-40428","1":"product","2":"type-product","3":"status-publish","4":"has-post-thumbnail","6":"product_cat-seadmed","7":"product_cat-hugieen","8":"product_cat-desinfektsioon","9":"product_cat-salongisisustus-ja-moobel","11":"first","12":"instock","13":"downloadable","14":"taxable","15":"shipping-taxable","16":"purchasable","17":"product-type-simple"},"_links":{"self":[{"href":"https:\/\/pomello.ee\/en\/wp-json\/wp\/v2\/product\/40428","targetHints":{"allow":["GET"]}}],"collection":[{"href":"https:\/\/pomello.ee\/en\/wp-json\/wp\/v2\/product"}],"about":[{"href":"https:\/\/pomello.ee\/en\/wp-json\/wp\/v2\/types\/product"}],"replies":[{"embeddable":true,"href":"https:\/\/pomello.ee\/en\/wp-json\/wp\/v2\/comments?post=40428"}],"wp:featuredmedia":[{"embeddable":true,"href":"https:\/\/pomello.ee\/en\/wp-json\/wp\/v2\/media\/40433"}],"wp:attachment":[{"href":"https:\/\/pomello.ee\/en\/wp-json\/wp\/v2\/media?parent=40428"}],"wp:term":[{"taxonomy":"product_brand","embeddable":true,"href":"https:\/\/pomello.ee\/en\/wp-json\/wp\/v2\/product_brand?post=40428"},{"taxonomy":"product_cat","embeddable":true,"href":"https:\/\/pomello.ee\/en\/wp-json\/wp\/v2\/product_cat?post=40428"},{"taxonomy":"product_tag","embeddable":true,"href":"https:\/\/pomello.ee\/en\/wp-json\/wp\/v2\/product_tag?post=40428"}],"curies":[{"name":"wp","href":"https:\/\/api.w.org\/{rel}","templated":true}]}}