{"id":41266,"date":"2026-04-20T20:01:01","date_gmt":"2026-04-20T18:01:01","guid":{"rendered":"https:\/\/pomello.ee\/?post_type=product&#038;p=41266"},"modified":"2026-04-20T20:02:39","modified_gmt":"2026-04-20T18:02:39","slug":"kosmeetiku-kliendivoodi-azzurro-803d-hall-3-mootorit","status":"publish","type":"product","link":"https:\/\/pomello.ee\/en\/toode\/kosmeetiku-kliendivoodi-azzurro-803d-hall-3-mootorit\/","title":{"rendered":"Kosmeetiku kliendivoodi AZZURRO 803D hall 3 mootorit"},"content":{"rendered":"<div class=\"flex flex-col text-sm pb-25\">\n<section class=\"text-token-text-primary w-full focus:outline-none [--shadow-height:45px] has-data-writing-block:pointer-events-none has-data-writing-block:-mt-(--shadow-height) has-data-writing-block:pt-(--shadow-height) [&amp;:has([data-writing-block])&gt;*]:pointer-events-auto scroll-mt-[calc(var(--header-height)+min(200px,max(70px,20svh)))]\" dir=\"auto\" data-turn-id=\"request-69e3aee5-b24c-83eb-a3a4-ca3857e0f4a2-29\" data-testid=\"conversation-turn-90\" data-scroll-anchor=\"true\" data-turn=\"assistant\">\n<div class=\"text-base my-auto mx-auto pb-10 [--thread-content-margin:var(--thread-content-margin-xs,calc(var(--spacing)*4))] @w-sm\/main:[--thread-content-margin:var(--thread-content-margin-sm,calc(var(--spacing)*6))] @w-lg\/main:[--thread-content-margin:var(--thread-content-margin-lg,calc(var(--spacing)*16))] px-(--thread-content-margin)\">\n<div class=\"[--thread-content-max-width:40rem] @w-lg\/main:[--thread-content-max-width:48rem] mx-auto max-w-(--thread-content-max-width) flex-1 group\/turn-messages focus-visible:outline-hidden relative flex w-full min-w-0 flex-col agent-turn\">\n<div class=\"flex max-w-full flex-col gap-4 grow\">\n<div class=\"min-h-8 text-message relative flex w-full flex-col items-end gap-2 text-start break-words whitespace-normal outline-none keyboard-focused:focus-ring [.text-message+&amp;]:mt-1\" dir=\"auto\" tabindex=\"0\" data-message-author-role=\"assistant\" data-message-id=\"88cd0039-b92f-4234-a692-c7574a7dbfa5\" data-message-model-slug=\"gpt-5-3\" data-turn-start-message=\"true\">\n<div class=\"flex w-full flex-col gap-1 empty:hidden\">\n<div class=\"markdown prose dark:prose-invert w-full wrap-break-word light markdown-new-styling\">\n<p data-start=\"0\" data-end=\"227\" data-is-last-node=\"\" data-is-only-node=\"\">Azzurro br\u00e4nd pakub kvaliteetseid kosmeetilisi toole ja voodeid ning multifunktsionaalseid seadmeid. Professionaalset varustust kasutatakse muu hulgas ilusalongides, podoloogiakabinettides, massaa\u017eistuudiotes ja f\u00fcsioteraapias.<\/p>\n<\/div>\n<\/div>\n<\/div>\n<\/div>\n<\/div>\n<\/div>\n<\/section>\n<\/div>\n<p><img decoding=\"async\" src=\"https:\/\/activeshop.com.pl\/media\/wysiwyg\/product\/148392\/EN_148392_2.jpg\" alt=\"\"><\/p>\n<p data-start=\"0\" data-end=\"33\"><strong>Praktiline varustus ilusalongis<\/strong><\/p>\n<p data-start=\"35\" data-end=\"326\" data-is-last-node=\"\" data-is-only-node=\"\">Azzurro 803D elektriline kosmeetikatool on varustatud 3 mootoriga ning seda juhitakse juhtmega puldi v\u00f5i komplekti kuuluva jalgl\u00fcliti abil. Tooli iseloomustavad stabiilsus, lai reguleerimisv\u00f5imalus ja mitmek\u00fclgsus, mist\u00f5ttu sobib see suurep\u00e4raselt paljudesse spetsialiseeritud kabinetidesse.<\/p>\n<p><img decoding=\"async\" src=\"https:\/\/activeshop.com.pl\/media\/wysiwyg\/product\/148392\/EN_148392_3.jpg\" alt=\"\"><\/p>\n<p data-start=\"0\" data-end=\"20\"><strong>Vaba reguleerimine<\/strong><\/p>\n<p data-start=\"22\" data-end=\"249\">Puldi abil saab tooli reguleerida kolmes suunas \u2013 elektriliselt muudetavad on k\u00f5rgus, seljatugi ja jalatugi. Istme k\u00f5rgust saab reguleerida vahemikus 64 kuni 90 cm ning t\u00e4ielikult pikendatuna ulatub tooli pikkus \u00fcle 2 meetri.<\/p>\n<p data-start=\"251\" data-end=\"505\">Lisaks on toolil reguleeritav peatugi ja jalatoed (m\u00f5lema maksimaalne pikendus umbes \u00b117 cm). Need m\u00f5\u00f5dud v\u00f5imaldavad tooli mugavalt kasutada erineva pikkusega inimestel ning kohandada seda vastavalt nii kliendi kui ka protseduuri teostaja vajadustele.<\/p>\n<p data-start=\"507\" data-end=\"604\" data-is-last-node=\"\" data-is-only-node=\"\">Istme paremal k\u00fcljel asuv hoidik v\u00f5imaldab puldi mugavalt riputada, et see oleks alati k\u00e4ep\u00e4rast.<\/p>\n<p><img decoding=\"async\" src=\"https:\/\/activeshop.com.pl\/media\/wysiwyg\/product\/148392\/EN_148392_4.jpg\" alt=\"\"><\/p>\n<p data-start=\"0\" data-end=\"31\"><strong>Lihtne juhtimine jalgl\u00fclitiga<\/strong><\/p>\n<p data-start=\"33\" data-end=\"238\">Jalgl\u00fcliti on praktiline lahendus, mis tagab kasutajale mugavuse ja t\u00e4pse tooli asendi reguleerimise. See annab kosmeetikule t\u00e4ieliku kontrolli tooli liikumise \u00fcle, parandades oluliselt t\u00f6\u00f6 efektiivsust.<\/p>\n<p data-start=\"240\" data-end=\"437\">Tooli kasutamine muutub intuitiivsemaks ja ergonoomilisemaks, v\u00f5imaldades reguleerimist ilma k\u00e4si kasutamata. See tagab suurema mugavuse protseduuride teostamisel ning aitab hoida t\u00f6\u00f6ala puhtana.<\/p>\n<p data-start=\"439\" data-end=\"562\" data-is-last-node=\"\" data-is-only-node=\"\">Lisaks mugavusele on tegemist ka h\u00fcgieenilise lahendusega, mis aitab t\u00f5sta teenuse kvaliteeti ja standardeid iluvaldkonnas.<\/p>\n<p><img decoding=\"async\" src=\"https:\/\/activeshop.com.pl\/media\/wysiwyg\/product\/148392\/EN_148392_5.jpg\" alt=\"\"><\/p>\n<p data-start=\"0\" data-end=\"37\"><strong>Mugav erinevate teenuste teostamine<\/strong><\/p>\n<p data-start=\"39\" data-end=\"238\">Peatoe avaus on ideaalne protseduurideks, mille ajal klient lamab k\u00f5huli (nt massaa\u017e). Komplekti kuuluvad avause kate ja mugav padi, mis v\u00f5imaldavad teostada laia valikut nii n\u00e4o- kui kehahooldusi.<\/p>\n<p data-start=\"240\" data-end=\"410\" data-is-last-node=\"\" data-is-only-node=\"\">Liigutatavad k\u00e4etoed saab seada vertikaalsesse asendisse v\u00f5i p\u00f6\u00f6rata 180\u00b0, lisaks on need vajadusel lihtsalt eemaldatavad, mis tagab mugava ja vahetu ligip\u00e4\u00e4su kliendile.<\/p>\n<p><img decoding=\"async\" src=\"https:\/\/activeshop.com.pl\/media\/wysiwyg\/product\/148392\/EN_148392_6.jpg\" alt=\"\"><\/p>\n<p data-start=\"0\" data-end=\"42\"><strong>Profileeritud iste mugavaks kasutamiseks<\/strong><\/p>\n<p data-start=\"44\" data-end=\"281\" data-is-last-node=\"\" data-is-only-node=\"\">Sobiv profilatsioon annab toolile ergonoomilise kuju ning v\u00f5imaldab kehal mugavalt asendisse s\u00e4ttida. Tooli saab reguleerida t\u00e4ielikult lamamisasendisse ning t\u00e4nu peatoe avausele sobib see suurep\u00e4raselt ka seljahooldusteks ja massaa\u017eiks.<\/p>\n<p><img decoding=\"async\" src=\"https:\/\/activeshop.com.pl\/media\/wysiwyg\/product\/148392\/EN_148392_7.jpg\" alt=\"\"><\/p>\n<p data-start=\"0\" data-end=\"46\"><strong>Esteetiline v\u00e4limus ja k\u00f5rge funktsionaalsus<\/strong><\/p>\n<p data-start=\"48\" data-end=\"259\">Tugev konstruktsioon tagab m\u00f6\u00f6bli stabiilsuse ja vastupidavuse. Tool on t\u00e4idetud vahuga ning kaetud meeldiva puudutusega hallides toonides kunstnahaga. Selline materjal on niiskuskindel ja kergesti puhastatav.<\/p>\n<p data-start=\"261\" data-end=\"369\" data-is-last-node=\"\" data-is-only-node=\"\">Minimalistlik ja lihtne disain ning klassikalised v\u00e4rvitoonid v\u00f5imaldavad toolil sobituda igasse interj\u00f6\u00f6ri.<\/p>\n<div class=\"video-container\"><iframe loading=\"lazy\" src=\"https:\/\/www.youtube.com\/embed\/YSXedOH2TRM\" width=\"560\" height=\"315\" frameborder=\"0\" allowfullscreen=\"allowfullscreen\" data-mce-fragment=\"1\"><\/iframe><\/div>\n<p data-start=\"0\" data-end=\"98\">Tooli t\u00e4psed m\u00f5\u00f5dud on toodud fotol.<br data-start=\"36\" data-end=\"39\" \/>Komplekti kuuluvad: tool, pult, toiteplokk, kaks peatuge.<\/p>\n<p data-start=\"100\" data-end=\"288\" data-is-last-node=\"\" data-is-only-node=\"\"><strong data-start=\"100\" data-end=\"111\">Andmed:<\/strong><br data-start=\"111\" data-end=\"114\" \/>T\u00fc\u00fcp: elektriline<br data-start=\"131\" data-end=\"134\" \/>V\u00e4rvus: hallid toonid<br data-start=\"155\" data-end=\"158\" \/>Polstri materjal: s\u00fcnteetiline nahk<br data-start=\"193\" data-end=\"196\" \/>Istme t\u00e4idis: vaht<br data-start=\"214\" data-end=\"217\" \/>Juhtimine: juhtmega pult, jalgl\u00fcliti<br data-start=\"253\" data-end=\"256\" \/>V\u00f5imsus: 50 W<br data-start=\"269\" data-end=\"272\" \/>Pinge: 220\u2013240 V<\/p>\n","protected":false},"excerpt":{"rendered":"<p data-start=\"157\" data-end=\"428\">Kosmeetiku kliendivoodi AZZURRO 803D on professionaalne elektriline kosmeetikatool, mis on loodud igap\u00e4evaseks kasutamiseks ilusalongides ja spetsialiseeritud kabinetides. See \u00fchendab endas mugavuse, funktsionaalsuse ja t\u00f6\u00f6kindluse, et tagada parim kogemus nii kliendile kui ka spetsialistile.<\/p>\n<p data-start=\"430\" data-end=\"676\">Kolme mootoriga s\u00fcsteem v\u00f5imaldab tooli sujuvalt reguleerida \u2013 muudetav on k\u00f5rgus, seljatugi ja jalatugi. T\u00e4nu juhtimisele nii puldi kui ka jalgl\u00fcliti abil saad t\u00f6\u00f6 ajal k\u00e4ed vabaks j\u00e4tta, mis muudab protseduurid mugavamaks ja h\u00fcgieenilisemaks.<\/p>\n<p data-start=\"678\" data-end=\"946\">Tooli saab reguleerida lamamisasendisse ning t\u00e4nu peatoe avausele sobib see ideaalselt ka massaa\u017eiks ja seljahooldusteks. Reguleeritavad detailid, eemaldatavad ja p\u00f6\u00f6ratavad k\u00e4etoed ning pikendatav jalatugi tagavad maksimaalse mugavuse erineva pikkusega klientidele.<\/p>\n<p data-start=\"948\" data-end=\"1097\">Kvaliteetne kunstnahast kate on vastupidav, niiskuskindel ja kergesti puhastatav, mist\u00f5ttu sobib tool suurep\u00e4raselt professionaalseks kasutamiseks.<\/p>\n<ul data-start=\"1139\" data-end=\"1460\">\n<li data-section-id=\"vf6abv\" data-start=\"1139\" data-end=\"1180\">Elektriline reguleerimine 3 mootoriga<\/li>\n<li data-section-id=\"1y2skp8\" data-start=\"1181\" data-end=\"1216\">Juhtimine puldi ja jalgl\u00fclitiga<\/li>\n<li data-section-id=\"yeu675\" data-start=\"1217\" data-end=\"1261\">T\u00e4ielikult lamamisasendisse reguleeritav<\/li>\n<li data-section-id=\"6gm7gd\" data-start=\"1262\" data-end=\"1300\">Peatoe avaus \u2013 sobib ka massaa\u017eiks<\/li>\n<li data-section-id=\"le4wb9\" data-start=\"1301\" data-end=\"1339\">P\u00f6\u00f6ratavad ja eemaldatavad k\u00e4etoed<\/li>\n<li data-section-id=\"tonquo\" data-start=\"1340\" data-end=\"1377\">Pikendatav jalatugi (kuni ~17 cm)<\/li>\n<li data-section-id=\"1p58xwu\" data-start=\"1378\" data-end=\"1420\">Stabiilne ja vastupidav konstruktsioon<\/li>\n<li data-section-id=\"3t1531\" data-start=\"1421\" data-end=\"1460\">Lihtne puhastada ja desinfitseerida<\/li>\n<\/ul>\n<h2 data-section-id=\"1mm8on1\" data-start=\"1467\" data-end=\"1492\">Tehnilised andmed<\/h2>\n<ul data-start=\"1494\" data-end=\"1749\">\n<li data-section-id=\"82vdc5\" data-start=\"1494\" data-end=\"1530\">T\u00fc\u00fcp: elektriline kosmeetikatool<\/li>\n<li data-section-id=\"108zok8\" data-start=\"1531\" data-end=\"1551\">Mootorite arv: 3<\/li>\n<li data-section-id=\"edszqp\" data-start=\"1552\" data-end=\"1587\">K\u00f5rguse reguleerimine: 64\u201390 cm<\/li>\n<li data-section-id=\"ocp61w\" data-start=\"1588\" data-end=\"1630\">Juhtimine: juhtmega pult ja jalgl\u00fcliti<\/li>\n<li data-section-id=\"n9jkk2\" data-start=\"1631\" data-end=\"1648\">V\u00f5imsus: 50 W<\/li>\n<li data-section-id=\"t6ge2s\" data-start=\"1649\" data-end=\"1669\">Pinge: 220\u2013240 V<\/li>\n<li data-section-id=\"m1djy7\" data-start=\"1670\" data-end=\"1709\">Polstri materjal: s\u00fcnteetiline nahk<\/li>\n<li data-section-id=\"p6gouw\" data-start=\"1710\" data-end=\"1732\">Istme t\u00e4idis: vaht<\/li>\n<li data-section-id=\"1l0s71n\" data-start=\"1733\" data-end=\"1749\">V\u00e4rvus: hall<\/li>\n<\/ul>\n<h2 data-section-id=\"1v8x69z\" data-start=\"1756\" data-end=\"1772\">Lisainfo<\/h2>\n<ul data-start=\"1774\" data-end=\"1912\">\n<li data-section-id=\"q4gtef\" data-start=\"1774\" data-end=\"1859\">Maksimaalne kandev\u00f5ime: <strong data-start=\"1800\" data-end=\"1813\">ca 180 kg<\/strong> <em data-start=\"1814\" data-end=\"1857\">(tootjate keskmine selle klassi toolidel)<\/em><\/li>\n<li data-section-id=\"1fdyqzf\" data-start=\"1860\" data-end=\"1912\">Komplektis: tool, pult, toiteplokk, kaks peatuge<\/li>\n<\/ul>\n","protected":false},"featured_media":41271,"comment_status":"open","ping_status":"closed","template":"","meta":{"_monsterinsights_skip_tracking":false,"_monsterinsights_sitenote_active":false,"_monsterinsights_sitenote_note":"","_monsterinsights_sitenote_category":0},"product_brand":[],"product_cat":[1570],"product_tag":[1579],"class_list":{"0":"post-41266","1":"product","2":"type-product","3":"status-publish","4":"has-post-thumbnail","6":"product_cat-salongisisustus-ja-moobel","7":"product_tag-installation","8":"pa_brand-azzurro","10":"first","11":"instock","12":"taxable","13":"shipping-taxable","14":"purchasable","15":"product-type-simple"},"_links":{"self":[{"href":"https:\/\/pomello.ee\/en\/wp-json\/wp\/v2\/product\/41266","targetHints":{"allow":["GET"]}}],"collection":[{"href":"https:\/\/pomello.ee\/en\/wp-json\/wp\/v2\/product"}],"about":[{"href":"https:\/\/pomello.ee\/en\/wp-json\/wp\/v2\/types\/product"}],"replies":[{"embeddable":true,"href":"https:\/\/pomello.ee\/en\/wp-json\/wp\/v2\/comments?post=41266"}],"wp:featuredmedia":[{"embeddable":true,"href":"https:\/\/pomello.ee\/en\/wp-json\/wp\/v2\/media\/41271"}],"wp:attachment":[{"href":"https:\/\/pomello.ee\/en\/wp-json\/wp\/v2\/media?parent=41266"}],"wp:term":[{"taxonomy":"product_brand","embeddable":true,"href":"https:\/\/pomello.ee\/en\/wp-json\/wp\/v2\/product_brand?post=41266"},{"taxonomy":"product_cat","embeddable":true,"href":"https:\/\/pomello.ee\/en\/wp-json\/wp\/v2\/product_cat?post=41266"},{"taxonomy":"product_tag","embeddable":true,"href":"https:\/\/pomello.ee\/en\/wp-json\/wp\/v2\/product_tag?post=41266"}],"curies":[{"name":"wp","href":"https:\/\/api.w.org\/{rel}","templated":true}]}}