{"id":41441,"date":"2026-04-25T07:56:55","date_gmt":"2026-04-25T05:56:55","guid":{"rendered":"https:\/\/pomello.ee\/?post_type=product&#038;p=41441"},"modified":"2026-04-28T07:12:34","modified_gmt":"2026-04-28T05:12:34","slug":"omega-grandeur-ooteala-tool-ilusalongi","status":"publish","type":"product","link":"https:\/\/pomello.ee\/en\/toode\/omega-grandeur-ooteala-tool-ilusalongi\/","title":{"rendered":"Omega Grandeur ooteala tool ilusalongi"},"content":{"rendered":"<p data-start=\"0\" data-end=\"232\">Omega on juuksuri- ja barberiseadmete br\u00e4nd, mis on spetsialiseerunud professionaalsetele salongidele m\u00f5eldud m\u00f6\u00f6blile. Nende funktsionaalsed ja stiilsed lahendused on loodud stilistide ja barberite igap\u00e4evast t\u00f6\u00f6d silmas pidades.<\/p>\n<p data-start=\"234\" data-end=\"378\" data-is-last-node=\"\" data-is-only-node=\"\">Br\u00e4ndi tooted \u00fchendavad vastupidava konstruktsiooni, ergonoomika ning mitmek\u00fclgse disaini, mis sobitub sujuvalt erinevate salongiinterj\u00f6\u00f6ridega.<\/p>\n<p><img decoding=\"async\" src=\"https:\/\/activeshop.com.pl\/media\/wysiwyg\/product\/154507\/EN_154507_02.jpg\" alt=\"\"><\/p>\n<p data-start=\"0\" data-end=\"37\"><strong data-start=\"0\" data-end=\"37\">Elegants ja mugavus sinu salongis<\/strong><\/p>\n<p data-start=\"39\" data-end=\"250\">Omega Grandeur ooteala tool on loodud neile, kes hindavad lisaks mugavusele ka stiilseid detaile. See pakub kliendile mugavat olemist ooteajal ning aitab luua salongi vastuv\u00f5tualal sooja ja kutsuva atmosf\u00e4\u00e4ri.<\/p>\n<p data-start=\"252\" data-end=\"437\" data-is-last-node=\"\" data-is-only-node=\"\">Pehme ja mugav iste soodustab l\u00f5\u00f5gastumist, samas kui m\u00f6\u00f6bli l\u00e4bim\u00f5eldud ja elegantne disain r\u00f5hutab interj\u00f6\u00f6ri professionaalset ilmet ning aitab j\u00e4tta klientidele positiivse esmamulje.<\/p>\n<p><img decoding=\"async\" src=\"https:\/\/activeshop.com.pl\/media\/wysiwyg\/product\/154507\/EN_154507_03.jpg\" alt=\"\"><\/p>\n<p data-start=\"0\" data-end=\"30\"><strong data-start=\"0\" data-end=\"30\">Funktsionaalsus ja mugavus<\/strong><\/p>\n<p data-start=\"32\" data-end=\"251\">Tool on valmistatud vastupidavast s\u00fcnteetilisest nahast elegantses helepruunis toonis. Polsterdusmaterjal on niiskuskindel ja kergesti puhastatav, mis aitab s\u00e4ilitada m\u00f6\u00f6bli kauni v\u00e4limuse ka pikaajalisel kasutamisel.<\/p>\n<p data-start=\"253\" data-end=\"485\" data-is-last-node=\"\" data-is-only-node=\"\">Tugev heledas toonis metallraam t\u00e4iendab ideaalselt polsterduse v\u00e4rvigammat. V\u00e4lispinna dekoratiivne muster, mis on inspireeritud Art Deco stiilist, annab toolile erilise iseloomu ning t\u00f5mbab pilku, r\u00f5hutades kogu interj\u00f6\u00f6ri stiili.<\/p>\n<div class=\"video-container\"><iframe loading=\"lazy\" src=\"https:\/\/www.youtube.com\/embed\/HVhMaHbVhtc\" width=\"560\" height=\"315\" frameborder=\"0\" allowfullscreen=\"allowfullscreen\" data-mce-fragment=\"1\"><\/iframe><\/div>\n<p><strong data-start=\"92\" data-end=\"101\">V\u00e4rv:<\/strong> helepruunid toonid<\/p>\n","protected":false},"excerpt":{"rendered":"<p data-start=\"0\" data-end=\"68\"><strong data-start=\"0\" data-end=\"68\">Omega Grandeur ooteala tool ilusalongi \u2013 stiilne esmamulje ja mugav ooteaeg<\/strong><\/p>\n<p data-start=\"70\" data-end=\"328\">Omega Grandeur ooteala tool on loodud salongidele, kes soovivad pakkuda oma klientidele mugavat ja meeldivat ootamiskogemust juba esimesest hetkest. Elegantne disain ja l\u00e4bim\u00f5eldud detailid loovad vastuv\u00f5tualal sooja, kutsuva ning professionaalse atmosf\u00e4\u00e4ri.<\/p>\n<p data-start=\"330\" data-end=\"604\">Pehme ja mugav iste pakub kliendile l\u00f5\u00f5gastust ooteajal, samal ajal kui kvaliteetne s\u00fcnteetilisest nahast polsterdus on vastupidav, niiskuskindel ja kergesti puhastatav \u2013 ideaalne igap\u00e4evaseks kasutamiseks salongikeskkonnas. Helepruun toon lisab ruumile soojust ja hubasust.<\/p>\n<p data-start=\"606\" data-end=\"872\">Tooli tugev metallraam tagab stabiilsuse ning t\u00e4iendab visuaalselt polsterduse elegantset v\u00e4rvigammat. Art Deco stiilist inspireeritud dekoratiivne muster tooli v\u00e4lispinnal annab sellele erilise ja pilkup\u00fc\u00fcdva karakteri, mis aitab r\u00f5hutada salongi unikaalset stiili.<\/p>\n<p data-start=\"874\" data-end=\"1030\"><strong data-start=\"874\" data-end=\"893\">Tehniline info:<\/strong><br data-start=\"893\" data-end=\"896\" \/>\u2022 Polsterdus: s\u00fcnteetiline nahk<br data-start=\"927\" data-end=\"930\" \/>\u2022 V\u00e4rv: helepruunid toonid<br data-start=\"956\" data-end=\"959\" \/>\u2022 Vastupidav ja kergesti puhastatav materjal<br data-start=\"1003\" data-end=\"1006\" \/>\u2022 Stabiilne metallraam<\/p>\n<p data-start=\"1116\" data-end=\"1287\" data-is-last-node=\"\" data-is-only-node=\"\"><strong data-start=\"1116\" data-end=\"1130\">Tarneinfo:<\/strong><br data-start=\"1130\" data-end=\"1133\" \/>Kui toodet ei ole tootja laos saadaval, v\u00f5ib tarneaeg pikeneda. T\u00e4pse tarneaja teada saamiseks palume saata p\u00e4ring e-posti aadressile <strong data-start=\"1267\" data-end=\"1286\"><a class=\"decorated-link cursor-pointer\" rel=\"noopener\" data-start=\"1269\" data-end=\"1284\">info@pomello.ee<\/a><\/strong>.<\/p>\n","protected":false},"featured_media":41443,"comment_status":"open","ping_status":"closed","template":"","meta":{"_monsterinsights_skip_tracking":false,"_monsterinsights_sitenote_active":false,"_monsterinsights_sitenote_note":"","_monsterinsights_sitenote_category":0},"product_brand":[],"product_cat":[1570,1596],"product_tag":[],"class_list":{"0":"post-41441","1":"product","2":"type-product","3":"status-publish","4":"has-post-thumbnail","6":"product_cat-salongisisustus-ja-moobel","7":"product_cat-juuksurisalongi-sisustus","8":"pa_brand-omega","10":"first","11":"instock","12":"taxable","13":"shipping-taxable","14":"purchasable","15":"product-type-simple"},"_links":{"self":[{"href":"https:\/\/pomello.ee\/en\/wp-json\/wp\/v2\/product\/41441","targetHints":{"allow":["GET"]}}],"collection":[{"href":"https:\/\/pomello.ee\/en\/wp-json\/wp\/v2\/product"}],"about":[{"href":"https:\/\/pomello.ee\/en\/wp-json\/wp\/v2\/types\/product"}],"replies":[{"embeddable":true,"href":"https:\/\/pomello.ee\/en\/wp-json\/wp\/v2\/comments?post=41441"}],"wp:featuredmedia":[{"embeddable":true,"href":"https:\/\/pomello.ee\/en\/wp-json\/wp\/v2\/media\/41443"}],"wp:attachment":[{"href":"https:\/\/pomello.ee\/en\/wp-json\/wp\/v2\/media?parent=41441"}],"wp:term":[{"taxonomy":"product_brand","embeddable":true,"href":"https:\/\/pomello.ee\/en\/wp-json\/wp\/v2\/product_brand?post=41441"},{"taxonomy":"product_cat","embeddable":true,"href":"https:\/\/pomello.ee\/en\/wp-json\/wp\/v2\/product_cat?post=41441"},{"taxonomy":"product_tag","embeddable":true,"href":"https:\/\/pomello.ee\/en\/wp-json\/wp\/v2\/product_tag?post=41441"}],"curies":[{"name":"wp","href":"https:\/\/api.w.org\/{rel}","templated":true}]}}