{"id":41602,"date":"2026-04-25T17:21:47","date_gmt":"2026-04-25T15:21:47","guid":{"rendered":"https:\/\/pomello.ee\/?post_type=product&#038;p=41602"},"modified":"2026-04-28T07:06:17","modified_gmt":"2026-04-28T05:06:17","slug":"peapesutool-gabbiano-bergen-must","status":"publish","type":"product","link":"https:\/\/pomello.ee\/en\/toode\/peapesutool-gabbiano-bergen-must\/","title":{"rendered":"Peapesutool Gabbiano Bergen Must"},"content":{"rendered":"","protected":false},"excerpt":{"rendered":"<div class=\"\" data-turn-id-container=\"d0c30021-2a6b-4b18-b168-5f460e2fa01b\" data-is-intersecting=\"true\"><strong data-start=\"0\" data-end=\"73\">Gabbiano Bergen peapesutool \u2013 mugavus ja kvaliteet igap\u00e4evaseks t\u00f6\u00f6ks<\/strong><\/div>\n<div class=\"\" data-turn-id-container=\"request-WEB:0774f57c-acd0-4824-975e-07c981ed9c20-51\" data-is-intersecting=\"true\">\n<section class=\"text-token-text-primary w-full focus:outline-none [--shadow-height:45px] has-data-writing-block:pointer-events-none has-data-writing-block:-mt-(--shadow-height) has-data-writing-block:pt-(--shadow-height) [&amp;:has([data-writing-block])&gt;*]:pointer-events-auto R6Vx5W_threadScrollVars scroll-mb-[calc(var(--scroll-root-safe-area-inset-bottom,0px)+var(--thread-response-height))] scroll-mt-[calc(var(--header-height)+min(200px,max(70px,20svh)))]\" dir=\"auto\" data-turn-id=\"request-WEB:0774f57c-acd0-4824-975e-07c981ed9c20-51\" data-testid=\"conversation-turn-102\" data-scroll-anchor=\"false\" data-turn=\"assistant\">\n<div class=\"text-base my-auto mx-auto pb-10 [--thread-content-margin:var(--thread-content-margin-xs,calc(var(--spacing)*4))] @w-sm\/main:[--thread-content-margin:var(--thread-content-margin-sm,calc(var(--spacing)*6))] @w-lg\/main:[--thread-content-margin:var(--thread-content-margin-lg,calc(var(--spacing)*16))] px-(--thread-content-margin)\">\n<div class=\"[--thread-content-max-width:40rem] @w-lg\/main:[--thread-content-max-width:48rem] mx-auto max-w-(--thread-content-max-width) flex-1 group\/turn-messages focus-visible:outline-hidden relative flex w-full min-w-0 flex-col agent-turn\">\n<div class=\"flex max-w-full flex-col gap-4 grow\">\n<div class=\"min-h-8 text-message relative flex w-full flex-col items-end gap-2 text-start break-words whitespace-normal outline-none keyboard-focused:focus-ring [.text-message+&amp;]:mt-1\" dir=\"auto\" tabindex=\"0\" data-message-author-role=\"assistant\" data-message-id=\"2a313048-e806-4804-a9a5-fc1bfb7c5fe2\" data-message-model-slug=\"gpt-5-3\" data-turn-start-message=\"true\">\n<div class=\"flex w-full flex-col gap-1 empty:hidden\">\n<div class=\"markdown prose dark:prose-invert w-full wrap-break-word light markdown-new-styling\">\n<p data-start=\"75\" data-end=\"335\">Gabbiano Bergen peapesutool on loodud professionaalseks kasutamiseks juuksurisalongis, pakkudes ideaalset kombinatsiooni mugavusest, vastupidavusest ja stiilsest disainist. See on praktiline valik salongi, kus hinnatakse nii kliendi heaolu kui ka t\u00f6\u00f6 sujuvust.<\/p>\n<p data-start=\"337\" data-end=\"630\">Ergonoomiline iste v\u00f5imaldab kliendil v\u00f5tta mugava poollamava asendi, samas kui stabiilne seljatugi ja k\u00e4etoed tagavad maksimaalse toe ka pikemate protseduuride ajal. S\u00fcgav keraamiline kauss aitab v\u00e4hendada vee pritsimist ning muudab juuste pesemise mugavaks nii kliendile kui ka teenindajale.<\/p>\n<p data-start=\"632\" data-end=\"868\">Kvaliteetne s\u00fcnteetilisest nahast polsterdus on vastupidav, niiskuskindel ja kergesti puhastatav, sobides ideaalselt intensiivseks igap\u00e4evaseks kasutamiseks. Tugev konstruktsioon ja stabiilne alus tagavad kindla toe ning pika kasutusea.<\/p>\n<p data-start=\"870\" data-end=\"1099\"><strong data-start=\"870\" data-end=\"892\">Peamised omadused:<\/strong><br data-start=\"892\" data-end=\"895\" \/>\u2022 Mugav ja ergonoomiline peapesutool<br data-start=\"931\" data-end=\"934\" \/>\u2022 S\u00fcgav keraamiline kauss<br data-start=\"959\" data-end=\"962\" \/>\u2022 Vastupidav ja lihtsasti puhastatav polsterdus<br data-start=\"1009\" data-end=\"1012\" \/>\u2022 Sobib professionaalseks kasutamiseks salongis<br data-start=\"1059\" data-end=\"1062\" \/>\u2022 Stabiilne ja tugev konstruktsioon<\/p>\n<p data-start=\"1185\" data-end=\"1356\" data-is-last-node=\"\" data-is-only-node=\"\"><strong data-start=\"1185\" data-end=\"1199\">Tarneinfo:<\/strong><br data-start=\"1199\" data-end=\"1202\" \/>Kui toodet ei ole tootja laos saadaval, v\u00f5ib tarneaeg pikeneda. T\u00e4pse tarneaja teada saamiseks palume saata p\u00e4ring e-posti aadressile <strong data-start=\"1336\" data-end=\"1355\"><a class=\"decorated-link cursor-pointer\" rel=\"noopener\" data-start=\"1338\" data-end=\"1353\">info@pomello.ee<\/a><\/strong>.<\/p>\n<\/div>\n<\/div>\n<\/div>\n<\/div>\n<\/div>\n<\/div>\n<\/section>\n<\/div>\n","protected":false},"featured_media":41607,"comment_status":"open","ping_status":"closed","template":"","meta":{"_monsterinsights_skip_tracking":false,"_monsterinsights_sitenote_active":false,"_monsterinsights_sitenote_note":"","_monsterinsights_sitenote_category":0},"product_brand":[],"product_cat":[1570,1596],"product_tag":[1579],"class_list":{"0":"post-41602","1":"product","2":"type-product","3":"status-publish","4":"has-post-thumbnail","6":"product_cat-salongisisustus-ja-moobel","7":"product_cat-juuksurisalongi-sisustus","8":"product_tag-installation","9":"pa_brand-gabbiano","11":"first","12":"instock","13":"taxable","14":"shipping-taxable","15":"purchasable","16":"product-type-simple"},"_links":{"self":[{"href":"https:\/\/pomello.ee\/en\/wp-json\/wp\/v2\/product\/41602","targetHints":{"allow":["GET"]}}],"collection":[{"href":"https:\/\/pomello.ee\/en\/wp-json\/wp\/v2\/product"}],"about":[{"href":"https:\/\/pomello.ee\/en\/wp-json\/wp\/v2\/types\/product"}],"replies":[{"embeddable":true,"href":"https:\/\/pomello.ee\/en\/wp-json\/wp\/v2\/comments?post=41602"}],"wp:featuredmedia":[{"embeddable":true,"href":"https:\/\/pomello.ee\/en\/wp-json\/wp\/v2\/media\/41607"}],"wp:attachment":[{"href":"https:\/\/pomello.ee\/en\/wp-json\/wp\/v2\/media?parent=41602"}],"wp:term":[{"taxonomy":"product_brand","embeddable":true,"href":"https:\/\/pomello.ee\/en\/wp-json\/wp\/v2\/product_brand?post=41602"},{"taxonomy":"product_cat","embeddable":true,"href":"https:\/\/pomello.ee\/en\/wp-json\/wp\/v2\/product_cat?post=41602"},{"taxonomy":"product_tag","embeddable":true,"href":"https:\/\/pomello.ee\/en\/wp-json\/wp\/v2\/product_tag?post=41602"}],"curies":[{"name":"wp","href":"https:\/\/api.w.org\/{rel}","templated":true}]}}