{"id":41615,"date":"2026-04-25T17:35:05","date_gmt":"2026-04-25T15:35:05","guid":{"rendered":"https:\/\/pomello.ee\/?post_type=product&#038;p=41615"},"modified":"2026-04-28T07:04:14","modified_gmt":"2026-04-28T05:04:14","slug":"peapesutool-gabbiano-carmen-must","status":"publish","type":"product","link":"https:\/\/pomello.ee\/en\/toode\/peapesutool-gabbiano-carmen-must\/","title":{"rendered":"Peapesutool Gabbiano Carmen Must"},"content":{"rendered":"<div class=\"\" data-turn-id-container=\"request-WEB:0774f57c-acd0-4824-975e-07c981ed9c20-52\" data-is-intersecting=\"true\">\n<section class=\"text-token-text-primary w-full focus:outline-none [--shadow-height:45px] has-data-writing-block:pointer-events-none has-data-writing-block:-mt-(--shadow-height) has-data-writing-block:pt-(--shadow-height) [&amp;:has([data-writing-block])&gt;*]:pointer-events-auto R6Vx5W_threadScrollVars scroll-mb-[calc(var(--scroll-root-safe-area-inset-bottom,0px)+var(--thread-response-height))] scroll-mt-[calc(var(--header-height)+min(200px,max(70px,20svh)))]\" dir=\"auto\" data-turn-id=\"request-WEB:0774f57c-acd0-4824-975e-07c981ed9c20-52\" data-testid=\"conversation-turn-104\" data-scroll-anchor=\"false\" data-turn=\"assistant\">\n<div class=\"text-base my-auto mx-auto pb-10 [--thread-content-margin:var(--thread-content-margin-xs,calc(var(--spacing)*4))] @w-sm\/main:[--thread-content-margin:var(--thread-content-margin-sm,calc(var(--spacing)*6))] @w-lg\/main:[--thread-content-margin:var(--thread-content-margin-lg,calc(var(--spacing)*16))] px-(--thread-content-margin)\">\n<div class=\"[--thread-content-max-width:40rem] @w-lg\/main:[--thread-content-max-width:48rem] mx-auto max-w-(--thread-content-max-width) flex-1 group\/turn-messages focus-visible:outline-hidden relative flex w-full min-w-0 flex-col agent-turn\">\n<div class=\"flex max-w-full flex-col gap-4 grow\">\n<div class=\"min-h-8 text-message relative flex w-full flex-col items-end gap-2 text-start break-words whitespace-normal outline-none keyboard-focused:focus-ring [.text-message+&amp;]:mt-1\" dir=\"auto\" tabindex=\"0\" data-message-author-role=\"assistant\" data-message-id=\"6faba64b-52ec-45bc-9c69-b23253adb46a\" data-message-model-slug=\"gpt-5-3\" data-turn-start-message=\"true\">\n<div class=\"flex w-full flex-col gap-1 empty:hidden\">\n<div class=\"markdown prose dark:prose-invert w-full wrap-break-word light markdown-new-styling\">\n<p data-start=\"0\" data-end=\"270\" data-is-last-node=\"\" data-is-only-node=\"\">Gabbiano on luksuslik juuksuriseadmete ja -m\u00f6\u00f6bli br\u00e4nd, mis paistab silma oma t\u00f6\u00f6kindluse, kvaliteedi, viimistluse esteetika ning k\u00f5rge kasutusmugavuse poolest. Br\u00e4nd pakub laia valikut funktsionaalset salongisisustust, sealhulgas toole, peapesuseadmeid ja infratsoone.<\/p>\n<\/div>\n<\/div>\n<\/div>\n<\/div>\n<div class=\"z-0 flex min-h-[46px] justify-start\"><\/div>\n<\/div>\n<\/div>\n<\/section>\n<\/div>\n<p><img decoding=\"async\" src=\"https:\/\/activeshop.com.pl\/media\/wysiwyg\/product\/153420\/EN_153420_2.jpg\" alt=\"\"><\/p>\n<p data-start=\"0\" data-end=\"33\"><strong data-start=\"0\" data-end=\"33\">Oluline osa juuksurisalongist<\/strong><\/p>\n<p data-start=\"35\" data-end=\"249\">Reguleeritava jalatoega Gabbiano Carmen peapesutool on praktiline ja stiilne element iga juuksurisalongi sisustuses. See v\u00f5imaldab mugavalt teostada p\u00f5hilisi protseduure, nagu juuste pesu, v\u00e4rvimine ja hooldused.<\/p>\n<p data-start=\"251\" data-end=\"492\" data-is-last-node=\"\" data-is-only-node=\"\">Integreeritud konstruktsioon tagab mugavuse nii stilistile kui ka kliendile, samas kui modernne disain r\u00f5hutab salongi iseloomu. Reguleeritav jalatugi lisab igale protseduurile t\u00e4iendavat mugavust, muutes kliendikogemuse veelgi meeldivamaks.<\/p>\n<p><img decoding=\"async\" src=\"https:\/\/activeshop.com.pl\/media\/wysiwyg\/product\/153420\/EN_153420_3.jpg\" alt=\"\"><\/p>\n<p data-start=\"0\" data-end=\"26\"><strong data-start=\"0\" data-end=\"26\">Praktiline kraanikauss<\/strong><\/p>\n<p data-start=\"28\" data-end=\"270\">Sobiva s\u00fcgavusega must keraamiline kraanikauss v\u00e4hendab t\u00f5husalt vee ja toodete pritsimist protseduuride ajal. Reguleeritav kaldenurk v\u00f5imaldab selle asendit lihtsasti kohandada vastavalt vajadusele, muutes t\u00f6\u00f6 mugavamaks ja efektiivsemaks.<\/p>\n<p data-start=\"272\" data-end=\"592\" data-is-last-node=\"\" data-is-only-node=\"\">Kvaliteetne keraamika tagab vastupidavuse, kriimustuskindluse ja v\u00e4rvimuutustele vastupidavuse ning on samal ajal kergesti puhastatav. Ergonoomiliselt kujundatud kaelatugi pakub pesu ajal optimaalset tuge ja mugavust, samas kui mustas toonis plastkate v\u00e4hendab k\u00fclmatunnet ning muudab protseduuri kliendile meeldivamaks.<\/p>\n<p><img decoding=\"async\" src=\"https:\/\/activeshop.com.pl\/media\/wysiwyg\/product\/153420\/EN_153420_4.jpg\" alt=\"\"><\/p>\n<p data-start=\"0\" data-end=\"52\"><strong data-start=\"0\" data-end=\"52\">Funktsionaalsed lahendused mugavaks kasutamiseks<\/strong><\/p>\n<p data-start=\"54\" data-end=\"274\">K\u00e4sitsi reguleeritav jalatugi, mida juhitakse hoova abil, suurendab mugavust protseduuride ajal. Peapesutool on varustatud segistiga, mis v\u00f5imaldab vee temperatuuri lihtsasti vastavalt kliendi eelistustele reguleerida.<\/p>\n<p data-start=\"276\" data-end=\"549\">Praktiline du\u0161iotsiku hoidik aitab hoida t\u00f6\u00f6koha korrastatuna ning integreeritud s\u00f5elaga \u00e4ravoolukork v\u00f5imaldab kontrollida veevoolu ja toetab h\u00fcgieeni. Vee\u00fchendus on peidetud aluse sisse, mis v\u00f5imaldab paigaldust ilma n\u00e4htavate torudeta ja loob puhta visuaalse \u00fcldmulje.<\/p>\n<p data-start=\"551\" data-end=\"756\" data-is-last-node=\"\" data-is-only-node=\"\">Ergonoomiline kuju tagab mugavuse nii kliendile kui ka juuksurile, lihtsustades erinevate teenuste teostamist.<\/p>\n<p><img decoding=\"async\" src=\"https:\/\/activeshop.com.pl\/media\/wysiwyg\/product\/153420\/EN_153420_5.jpg\" alt=\"\"><\/p>\n<p data-start=\"0\" data-end=\"47\"><strong data-start=\"0\" data-end=\"47\">Funktsionaalne m\u00f6\u00f6bliese modernse disainiga<\/strong><\/p>\n<p data-start=\"49\" data-end=\"302\">Ergonoomiliselt kujundatud iste koos vastupidava vahtpolstriga pakub seljale, eriti nimmeosale, piisavat tuge, tagades k\u00f5rge kasutusmugavuse. Polsterdatud k\u00e4etoed aitavad hoida \u00f5lgade \u00f5iget asendit ning toetavad mugavat kehahoiakut protseduuride ajal.<\/p>\n<p data-start=\"304\" data-end=\"538\">Pehme puudutusega mustades toonides s\u00fcnteetiline nahk on vastupidav, kergesti puhastatav ja niiskuskindel, sobides ideaalselt igap\u00e4evaseks intensiivseks kasutamiseks. Peapesutooli modernne vorm lisab interj\u00f6\u00f6rile iseloomu ja stiili.<\/p>\n<p data-start=\"540\" data-end=\"684\" data-is-last-node=\"\" data-is-only-node=\"\">Komplekti kuuluvad k\u00f5ik vajalikud mustas toonis elemendid \u2013 segisti, du\u0161iotsik ja spetsiaalsed voolikud \u2013, luues koheselt kasutusvalmis t\u00f6\u00f6koha.<\/p>\n<div class=\"video-container\"><iframe loading=\"lazy\" src=\"https:\/\/www.youtube.com\/embed\/2iAnr4n09Yk\" width=\"560\" height=\"315\" frameborder=\"0\" allowfullscreen=\"allowfullscreen\" data-mce-fragment=\"1\"><\/iframe><\/div>\n<p data-start=\"0\" data-end=\"37\">T\u00e4psed m\u00f5\u00f5dud on toodud tootefotol.<\/p>\n<p data-start=\"39\" data-end=\"252\" data-is-last-node=\"\" data-is-only-node=\"\"><strong data-start=\"39\" data-end=\"61\">Tehnilised andmed:<\/strong><br data-start=\"61\" data-end=\"64\" \/>Kausi materjal: keraamika<br data-start=\"89\" data-end=\"92\" \/>Kausi v\u00e4rv: mustad toonid<br data-start=\"117\" data-end=\"120\" \/>Polsterduse v\u00e4rv: mustad toonid<br data-start=\"151\" data-end=\"154\" \/>Aluse v\u00e4rv: mustad toonid<br data-start=\"179\" data-end=\"182\" \/>Furnituuri v\u00e4rv: mustad toonid<br data-start=\"212\" data-end=\"215\" \/>Polsterdusmaterjal: s\u00fcnteetiline nahk<\/p>\n","protected":false},"excerpt":{"rendered":"<p data-start=\"0\" data-end=\"77\"><strong data-start=\"0\" data-end=\"77\">Gabbiano Carmen peapesutool \u2013 mugavus, funktsionaalsus ja modernne disain<\/strong><\/p>\n<p data-start=\"79\" data-end=\"365\">Gabbiano Carmen peapesutool on loodud professionaalseks kasutamiseks juuksurisalongis, pakkudes maksimaalset mugavust nii kliendile kui ka stilistile. Selle kaasaegne ja elegantne v\u00e4limus sobitub suurep\u00e4raselt erinevatesse salongiinterj\u00f6\u00f6ridesse, r\u00f5hutades ruumi professionaalset ilmet.<\/p>\n<p data-start=\"367\" data-end=\"655\">Ergonoomiliselt kujundatud iste koos pehme ja vastupidava polstriga toetab keha loomulikku asendit ning tagab mugavuse ka pikemate protseduuride ajal. Polsterdatud k\u00e4etoed aitavad hoida \u00f5lad \u00f5iges asendis, samas kui reguleeritav jalatugi v\u00f5imaldab kliendil l\u00f5\u00f5gastuda poollamavas asendis.<\/p>\n<p data-start=\"657\" data-end=\"973\">S\u00fcgav must keraamiline kauss v\u00e4hendab vee ja toodete pritsimist ning on vastupidav kriimustustele, v\u00e4rvimuutustele ja keemilistele ainetele. Reguleeritav kaldenurk v\u00f5imaldab kohandada kausi asendit vastavalt vajadusele. Kaelatugi ja pehme kate v\u00e4hendavad ebamugavust ning muudavad peapesu kliendi jaoks meeldivamaks.<\/p>\n<p data-start=\"975\" data-end=\"1183\">Peapesutool on varustatud segisti, du\u0161iotsiku ja voolikutega, mis tagavad kohese kasutusvalmiduse. Integreeritud \u00e4ravoolus\u00fcsteem ja peidetud vee\u00fchendus aitavad hoida t\u00f6\u00f6koha visuaalselt puhta ja korrastatuna.<\/p>\n<p data-start=\"1185\" data-end=\"1334\"><strong data-start=\"1185\" data-end=\"1207\">Tehnilised andmed:<\/strong><br data-start=\"1207\" data-end=\"1210\" \/>\u2022 Kausi materjal: keraamika<br data-start=\"1237\" data-end=\"1240\" \/>\u2022 Kausi v\u00e4rv: must<br data-start=\"1258\" data-end=\"1261\" \/>\u2022 Polsterdus: s\u00fcnteetiline nahk<br data-start=\"1292\" data-end=\"1295\" \/>\u2022 V\u00e4rv: must<br data-start=\"1307\" data-end=\"1310\" \/>\u2022 Furnituur: must toon<\/p>\n<p data-start=\"1420\" data-end=\"1591\" data-is-last-node=\"\" data-is-only-node=\"\"><strong data-start=\"1420\" data-end=\"1434\">Tarneinfo:<\/strong><br data-start=\"1434\" data-end=\"1437\" \/>Kui toodet ei ole tootja laos saadaval, v\u00f5ib tarneaeg pikeneda. T\u00e4pse tarneaja teada saamiseks palume saata p\u00e4ring e-posti aadressile <strong data-start=\"1571\" data-end=\"1590\"><a class=\"decorated-link cursor-pointer\" rel=\"noopener\" data-start=\"1573\" data-end=\"1588\">info@pomello.ee<\/a><\/strong>.<\/p>\n","protected":false},"featured_media":41620,"comment_status":"open","ping_status":"closed","template":"","meta":{"_monsterinsights_skip_tracking":false,"_monsterinsights_sitenote_active":false,"_monsterinsights_sitenote_note":"","_monsterinsights_sitenote_category":0},"product_brand":[],"product_cat":[1570,1596],"product_tag":[1579],"class_list":{"0":"post-41615","1":"product","2":"type-product","3":"status-publish","4":"has-post-thumbnail","6":"product_cat-salongisisustus-ja-moobel","7":"product_cat-juuksurisalongi-sisustus","8":"product_tag-installation","9":"pa_brand-gabbiano","11":"first","12":"instock","13":"taxable","14":"shipping-taxable","15":"purchasable","16":"product-type-simple"},"_links":{"self":[{"href":"https:\/\/pomello.ee\/en\/wp-json\/wp\/v2\/product\/41615","targetHints":{"allow":["GET"]}}],"collection":[{"href":"https:\/\/pomello.ee\/en\/wp-json\/wp\/v2\/product"}],"about":[{"href":"https:\/\/pomello.ee\/en\/wp-json\/wp\/v2\/types\/product"}],"replies":[{"embeddable":true,"href":"https:\/\/pomello.ee\/en\/wp-json\/wp\/v2\/comments?post=41615"}],"wp:featuredmedia":[{"embeddable":true,"href":"https:\/\/pomello.ee\/en\/wp-json\/wp\/v2\/media\/41620"}],"wp:attachment":[{"href":"https:\/\/pomello.ee\/en\/wp-json\/wp\/v2\/media?parent=41615"}],"wp:term":[{"taxonomy":"product_brand","embeddable":true,"href":"https:\/\/pomello.ee\/en\/wp-json\/wp\/v2\/product_brand?post=41615"},{"taxonomy":"product_cat","embeddable":true,"href":"https:\/\/pomello.ee\/en\/wp-json\/wp\/v2\/product_cat?post=41615"},{"taxonomy":"product_tag","embeddable":true,"href":"https:\/\/pomello.ee\/en\/wp-json\/wp\/v2\/product_tag?post=41615"}],"curies":[{"name":"wp","href":"https:\/\/api.w.org\/{rel}","templated":true}]}}