{"id":23042,"date":"2022-09-18T20:33:53","date_gmt":"2022-09-18T18:33:53","guid":{"rendered":"https:\/\/pomello.ee\/miksi-tulla-pomello-ee-asiakkaaksi\/"},"modified":"2024-01-31T16:40:26","modified_gmt":"2024-01-31T13:40:26","slug":"miksi-tulla-pomello-ee-asiakkaaksi","status":"publish","type":"page","link":"https:\/\/pomello.ee\/fi\/miksi-tulla-pomello-ee-asiakkaaksi\/","title":{"rendered":"Miksi tulla Pomello.ee asiakkaaksi?"},"content":{"rendered":"<style>\/*! elementor - v3.15.0 - 20-08-2023 *\/\n.elementor-heading-title{padding:0;margin:0;line-height:1}.elementor-widget-heading .elementor-heading-title[class*=elementor-size-]>a{color:inherit;font-size:inherit;line-height:inherit}.elementor-widget-heading .elementor-heading-title.elementor-size-small{font-size:15px}.elementor-widget-heading .elementor-heading-title.elementor-size-medium{font-size:19px}.elementor-widget-heading .elementor-heading-title.elementor-size-large{font-size:29px}.elementor-widget-heading .elementor-heading-title.elementor-size-xl{font-size:39px}.elementor-widget-heading .elementor-heading-title.elementor-size-xxl{font-size:59px}<\/style>\n<h1>Miksi tulla Pomello.ee asiakkaaksi?<\/h1>\n<p>Verkkokauppa luotiin halusta tarjota kauneudenhoidon ammattilaisille laajempi valikoima ja parempia ty\u00f6kaluja. Koska verkkokaupan luoja on kauneudenhoidon asiantuntija, voimme tarjota asiakkaillemme huolella valittuja ty\u00f6kaluja ja tarvittaessa neuvoja tuotteiden valinnassa.  <\/p>\n<h5> <\/h5>\n<h4><b>HUOLELLISESTI VALITUT KAUNEUSTUOTTEET<\/b><\/h4>\n<p>Edustamme eksklusiivisia ja laadukkaita br\u00e4ndej\u00e4 ja tarjoamme my\u00f6s tarvikkeita, jotka ovat v\u00e4ltt\u00e4m\u00e4tt\u00f6mi\u00e4 jokaiselle lash lift -mestarille ja kulmakarva teknikolle. <b><br \/><\/b><\/p>\n<h4><b>TESTATTU JA HYV\u00c4KSYTTY<\/b><\/h4>\n<p>Myymme tuotteita, jotka ovat kauneudenhoidon ammattilaisten testaamia ja hyv\u00e4ksymi\u00e4. <b><br \/><\/b><\/p>\n<h4><b>VAHVA ASIAKASPALVELU<\/b><\/h4>\n<p>Jos kamppailet itsep\u00e4isten ripsien kanssa tai et l\u00f6yd\u00e4 herk\u00e4lle kasvojen iholle sopivaa vahaa karvanpoistoon, Pomello.ee -verkkokaupasta l\u00f6yd\u00e4t sopivat tuotteet my\u00f6s vaativimmille asiakkaille. <br \/>Jos haluat neuvotella kanssamme, kirjoita meille, niin etsit\u00e4\u00e4n yhdess\u00e4 sinulle parhaat tuotteet!<br \/><b><br \/><\/b><\/p>\n<h4><b>PIKATOIMITUS <\/b><\/h4>\n<p>Tilaukset saapuvat asiakkaalle 3-5 arkip\u00e4iv\u00e4ss\u00e4. Tilaukset Euroopassa 5-7 arkip\u00e4iv\u00e4ss\u00e4. <br \/><b><br \/><\/b><\/p>\n<h4><b>ILMAINEN TOIMITUS<\/b><\/h4>\n<p>Ilmainen toimitus pakettiautomaattiin 250\u20ac ostoksesta alkaen.<br \/><b><br \/><\/b><\/p>\n<h4><b>KANNATAMME KIERR\u00c4TYST\u00c4<\/b><\/h4>\n<p>L\u00e4hetyksen yhteydess\u00e4 pakkaamme tilaukset ymp\u00e4rist\u00f6yst\u00e4v\u00e4llisiin kierr\u00e4tys pakkauksiin ja l\u00e4het\u00e4mme laskut s\u00e4hk\u00f6postitse.<\/p>\n","protected":false},"excerpt":{"rendered":"<p>Miksi tulla Pomello.ee asiakkaaksi? Verkkokauppa luotiin halusta tarjota kauneudenhoidon ammattilaisille laajempi valikoima ja parempia ty\u00f6kaluja. Koska verkkokaupan luoja on kauneudenhoidon<\/p>\n","protected":false},"author":2,"featured_media":0,"parent":0,"menu_order":0,"comment_status":"closed","ping_status":"closed","template":"","meta":{"_monsterinsights_skip_tracking":false,"_monsterinsights_sitenote_active":false,"_monsterinsights_sitenote_note":"","_monsterinsights_sitenote_category":0,"footnotes":""},"class_list":["post-23042","page","type-page","status-publish","hentry"],"_links":{"self":[{"href":"https:\/\/pomello.ee\/fi\/wp-json\/wp\/v2\/pages\/23042","targetHints":{"allow":["GET"]}}],"collection":[{"href":"https:\/\/pomello.ee\/fi\/wp-json\/wp\/v2\/pages"}],"about":[{"href":"https:\/\/pomello.ee\/fi\/wp-json\/wp\/v2\/types\/page"}],"author":[{"embeddable":true,"href":"https:\/\/pomello.ee\/fi\/wp-json\/wp\/v2\/users\/2"}],"replies":[{"embeddable":true,"href":"https:\/\/pomello.ee\/fi\/wp-json\/wp\/v2\/comments?post=23042"}],"version-history":[{"count":0,"href":"https:\/\/pomello.ee\/fi\/wp-json\/wp\/v2\/pages\/23042\/revisions"}],"wp:attachment":[{"href":"https:\/\/pomello.ee\/fi\/wp-json\/wp\/v2\/media?parent=23042"}],"curies":[{"name":"wp","href":"https:\/\/api.w.org\/{rel}","templated":true}]}}