{"id":23044,"date":"2022-09-18T20:56:54","date_gmt":"2022-09-18T18:56:54","guid":{"rendered":"https:\/\/pomello.ee\/toimitukset\/"},"modified":"2025-03-03T10:38:56","modified_gmt":"2025-03-03T08:38:56","slug":"toimitukset","status":"publish","type":"page","link":"https:\/\/pomello.ee\/fi\/toimitukset\/","title":{"rendered":"Toimitukset"},"content":{"rendered":"<div class=\"wpb-content-wrapper\"><p>[vc_row][vc_column][vc_column_text css=&#8221;&#8221; woodmart_inline=&#8221;no&#8221; text_larger=&#8221;no&#8221;]<\/p>\n<style>\/*! elementor - v3.15.0 - 20-08-2023 *\/<br \/>.elementor-heading-title{padding:0;margin:0;line-height:1}.elementor-widget-heading .elementor-heading-title[class*=elementor-size-]>a{color:inherit;font-size:inherit;line-height:inherit}.elementor-widget-heading .elementor-heading-title.elementor-size-small{font-size:15px}.elementor-widget-heading .elementor-heading-title.elementor-size-medium{font-size:19px}.elementor-widget-heading .elementor-heading-title.elementor-size-large{font-size:29px}.elementor-widget-heading .elementor-heading-title.elementor-size-xl{font-size:39px}.elementor-widget-heading .elementor-heading-title.elementor-size-xxl{font-size:59px}<\/style>\n<h1>Toimitukset<\/h1>\n<h4>\u2714 <strong>ILMAINEN toimitus Suomeen<\/strong> pakettiautomaatteihin 99\u20ac tai sit\u00e4 suuremmille ostoksille.<\/h4>\n<p>\ud83d\udce6 <strong>Nopea toimitus!<\/strong> L\u00e4het\u00e4mme kaikki tilaukset <strong>24 tunnin sis\u00e4ll\u00e4 (arkip\u00e4ivisin)<\/strong>. Toimitusaika Suomeen on <strong>2-5 arkip\u00e4iv\u00e4\u00e4<\/strong>. Viikonloppuisin ja pyh\u00e4p\u00e4ivin\u00e4 tehdyt tilaukset l\u00e4hetet\u00e4\u00e4n ensimm\u00e4isen\u00e4 arkip\u00e4iv\u00e4n\u00e4. Kampanja-aikoina toimitus saattaa viiv\u00e4sty\u00e4.<\/p>\n<h4><strong>Posti (pakettiautomaatti)<\/strong><\/h4>\n<p>Hinta 7,80 \u20ac<\/p>\n<p>Kun paketti on saapunut kohde pakettiautomaattiin, l\u00e4hetet\u00e4\u00e4n tekstiviesti tilauksessa mainittuun matkapuhelimeen.<\/p>\n<p>Kun olet saanut tekstiviestin, mene koneelle ja sy\u00f6t\u00e4 tekstiviestiss\u00e4 oleva ovikoodi.<\/p>\n<p>Paketti tulee noutaa 7 p\u00e4iv\u00e4n sis\u00e4ll\u00e4 sen saapumisesta pakettiautomaattiin.<\/p>\n<p><a href=\"https:\/\/www.smartpost.ee\/pakiautomaatide-asukohad\" target=\"_blank\" rel=\"noopener\"><u>Itellan koneiden sijainnit ja aukioloajat https:\/\/itella.ee\/posti-pakiautomaadid-pakipunktid-ja-postkontorid-soomes\/<\/u><\/a><\/p>\n<p><a href=\"https:\/\/www.smartpost.ee\/pakkide-saatmine\/pakkide-liikumise-graafik\" target=\"_blank\" rel=\"noopener\"><u>Automaatide t\u00e4itmise kellaajad<\/u><\/a><\/p>\n<p><img decoding=\"async\" class=\"alignnone size-medium wp-image-31464\" src=\"https:\/\/pomello.ee\/wp-content\/uploads\/2025\/03\/SmartPosti_logo-RGB-300x66.png\" alt=\"\" width=\"300\" height=\"66\" srcset=\"https:\/\/pomello.ee\/wp-content\/uploads\/2025\/03\/SmartPosti_logo-RGB-300x66.png 300w, https:\/\/pomello.ee\/wp-content\/uploads\/2025\/03\/SmartPosti_logo-RGB-1024x225.png 1024w, https:\/\/pomello.ee\/wp-content\/uploads\/2025\/03\/SmartPosti_logo-RGB-768x169.png 768w, https:\/\/pomello.ee\/wp-content\/uploads\/2025\/03\/SmartPosti_logo-RGB-1536x337.png 1536w, https:\/\/pomello.ee\/wp-content\/uploads\/2025\/03\/SmartPosti_logo-RGB-1200x263.png 1200w, https:\/\/pomello.ee\/wp-content\/uploads\/2025\/03\/SmartPosti_logo-RGB-100x22.png 100w, https:\/\/pomello.ee\/wp-content\/uploads\/2025\/03\/SmartPosti_logo-RGB.png 1808w\" sizes=\"(max-width: 300px) 100vw, 300px\" \/>[\/vc_column_text][\/vc_column][\/vc_row]<\/p>\n<\/div>","protected":false},"excerpt":{"rendered":"<p>[vc_row][vc_column][vc_column_text css=&#8221;&#8221; woodmart_inline=&#8221;no&#8221; text_larger=&#8221;no&#8221;] Toimitukset \u2714 ILMAINEN toimitus Suomeen pakettiautomaatteihin 99\u20ac tai sit\u00e4 suuremmille ostoksille. \ud83d\udce6 Nopea toimitus! L\u00e4het\u00e4mme kaikki<\/p>\n","protected":false},"author":2,"featured_media":0,"parent":0,"menu_order":0,"comment_status":"closed","ping_status":"closed","template":"","meta":{"_monsterinsights_skip_tracking":false,"_monsterinsights_sitenote_active":false,"_monsterinsights_sitenote_note":"","_monsterinsights_sitenote_category":0,"footnotes":""},"class_list":["post-23044","page","type-page","status-publish","hentry"],"_links":{"self":[{"href":"https:\/\/pomello.ee\/fi\/wp-json\/wp\/v2\/pages\/23044","targetHints":{"allow":["GET"]}}],"collection":[{"href":"https:\/\/pomello.ee\/fi\/wp-json\/wp\/v2\/pages"}],"about":[{"href":"https:\/\/pomello.ee\/fi\/wp-json\/wp\/v2\/types\/page"}],"author":[{"embeddable":true,"href":"https:\/\/pomello.ee\/fi\/wp-json\/wp\/v2\/users\/2"}],"replies":[{"embeddable":true,"href":"https:\/\/pomello.ee\/fi\/wp-json\/wp\/v2\/comments?post=23044"}],"version-history":[{"count":2,"href":"https:\/\/pomello.ee\/fi\/wp-json\/wp\/v2\/pages\/23044\/revisions"}],"predecessor-version":[{"id":31468,"href":"https:\/\/pomello.ee\/fi\/wp-json\/wp\/v2\/pages\/23044\/revisions\/31468"}],"wp:attachment":[{"href":"https:\/\/pomello.ee\/fi\/wp-json\/wp\/v2\/media?parent=23044"}],"curies":[{"name":"wp","href":"https:\/\/api.w.org\/{rel}","templated":true}]}}