{"id":23053,"date":"2022-09-18T21:06:00","date_gmt":"2022-09-18T19:06:00","guid":{"rendered":"https:\/\/pomello.ee\/yhteistyokumppaniin\/"},"modified":"2025-07-18T06:33:11","modified_gmt":"2025-07-18T04:33:11","slug":"yhteistyokumppaniin","status":"publish","type":"page","link":"https:\/\/pomello.ee\/fi\/yhteistyokumppaniin\/","title":{"rendered":"Kauneustuotteiden tukkumyynti"},"content":{"rendered":"<style>\/*! elementor - v3.7.7 - 20-09-2022 *\/<br \/>.elementor-heading-title{padding:0;margin:0;line-height:1}.elementor-widget-heading .elementor-heading-title[class*=elementor-size-]&gt;a{color:inherit;font-size:inherit;line-height:inherit}.elementor-widget-heading .elementor-heading-title.elementor-size-small{font-size:15px}.elementor-widget-heading .elementor-heading-title.elementor-size-medium{font-size:19px}.elementor-widget-heading .elementor-heading-title.elementor-size-large{font-size:29px}.elementor-widget-heading .elementor-heading-title.elementor-size-xl{font-size:39px}.elementor-widget-heading .elementor-heading-title.elementor-size-xxl{font-size:59px}<\/style>\n<p><\/p>\n<h1>Kauneustuotteiden tukkumyynti kumppanille<\/h1>\n\n<p><\/p><p data-start=\"263\" data-end=\"460\">Oletko kauneudenhoidon ammattilainen, kouluttaja tai etsitk\u00f6 luotettavia tuotteita suurempina m\u00e4\u00e4rin\u00e4 salonkiisi? Pomello.ee tekee yhteisty\u00f6t\u00e4 ammattilaisten kanssa tarjotakseen parhaat ratkaisut tarpeisiisi.<\/p><br\/><p data-start=\"263\" data-end=\"460\">Tukkumyyntiratkaisumme sopii erinomaisesti:<br\/>\u2714 kouluttajille,<br\/>\u2714 kauneushoitoloiden omistajille,<br\/>\u2714 j\u00e4lleenmyyjille,<br\/>\u2714 kauneuspalvelujen tarjoajille, jotka tarvitsevat suuremman varaston.<\/p><br\/><p data-start=\"462\" data-end=\"652\">Jos haluat tukkutarjouksen, kirjoita meille:<strong><a class=\"cursor-pointer\" href=\"mailto:info@pomello.ee\" rel=\"noopener\" data-start=\"573\" data-end=\"588\"> info@pomello.ee<\/a><\/strong><\/p><br\/><p data-start=\"805\" data-end=\"959\">Lis\u00e4\u00e4 haluamasi tuotteet ja m\u00e4\u00e4r\u00e4t &#8211; otamme sinuun yhteytt\u00e4 mahdollisimman pian!<\/p>\n","protected":false},"excerpt":{"rendered":"<p>Kauneustuotteiden tukkumyynti kumppanille Oletko kauneudenhoidon ammattilainen, kouluttaja tai etsitk\u00f6 luotettavia tuotteita suurempina m\u00e4\u00e4rin\u00e4 salonkiisi? Pomello.ee tekee yhteisty\u00f6t\u00e4 ammattilaisten kanssa tarjotakseen<\/p>\n","protected":false},"author":2,"featured_media":0,"parent":0,"menu_order":0,"comment_status":"closed","ping_status":"closed","template":"","meta":{"_monsterinsights_skip_tracking":false,"_monsterinsights_sitenote_active":false,"_monsterinsights_sitenote_note":"","_monsterinsights_sitenote_category":0,"footnotes":""},"class_list":["post-23053","page","type-page","status-publish","hentry"],"_links":{"self":[{"href":"https:\/\/pomello.ee\/fi\/wp-json\/wp\/v2\/pages\/23053","targetHints":{"allow":["GET"]}}],"collection":[{"href":"https:\/\/pomello.ee\/fi\/wp-json\/wp\/v2\/pages"}],"about":[{"href":"https:\/\/pomello.ee\/fi\/wp-json\/wp\/v2\/types\/page"}],"author":[{"embeddable":true,"href":"https:\/\/pomello.ee\/fi\/wp-json\/wp\/v2\/users\/2"}],"replies":[{"embeddable":true,"href":"https:\/\/pomello.ee\/fi\/wp-json\/wp\/v2\/comments?post=23053"}],"version-history":[{"count":2,"href":"https:\/\/pomello.ee\/fi\/wp-json\/wp\/v2\/pages\/23053\/revisions"}],"predecessor-version":[{"id":33543,"href":"https:\/\/pomello.ee\/fi\/wp-json\/wp\/v2\/pages\/23053\/revisions\/33543"}],"wp:attachment":[{"href":"https:\/\/pomello.ee\/fi\/wp-json\/wp\/v2\/media?parent=23053"}],"curies":[{"name":"wp","href":"https:\/\/api.w.org\/{rel}","templated":true}]}}