{"id":23059,"date":"2021-07-19T10:34:51","date_gmt":"2021-07-19T07:34:51","guid":{"rendered":"https:\/\/pomello.ee\/toivomuskori\/"},"modified":"2024-01-31T18:39:48","modified_gmt":"2024-01-31T15:39:48","slug":"toivomuskori","status":"publish","type":"page","link":"https:\/\/pomello.ee\/fi\/toivomuskori\/","title":{"rendered":"Toivomuskori"},"content":{"rendered":"<form\n\tid=\"yith-wcwl-form\"\n\taction=\"https:\/\/pomello.ee\/soovikorv\/\"\n\tmethod=\"post\"\n\tclass=\"woocommerce yith-wcwl-form wishlist-fragment\"\n\tdata-fragment-options=\"{&quot;per_page&quot;:&quot;10&quot;,&quot;current_page&quot;:1,&quot;pagination&quot;:&quot;yes&quot;,&quot;wishlist_id&quot;:false,&quot;action_params&quot;:false,&quot;no_interactions&quot;:false,&quot;layout&quot;:&quot;&quot;,&quot;wishlist&quot;:false,&quot;is_default&quot;:true,&quot;is_custom_list&quot;:false,&quot;wishlist_token&quot;:&quot;&quot;,&quot;is_private&quot;:false,&quot;count&quot;:0,&quot;page_title&quot;:&quot;Minu soovikorv&quot;,&quot;default_wishlsit_title&quot;:&quot;Minu soovikorv&quot;,&quot;page_links&quot;:false,&quot;is_user_logged_in&quot;:false,&quot;is_user_owner&quot;:true,&quot;can_user_edit_title&quot;:false,&quot;show_price&quot;:true,&quot;show_dateadded&quot;:false,&quot;show_stock_status&quot;:true,&quot;show_add_to_cart&quot;:true,&quot;show_remove_product&quot;:true,&quot;add_to_cart_text&quot;:&quot;Lisa ostukorvi&quot;,&quot;show_ask_estimate_button&quot;:false,&quot;ask_estimate_url&quot;:&quot;&quot;,&quot;price_excl_tax&quot;:false,&quot;show_cb&quot;:false,&quot;show_quantity&quot;:false,&quot;show_variation&quot;:false,&quot;show_price_variations&quot;:false,&quot;show_update&quot;:false,&quot;enable_drag_n_drop&quot;:false,&quot;enable_add_all_to_cart&quot;:false,&quot;move_to_another_wishlist&quot;:false,&quot;repeat_remove_button&quot;:false,&quot;show_last_column&quot;:true,&quot;heading_icon&quot;:&quot;&lt;i class=&quot;fa fa-heart-o&quot;&gt;&lt;\/i&gt;&quot;,&quot;share_enabled&quot;:false,&quot;template_part&quot;:&quot;view&quot;,&quot;additional_info&quot;:false,&quot;available_multi_wishlist&quot;:false,&quot;form_action&quot;:&quot;https:\/\/pomello.ee\/soovikorv\/&quot;,&quot;item&quot;:&quot;wishlist&quot;}\"\n><br \/>\n\t<!-- TITLE --><\/p>\n<h2>Minu soovikorv<\/h2>\n<p><!-- WISHLIST TABLE --><\/p>\n<table\n\tclass=\"shop_table cart wishlist_table wishlist_view traditional responsive   \"\n\tdata-pagination=\"yes\" data-per-page=\"10\" data-page=\"1\"\n\tdata-id=\"\" data-token=\"\"><\/p>\n<thead>\n<tr>\n<th>\n\t\t\t<\/th>\n<th><\/th>\n<th>\n\t\t\t\tToode\n\t\t<\/th>\n<th>\n\t\t\t\t\t\u00dchiku hind\n\t\t\t<\/th>\n<th>\n\t\t\t\t\tLaoseis\n\t\t\t<\/th>\n<th>\n\t\t\t<\/th>\n<\/tr>\n<\/thead>\n<tbody>\n<tr>\n<td colspan=\"6\">Soovikorvis tooted puuduvad.<\/td>\n<\/tr>\n<\/tbody>\n<\/table>\n<p>\t<input type=\"hidden\" id=\"yith_wcwl_edit_wishlist\" name=\"yith_wcwl_edit_wishlist\" value=\"7e162b6683\" \/><input type=\"hidden\" name=\"_wp_http_referer\" value=\"\/wp-json\/wpml\/tm\/v1\/ate\/jobs\/receive\/44\" \/>\t<input type=\"hidden\" value=\"\" name=\"wishlist_id\" id=\"wishlist_id\"><br \/>\n<\/form>\n<style>\/*! elementor - v3.15.0 - 20-08-2023 *\/\n.elementor-heading-title{padding:0;margin:0;line-height:1}.elementor-widget-heading .elementor-heading-title[class*=elementor-size-]>a{color:inherit;font-size:inherit;line-height:inherit}.elementor-widget-heading .elementor-heading-title.elementor-size-small{font-size:15px}.elementor-widget-heading .elementor-heading-title.elementor-size-medium{font-size:19px}.elementor-widget-heading .elementor-heading-title.elementor-size-large{font-size:29px}.elementor-widget-heading .elementor-heading-title.elementor-size-xl{font-size:39px}.elementor-widget-heading .elementor-heading-title.elementor-size-xxl{font-size:59px}<\/style>\n<h2>Saatat pit\u00e4\u00e4 seuraavista tuotteista<\/h2>\n<p>T\u00e4ss\u00e4 on joitain suosituimmista tuotteistamme<\/p>\n<article data-id=\"21788\">\n\t\t\t\t\t\t\t\t\t<a href=\"?add-to-cart=21788\" rel=\"nofollow\" data-product_id=\"21788\" data-product_sku=\"levissime2\"><br \/>\n\t\t\t\t\t\tLisa ostukorvi<br \/>\n\t\t\t\t\t<\/a> <a data-product_id=\"21788\" href=\"#\"><svg width=\"17\" height=\"16\" viewBox=\"0 0 17 16\" fill=\"none\" xmlns=\"http:\/\/www.w3.org\/2000\/svg\">\n\t\t\t\t\t\t<path d=\"M1.88982 8.83733C1.59207 8.31873 1.59207 7.68128 1.88981 7.16267C3.45648 4.43394 5.96236 2.66663 8.78637 2.66663C11.6104 2.66663 14.1162 4.43392 15.6829 7.16262C15.9806 7.68122 15.9806 8.31867 15.6829 8.83727C14.1162 11.566 11.6103 13.3333 8.78634 13.3333C5.96235 13.3333 3.45648 11.566 1.88982 8.83733Z\" stroke=\"#121212\" stroke-width=\"1.5\"\/>\n\t\t\t\t\t\t<ellipse cx=\"8.78662\" cy=\"8\" rx=\"2\" ry=\"2\" stroke=\"#121212\" stroke-width=\"1.5\"\/>\n\t\t\t\t\t<\/svg><\/a><br \/>\n<a href=\"https:\/\/pomello.ee\/toode\/levissime-lash-protector\/\"><img width=\"600\" height=\"600\" src=\"https:\/\/pomello.ee\/wp-content\/uploads\/2024\/01\/LEVISSIME-Lash-Protector-.png\" alt=\"LEVISSIME Lash Protector\" decoding=\"async\" srcset=\"https:\/\/pomello.ee\/wp-content\/uploads\/2024\/01\/LEVISSIME-Lash-Protector-.png 600w, https:\/\/pomello.ee\/wp-content\/uploads\/2024\/01\/LEVISSIME-Lash-Protector--300x300.png 300w, https:\/\/pomello.ee\/wp-content\/uploads\/2024\/01\/LEVISSIME-Lash-Protector--150x150.png 150w, https:\/\/pomello.ee\/wp-content\/uploads\/2024\/01\/LEVISSIME-Lash-Protector--100x100.png 100w, https:\/\/pomello.ee\/wp-content\/uploads\/2024\/01\/LEVISSIME-Lash-Protector--50x50.png 50w\" sizes=\"(max-width: 600px) 100vw, 600px\" \/><\/a>\t\t\t\t\t\t\t\t\t<\/p>\n<h5><a href=\"https:\/\/pomello.ee\/toode\/levissime-lash-protector\/\">LEVISSIME Lash Protector<\/a><\/h5>\n<p>\t\t\t\t\t\t\t\t\t\t\t\t\t\t\t\t\t\t\t\t3,50&euro;<br \/>\n\t\t\t\t\t\t\t<\/article>\n<article data-id=\"21781\">\n\t\t\t\t\t\t\t\t\t<a href=\"?add-to-cart=21781\" rel=\"nofollow\" data-product_id=\"21781\" data-product_sku=\"Noemi27\"><br \/>\n\t\t\t\t\t\tLisa ostukorvi<br \/>\n\t\t\t\t\t<\/a> <a data-product_id=\"21781\" href=\"#\"><svg width=\"17\" height=\"16\" viewBox=\"0 0 17 16\" fill=\"none\" xmlns=\"http:\/\/www.w3.org\/2000\/svg\">\n\t\t\t\t\t\t<path d=\"M1.88982 8.83733C1.59207 8.31873 1.59207 7.68128 1.88981 7.16267C3.45648 4.43394 5.96236 2.66663 8.78637 2.66663C11.6104 2.66663 14.1162 4.43392 15.6829 7.16262C15.9806 7.68122 15.9806 8.31867 15.6829 8.83727C14.1162 11.566 11.6103 13.3333 8.78634 13.3333C5.96235 13.3333 3.45648 11.566 1.88982 8.83733Z\" stroke=\"#121212\" stroke-width=\"1.5\"\/>\n\t\t\t\t\t\t<ellipse cx=\"8.78662\" cy=\"8\" rx=\"2\" ry=\"2\" stroke=\"#121212\" stroke-width=\"1.5\"\/>\n\t\t\t\t\t<\/svg><\/a><br \/>\n<a href=\"https:\/\/pomello.ee\/toode\/noemi-palett-varvide-segamiseks\/\"><img width=\"1087\" height=\"942\" src=\"https:\/\/pomello.ee\/wp-content\/uploads\/2024\/01\/Noemi-palett-varvide-segamiseks.png\" alt=\"Noemi palett v\u00e4rvide segamiseks\" decoding=\"async\" srcset=\"https:\/\/pomello.ee\/wp-content\/uploads\/2024\/01\/Noemi-palett-varvide-segamiseks.png 1087w, https:\/\/pomello.ee\/wp-content\/uploads\/2024\/01\/Noemi-palett-varvide-segamiseks-300x260.png 300w, https:\/\/pomello.ee\/wp-content\/uploads\/2024\/01\/Noemi-palett-varvide-segamiseks-1024x887.png 1024w, https:\/\/pomello.ee\/wp-content\/uploads\/2024\/01\/Noemi-palett-varvide-segamiseks-768x666.png 768w, https:\/\/pomello.ee\/wp-content\/uploads\/2024\/01\/Noemi-palett-varvide-segamiseks-600x520.png 600w\" sizes=\"(max-width: 1087px) 100vw, 1087px\" \/><\/a>\t\t\t\t\t\t\t\t\t<\/p>\n<h5><a href=\"https:\/\/pomello.ee\/toode\/noemi-palett-varvide-segamiseks\/\">NOEMI Palett v\u00e4rvide segamiseks<\/a><\/h5>\n<p>\t\t\t\t\t\t\t\t\t\t\t\t\t\t\t\t\t\t\t\t14,50&euro;<br \/>\n\t\t\t\t\t\t\t<\/article>\n<article data-id=\"21773\">\n\t\t\t\t\t\t\t\t\t<a href=\"?add-to-cart=21773\" rel=\"nofollow\" data-product_id=\"21773\" data-product_sku=\"\"><br \/>\n\t\t\t\t\t\tLisa ostukorvi<br \/>\n\t\t\t\t\t<\/a> <a data-product_id=\"21773\" href=\"#\"><svg width=\"17\" height=\"16\" viewBox=\"0 0 17 16\" fill=\"none\" xmlns=\"http:\/\/www.w3.org\/2000\/svg\">\n\t\t\t\t\t\t<path d=\"M1.88982 8.83733C1.59207 8.31873 1.59207 7.68128 1.88981 7.16267C3.45648 4.43394 5.96236 2.66663 8.78637 2.66663C11.6104 2.66663 14.1162 4.43392 15.6829 7.16262C15.9806 7.68122 15.9806 8.31867 15.6829 8.83727C14.1162 11.566 11.6103 13.3333 8.78634 13.3333C5.96235 13.3333 3.45648 11.566 1.88982 8.83733Z\" stroke=\"#121212\" stroke-width=\"1.5\"\/>\n\t\t\t\t\t\t<ellipse cx=\"8.78662\" cy=\"8\" rx=\"2\" ry=\"2\" stroke=\"#121212\" stroke-width=\"1.5\"\/>\n\t\t\t\t\t<\/svg><\/a><br \/>\n<a href=\"https:\/\/pomello.ee\/toode\/noemi-brow-lash-argan-creme\/\"><img width=\"1605\" height=\"1920\" src=\"https:\/\/pomello.ee\/wp-content\/uploads\/2024\/01\/Noemi-Argan-creme.jpg\" alt=\"NOEMI Brow &amp; Lash Argan Creme\" decoding=\"async\" srcset=\"https:\/\/pomello.ee\/wp-content\/uploads\/2024\/01\/Noemi-Argan-creme.jpg 1605w, https:\/\/pomello.ee\/wp-content\/uploads\/2024\/01\/Noemi-Argan-creme-251x300.jpg 251w, https:\/\/pomello.ee\/wp-content\/uploads\/2024\/01\/Noemi-Argan-creme-856x1024.jpg 856w, https:\/\/pomello.ee\/wp-content\/uploads\/2024\/01\/Noemi-Argan-creme-768x919.jpg 768w, https:\/\/pomello.ee\/wp-content\/uploads\/2024\/01\/Noemi-Argan-creme-1284x1536.jpg 1284w, https:\/\/pomello.ee\/wp-content\/uploads\/2024\/01\/Noemi-Argan-creme-600x718.jpg 600w\" sizes=\"(max-width: 1605px) 100vw, 1605px\" \/><\/a>\t\t\t\t\t\t\t\t\t<\/p>\n<h5><a href=\"https:\/\/pomello.ee\/toode\/noemi-brow-lash-argan-creme\/\">NOEMI\u00a0Brow Lash Argan Creme<\/a><\/h5>\n<p>\t\t\t\t\t\t\t\t\t\t\t\t\t\t\t\t\t\t\t\t13,90&euro;<br \/>\n\t\t\t\t\t\t\t<\/article>\n<article data-id=\"20538\">\n\t\t\t\t\t\t\t\t\t<a href=\"?add-to-cart=20538\" rel=\"nofollow\" data-product_id=\"20538\" data-product_sku=\"Noemi26-1\"><br \/>\n\t\t\t\t\t\tLisa ostukorvi<br \/>\n\t\t\t\t\t<\/a> <a data-product_id=\"20538\" href=\"#\"><svg width=\"17\" height=\"16\" viewBox=\"0 0 17 16\" fill=\"none\" xmlns=\"http:\/\/www.w3.org\/2000\/svg\">\n\t\t\t\t\t\t<path d=\"M1.88982 8.83733C1.59207 8.31873 1.59207 7.68128 1.88981 7.16267C3.45648 4.43394 5.96236 2.66663 8.78637 2.66663C11.6104 2.66663 14.1162 4.43392 15.6829 7.16262C15.9806 7.68122 15.9806 8.31867 15.6829 8.83727C14.1162 11.566 11.6103 13.3333 8.78634 13.3333C5.96235 13.3333 3.45648 11.566 1.88982 8.83733Z\" stroke=\"#121212\" stroke-width=\"1.5\"\/>\n\t\t\t\t\t\t<ellipse cx=\"8.78662\" cy=\"8\" rx=\"2\" ry=\"2\" stroke=\"#121212\" stroke-width=\"1.5\"\/>\n\t\t\t\t\t<\/svg><\/a><br \/>\n<a href=\"https:\/\/pomello.ee\/toode\/noemi-jelly-mask-kiwi\/\"><img width=\"1080\" height=\"1080\" src=\"https:\/\/pomello.ee\/wp-content\/uploads\/2024\/01\/Noemi-Jelly-mask-kiwi.jpg\" alt=\"Noemi Jelly mask kiwi\" decoding=\"async\" srcset=\"https:\/\/pomello.ee\/wp-content\/uploads\/2024\/01\/Noemi-Jelly-mask-kiwi.jpg 1080w, https:\/\/pomello.ee\/wp-content\/uploads\/2024\/01\/Noemi-Jelly-mask-kiwi-300x300.jpg 300w, https:\/\/pomello.ee\/wp-content\/uploads\/2024\/01\/Noemi-Jelly-mask-kiwi-1024x1024.jpg 1024w, https:\/\/pomello.ee\/wp-content\/uploads\/2024\/01\/Noemi-Jelly-mask-kiwi-150x150.jpg 150w, https:\/\/pomello.ee\/wp-content\/uploads\/2024\/01\/Noemi-Jelly-mask-kiwi-768x768.jpg 768w, https:\/\/pomello.ee\/wp-content\/uploads\/2024\/01\/Noemi-Jelly-mask-kiwi-600x600.jpg 600w, https:\/\/pomello.ee\/wp-content\/uploads\/2024\/01\/Noemi-Jelly-mask-kiwi-100x100.jpg 100w, https:\/\/pomello.ee\/wp-content\/uploads\/2024\/01\/Noemi-Jelly-mask-kiwi-50x50.jpg 50w\" sizes=\"(max-width: 1080px) 100vw, 1080px\" \/><\/a>\t\t\t\t\t\t\t\t\t<\/p>\n<h5><a href=\"https:\/\/pomello.ee\/toode\/noemi-jelly-mask-kiwi\/\">NOEMI Jelly Mask Kiwi<\/a><\/h5>\n<p>\t\t\t\t\t\t\t\t\t\t\t\t\t\t\t\t\t\t\t\t18,95&euro;<br \/>\n\t\t\t\t\t\t\t<\/article>\n<article data-id=\"20529\">\n\t\t\t\t\t\t\t\t\t<a href=\"?add-to-cart=20529\" rel=\"nofollow\" data-product_id=\"20529\" data-product_sku=\"Noemi26\"><br \/>\n\t\t\t\t\t\tLisa ostukorvi<br \/>\n\t\t\t\t\t<\/a> <a data-product_id=\"20529\" href=\"#\"><svg width=\"17\" height=\"16\" viewBox=\"0 0 17 16\" fill=\"none\" xmlns=\"http:\/\/www.w3.org\/2000\/svg\">\n\t\t\t\t\t\t<path d=\"M1.88982 8.83733C1.59207 8.31873 1.59207 7.68128 1.88981 7.16267C3.45648 4.43394 5.96236 2.66663 8.78637 2.66663C11.6104 2.66663 14.1162 4.43392 15.6829 7.16262C15.9806 7.68122 15.9806 8.31867 15.6829 8.83727C14.1162 11.566 11.6103 13.3333 8.78634 13.3333C5.96235 13.3333 3.45648 11.566 1.88982 8.83733Z\" stroke=\"#121212\" stroke-width=\"1.5\"\/>\n\t\t\t\t\t\t<ellipse cx=\"8.78662\" cy=\"8\" rx=\"2\" ry=\"2\" stroke=\"#121212\" stroke-width=\"1.5\"\/>\n\t\t\t\t\t<\/svg><\/a><br \/>\n<a href=\"https:\/\/pomello.ee\/toode\/noemi-jelly-mask-cherry\/\"><img width=\"1080\" height=\"1080\" src=\"https:\/\/pomello.ee\/wp-content\/uploads\/2024\/01\/Noemi-Jelly-Mask-Cherry-.jpg\" alt=\"Noemi Jelly Mask Cherry\" decoding=\"async\" srcset=\"https:\/\/pomello.ee\/wp-content\/uploads\/2024\/01\/Noemi-Jelly-Mask-Cherry-.jpg 1080w, https:\/\/pomello.ee\/wp-content\/uploads\/2024\/01\/Noemi-Jelly-Mask-Cherry--300x300.jpg 300w, https:\/\/pomello.ee\/wp-content\/uploads\/2024\/01\/Noemi-Jelly-Mask-Cherry--1024x1024.jpg 1024w, https:\/\/pomello.ee\/wp-content\/uploads\/2024\/01\/Noemi-Jelly-Mask-Cherry--150x150.jpg 150w, https:\/\/pomello.ee\/wp-content\/uploads\/2024\/01\/Noemi-Jelly-Mask-Cherry--768x768.jpg 768w, https:\/\/pomello.ee\/wp-content\/uploads\/2024\/01\/Noemi-Jelly-Mask-Cherry--600x600.jpg 600w, https:\/\/pomello.ee\/wp-content\/uploads\/2024\/01\/Noemi-Jelly-Mask-Cherry--100x100.jpg 100w, https:\/\/pomello.ee\/wp-content\/uploads\/2024\/01\/Noemi-Jelly-Mask-Cherry--50x50.jpg 50w\" sizes=\"(max-width: 1080px) 100vw, 1080px\" \/><\/a>\t\t\t\t\t\t\t\t\t<\/p>\n<h5><a href=\"https:\/\/pomello.ee\/toode\/noemi-jelly-mask-cherry\/\">NOEMI Jelly Mask Cherry<\/a><\/h5>\n<p>\t\t\t\t\t\t\t\t\t\t\t\t\t\t\t\t\t\t\t\t18,95&euro;<br \/>\n\t\t\t\t\t\t\t<\/article>\n<article data-id=\"20457\">\n\t\t\t\t\t\t\t\t\t<a href=\"?add-to-cart=20457\" rel=\"nofollow\" data-product_id=\"20457\" data-product_sku=\"026\"><br \/>\n\t\t\t\t\t\tLisa ostukorvi<br \/>\n\t\t\t\t\t<\/a> <a data-product_id=\"20457\" href=\"#\"><svg width=\"17\" height=\"16\" viewBox=\"0 0 17 16\" fill=\"none\" xmlns=\"http:\/\/www.w3.org\/2000\/svg\">\n\t\t\t\t\t\t<path d=\"M1.88982 8.83733C1.59207 8.31873 1.59207 7.68128 1.88981 7.16267C3.45648 4.43394 5.96236 2.66663 8.78637 2.66663C11.6104 2.66663 14.1162 4.43392 15.6829 7.16262C15.9806 7.68122 15.9806 8.31867 15.6829 8.83727C14.1162 11.566 11.6103 13.3333 8.78634 13.3333C5.96235 13.3333 3.45648 11.566 1.88982 8.83733Z\" stroke=\"#121212\" stroke-width=\"1.5\"\/>\n\t\t\t\t\t\t<ellipse cx=\"8.78662\" cy=\"8\" rx=\"2\" ry=\"2\" stroke=\"#121212\" stroke-width=\"1.5\"\/>\n\t\t\t\t\t<\/svg><\/a><br \/>\n<a href=\"https:\/\/pomello.ee\/toode\/my-lamination-extreme-lift-ripsmetuss\/\"><img width=\"1755\" height=\"1755\" src=\"https:\/\/pomello.ee\/wp-content\/uploads\/2024\/01\/My-Lamination-Extreme-Lift-Ripsmetuss.jpg\" alt=\"My Lamination Extreme Lift Ripsmetu\u0161\u0161\" decoding=\"async\" srcset=\"https:\/\/pomello.ee\/wp-content\/uploads\/2024\/01\/My-Lamination-Extreme-Lift-Ripsmetuss.jpg 1755w, https:\/\/pomello.ee\/wp-content\/uploads\/2024\/01\/My-Lamination-Extreme-Lift-Ripsmetuss-300x300.jpg 300w, https:\/\/pomello.ee\/wp-content\/uploads\/2024\/01\/My-Lamination-Extreme-Lift-Ripsmetuss-1024x1024.jpg 1024w, https:\/\/pomello.ee\/wp-content\/uploads\/2024\/01\/My-Lamination-Extreme-Lift-Ripsmetuss-150x150.jpg 150w, https:\/\/pomello.ee\/wp-content\/uploads\/2024\/01\/My-Lamination-Extreme-Lift-Ripsmetuss-768x768.jpg 768w, https:\/\/pomello.ee\/wp-content\/uploads\/2024\/01\/My-Lamination-Extreme-Lift-Ripsmetuss-1536x1536.jpg 1536w, https:\/\/pomello.ee\/wp-content\/uploads\/2024\/01\/My-Lamination-Extreme-Lift-Ripsmetuss-600x600.jpg 600w, https:\/\/pomello.ee\/wp-content\/uploads\/2024\/01\/My-Lamination-Extreme-Lift-Ripsmetuss-100x100.jpg 100w, https:\/\/pomello.ee\/wp-content\/uploads\/2024\/01\/My-Lamination-Extreme-Lift-Ripsmetuss-50x50.jpg 50w\" sizes=\"(max-width: 1755px) 100vw, 1755px\" \/><\/a>\t\t\t\t\t\t\t\t\t<\/p>\n<h5><a href=\"https:\/\/pomello.ee\/toode\/my-lamination-extreme-lift-ripsmetuss\/\">My Lamination Extreme Lift Ripsmetu\u0161\u0161<\/a><\/h5>\n<p>\t\t\t\t\t\t\t\t\t\t\t\t\t\t\t\t\t\t\t\t24,90&euro;<br \/>\n\t\t\t\t\t\t\t<\/article>\n<article data-id=\"20441\">\n\t\t\t\t\t\t\t\t\t<a href=\"?add-to-cart=20441\" rel=\"nofollow\" data-product_id=\"20441\" data-product_sku=\"ELAN20\"><br \/>\n\t\t\t\t\t\tLisa ostukorvi<br \/>\n\t\t\t\t\t<\/a> <a data-product_id=\"20441\" href=\"#\"><svg width=\"17\" height=\"16\" viewBox=\"0 0 17 16\" fill=\"none\" xmlns=\"http:\/\/www.w3.org\/2000\/svg\">\n\t\t\t\t\t\t<path d=\"M1.88982 8.83733C1.59207 8.31873 1.59207 7.68128 1.88981 7.16267C3.45648 4.43394 5.96236 2.66663 8.78637 2.66663C11.6104 2.66663 14.1162 4.43392 15.6829 7.16262C15.9806 7.68122 15.9806 8.31867 15.6829 8.83727C14.1162 11.566 11.6103 13.3333 8.78634 13.3333C5.96235 13.3333 3.45648 11.566 1.88982 8.83733Z\" stroke=\"#121212\" stroke-width=\"1.5\"\/>\n\t\t\t\t\t\t<ellipse cx=\"8.78662\" cy=\"8\" rx=\"2\" ry=\"2\" stroke=\"#121212\" stroke-width=\"1.5\"\/>\n\t\t\t\t\t<\/svg><\/a><br \/>\n<a href=\"https:\/\/pomello.ee\/toode\/elan-lashplex-seerum\/\"><img width=\"1080\" height=\"1080\" src=\"https:\/\/pomello.ee\/wp-content\/uploads\/2024\/01\/ELAN-LashPlex-seerum-1.jpg\" alt=\"ELAN LashPlex seerum\" decoding=\"async\" srcset=\"https:\/\/pomello.ee\/wp-content\/uploads\/2024\/01\/ELAN-LashPlex-seerum-1.jpg 1080w, https:\/\/pomello.ee\/wp-content\/uploads\/2024\/01\/ELAN-LashPlex-seerum-1-300x300.jpg 300w, https:\/\/pomello.ee\/wp-content\/uploads\/2024\/01\/ELAN-LashPlex-seerum-1-1024x1024.jpg 1024w, https:\/\/pomello.ee\/wp-content\/uploads\/2024\/01\/ELAN-LashPlex-seerum-1-150x150.jpg 150w, https:\/\/pomello.ee\/wp-content\/uploads\/2024\/01\/ELAN-LashPlex-seerum-1-768x768.jpg 768w, https:\/\/pomello.ee\/wp-content\/uploads\/2024\/01\/ELAN-LashPlex-seerum-1-600x600.jpg 600w, https:\/\/pomello.ee\/wp-content\/uploads\/2024\/01\/ELAN-LashPlex-seerum-1-100x100.jpg 100w, https:\/\/pomello.ee\/wp-content\/uploads\/2024\/01\/ELAN-LashPlex-seerum-1-50x50.jpg 50w\" sizes=\"(max-width: 1080px) 100vw, 1080px\" \/><\/a>\t\t\t\t\t\t\t\t\t<\/p>\n<h5><a href=\"https:\/\/pomello.ee\/toode\/elan-lashplex-seerum\/\">ELAN LashPLEX seerum<\/a><\/h5>\n<p>\t\t\t\t\t\t\t\t\t\t\t\t\t\t\t\t\t\t\t\t15,00&euro;<br \/>\n\t\t\t\t\t\t\t<\/article>\n<article data-id=\"20429\">\n\t\t\t\t\t\t\t\t\t<a href=\"?add-to-cart=20429\" rel=\"nofollow\" data-product_id=\"20429\" data-product_sku=\"Collar20\"><br \/>\n\t\t\t\t\t\tLisa ostukorvi<br \/>\n\t\t\t\t\t<\/a> <a data-product_id=\"20429\" href=\"#\"><svg width=\"17\" height=\"16\" viewBox=\"0 0 17 16\" fill=\"none\" xmlns=\"http:\/\/www.w3.org\/2000\/svg\">\n\t\t\t\t\t\t<path d=\"M1.88982 8.83733C1.59207 8.31873 1.59207 7.68128 1.88981 7.16267C3.45648 4.43394 5.96236 2.66663 8.78637 2.66663C11.6104 2.66663 14.1162 4.43392 15.6829 7.16262C15.9806 7.68122 15.9806 8.31867 15.6829 8.83727C14.1162 11.566 11.6103 13.3333 8.78634 13.3333C5.96235 13.3333 3.45648 11.566 1.88982 8.83733Z\" stroke=\"#121212\" stroke-width=\"1.5\"\/>\n\t\t\t\t\t\t<ellipse cx=\"8.78662\" cy=\"8\" rx=\"2\" ry=\"2\" stroke=\"#121212\" stroke-width=\"1.5\"\/>\n\t\t\t\t\t<\/svg><\/a><br \/>\n<a href=\"https:\/\/pomello.ee\/toode\/italwax-vahapurgi-kaitsevorud-20tk\/\"><img width=\"1080\" height=\"1080\" src=\"https:\/\/pomello.ee\/wp-content\/uploads\/2024\/01\/Italwax-vahapurgi-kaitsevorud.jpg\" alt=\"Italwax vahapurgi kaitsev\u00f5rud\" decoding=\"async\" srcset=\"https:\/\/pomello.ee\/wp-content\/uploads\/2024\/01\/Italwax-vahapurgi-kaitsevorud.jpg 1080w, https:\/\/pomello.ee\/wp-content\/uploads\/2024\/01\/Italwax-vahapurgi-kaitsevorud-300x300.jpg 300w, https:\/\/pomello.ee\/wp-content\/uploads\/2024\/01\/Italwax-vahapurgi-kaitsevorud-1024x1024.jpg 1024w, https:\/\/pomello.ee\/wp-content\/uploads\/2024\/01\/Italwax-vahapurgi-kaitsevorud-150x150.jpg 150w, https:\/\/pomello.ee\/wp-content\/uploads\/2024\/01\/Italwax-vahapurgi-kaitsevorud-768x768.jpg 768w, https:\/\/pomello.ee\/wp-content\/uploads\/2024\/01\/Italwax-vahapurgi-kaitsevorud-600x600.jpg 600w, https:\/\/pomello.ee\/wp-content\/uploads\/2024\/01\/Italwax-vahapurgi-kaitsevorud-100x100.jpg 100w, https:\/\/pomello.ee\/wp-content\/uploads\/2024\/01\/Italwax-vahapurgi-kaitsevorud-50x50.jpg 50w\" sizes=\"(max-width: 1080px) 100vw, 1080px\" \/><\/a>\t\t\t\t\t\t\t\t\t<\/p>\n<h5><a href=\"https:\/\/pomello.ee\/toode\/italwax-vahapurgi-kaitsevorud-20tk\/\">Italwax vahapurgi kaitsev\u00f5rud 20tk<\/a><\/h5>\n<p>\t\t\t\t\t\t\t\t\t\t\t\t\t\t\t\t\t\t\t\t3,50&euro;<br \/>\n\t\t\t\t\t\t\t<\/article>\n<p>\t\t\t\t\t\t\t\t\t\tPrevious<br \/>\n\t\t\t\t\t\t\t\t\t\tNext<\/p>\n","protected":false},"excerpt":{"rendered":"<p>Minu soovikorv Toode \u00dchiku hind Laoseis Soovikorvis tooted puuduvad. Saatat pit\u00e4\u00e4 seuraavista tuotteista T\u00e4ss\u00e4 on joitain suosituimmista tuotteistamme Lisa ostukorvi<\/p>\n","protected":false},"author":2,"featured_media":0,"parent":0,"menu_order":0,"comment_status":"closed","ping_status":"closed","template":"","meta":{"_monsterinsights_skip_tracking":false,"_monsterinsights_sitenote_active":false,"_monsterinsights_sitenote_note":"","_monsterinsights_sitenote_category":0,"footnotes":""},"class_list":["post-23059","page","type-page","status-publish","hentry"],"_links":{"self":[{"href":"https:\/\/pomello.ee\/fi\/wp-json\/wp\/v2\/pages\/23059","targetHints":{"allow":["GET"]}}],"collection":[{"href":"https:\/\/pomello.ee\/fi\/wp-json\/wp\/v2\/pages"}],"about":[{"href":"https:\/\/pomello.ee\/fi\/wp-json\/wp\/v2\/types\/page"}],"author":[{"embeddable":true,"href":"https:\/\/pomello.ee\/fi\/wp-json\/wp\/v2\/users\/2"}],"replies":[{"embeddable":true,"href":"https:\/\/pomello.ee\/fi\/wp-json\/wp\/v2\/comments?post=23059"}],"version-history":[{"count":0,"href":"https:\/\/pomello.ee\/fi\/wp-json\/wp\/v2\/pages\/23059\/revisions"}],"wp:attachment":[{"href":"https:\/\/pomello.ee\/fi\/wp-json\/wp\/v2\/media?parent=23059"}],"curies":[{"name":"wp","href":"https:\/\/api.w.org\/{rel}","templated":true}]}}