{"id":23079,"date":"2022-08-23T10:27:45","date_gmt":"2022-08-23T07:27:45","guid":{"rendered":"https:\/\/pomello.ee\/toimitusehdot\/"},"modified":"2024-01-31T19:16:40","modified_gmt":"2024-01-31T16:16:40","slug":"toimitusehdot","status":"publish","type":"page","link":"https:\/\/pomello.ee\/fi\/toimitusehdot\/","title":{"rendered":"Toimitusehdot"},"content":{"rendered":"\n<p><\/p>\n\n<p>Jos tuote ei sovi sinulle, voit palauttaa sen 14 p\u00e4iv\u00e4n sis\u00e4ll\u00e4. <\/p>\n\n<p>Palauttaaksesi tuotteen tulee olla k\u00e4ytt\u00e4m\u00e4t\u00f6n, alkuper\u00e4isess\u00e4 pakkauksessa ja samassa kunnossa kuin vastaanotettaessa. <\/p>\n\n<p><\/p>\n\n<p>Tilatut tuotteet l\u00e4hetet\u00e4\u00e4n 1-2 arkip\u00e4iv\u00e4n kuluessa tilauksen tekemisest\u00e4. <\/p>\n\n<p>Ilmainen toimitus 50 eurosta alkaen. <\/p>\n\n<p>Ilmainen toimitus alkaen 250 eurosta tilattaessa Viron ulkopuolelta. <\/p>\n\n<p><\/p>\n\n<p class=\"has-medium-font-size\"><strong>Tarvitsetko apua?<\/strong><\/p>\n\n<p>Ota yhteytt\u00e4 info@pomello.ee, jos sinulla on kysytt\u00e4v\u00e4\u00e4 toimitusehdoistamme.<\/p>\n","protected":false},"excerpt":{"rendered":"<p>Jos tuote ei sovi sinulle, voit palauttaa sen 14 p\u00e4iv\u00e4n sis\u00e4ll\u00e4. Palauttaaksesi tuotteen tulee olla k\u00e4ytt\u00e4m\u00e4t\u00f6n, alkuper\u00e4isess\u00e4 pakkauksessa ja samassa<\/p>\n","protected":false},"author":2,"featured_media":0,"parent":0,"menu_order":0,"comment_status":"closed","ping_status":"closed","template":"","meta":{"_monsterinsights_skip_tracking":false,"_monsterinsights_sitenote_active":false,"_monsterinsights_sitenote_note":"","_monsterinsights_sitenote_category":0,"footnotes":""},"class_list":["post-23079","page","type-page","status-publish","hentry"],"_links":{"self":[{"href":"https:\/\/pomello.ee\/fi\/wp-json\/wp\/v2\/pages\/23079","targetHints":{"allow":["GET"]}}],"collection":[{"href":"https:\/\/pomello.ee\/fi\/wp-json\/wp\/v2\/pages"}],"about":[{"href":"https:\/\/pomello.ee\/fi\/wp-json\/wp\/v2\/types\/page"}],"author":[{"embeddable":true,"href":"https:\/\/pomello.ee\/fi\/wp-json\/wp\/v2\/users\/2"}],"replies":[{"embeddable":true,"href":"https:\/\/pomello.ee\/fi\/wp-json\/wp\/v2\/comments?post=23079"}],"version-history":[{"count":0,"href":"https:\/\/pomello.ee\/fi\/wp-json\/wp\/v2\/pages\/23079\/revisions"}],"wp:attachment":[{"href":"https:\/\/pomello.ee\/fi\/wp-json\/wp\/v2\/media?parent=23079"}],"curies":[{"name":"wp","href":"https:\/\/api.w.org\/{rel}","templated":true}]}}