{"id":29368,"date":"2023-06-06T11:04:30","date_gmt":"2023-06-06T08:04:30","guid":{"rendered":"https:\/\/pomello.ee\/toivelista\/"},"modified":"2024-10-22T15:40:44","modified_gmt":"2024-10-22T12:40:44","slug":"toivelista","status":"publish","type":"page","link":"https:\/\/pomello.ee\/fi\/toivelista\/","title":{"rendered":"Toivelista"},"content":{"rendered":"<div class=\"wpb-content-wrapper\"><p>&nbsp;[vc_row][vc_column]\t\t\n\t\t\n\t\t<div class=\"\">\n\t\t\t\t\t\t<div class=\"wd-wishlist-content\">\n\t\t\t\t\t\t\t\t\t\t\t\n\t\t<p class=\"wd-empty-wishlist wd-empty-page\">\n\t\t\tT\u00e4m\u00e4 toivelista on tyhj\u00e4.\t\t<\/p>\n\n\t\t\t\t\t<div class=\"wd-empty-page-text\">\n\t\t\t\tTeil ei ole veel \u00fchtegi toodet soovikorvis.\t\t\t<\/div>\n\t\t\n\t\t\n\t\t\t\t\t<p class=\"return-to-shop\">\n\t\t\t\t<a class=\"button\" href=\"https:\/\/pomello.ee\/fi\/pood\/\">\n\t\t\t\t\tPalaa kauppaan\t\t\t\t<\/a>\n\t\t\t<\/p>\n\t\t\t\t\t\t\t\t\t\t\t<\/div>\n\t\t\t\t<\/div>\n\t\t[\/vc_column][\/vc_row]&nbsp;<\/p>\n<\/div>","protected":false},"excerpt":{"rendered":"<p>&nbsp;[vc_row][vc_column][\/vc_column][\/vc_row]&nbsp;<\/p>\n","protected":false},"author":480,"featured_media":0,"parent":0,"menu_order":0,"comment_status":"closed","ping_status":"closed","template":"","meta":{"_monsterinsights_skip_tracking":false,"_monsterinsights_sitenote_active":false,"_monsterinsights_sitenote_note":"","_monsterinsights_sitenote_category":0,"footnotes":""},"class_list":["post-29368","page","type-page","status-publish","hentry"],"_links":{"self":[{"href":"https:\/\/pomello.ee\/fi\/wp-json\/wp\/v2\/pages\/29368","targetHints":{"allow":["GET"]}}],"collection":[{"href":"https:\/\/pomello.ee\/fi\/wp-json\/wp\/v2\/pages"}],"about":[{"href":"https:\/\/pomello.ee\/fi\/wp-json\/wp\/v2\/types\/page"}],"author":[{"embeddable":true,"href":"https:\/\/pomello.ee\/fi\/wp-json\/wp\/v2\/users\/480"}],"replies":[{"embeddable":true,"href":"https:\/\/pomello.ee\/fi\/wp-json\/wp\/v2\/comments?post=29368"}],"version-history":[{"count":2,"href":"https:\/\/pomello.ee\/fi\/wp-json\/wp\/v2\/pages\/29368\/revisions"}],"predecessor-version":[{"id":29370,"href":"https:\/\/pomello.ee\/fi\/wp-json\/wp\/v2\/pages\/29368\/revisions\/29370"}],"wp:attachment":[{"href":"https:\/\/pomello.ee\/fi\/wp-json\/wp\/v2\/media?parent=29368"}],"curies":[{"name":"wp","href":"https:\/\/api.w.org\/{rel}","templated":true}]}}