{"id":23380,"date":"2022-10-16T21:36:20","date_gmt":"2022-10-16T19:36:20","guid":{"rendered":"https:\/\/pomello.ee\/toode\/inlei-brow-lock-2-30ml\/"},"modified":"2024-09-08T17:35:00","modified_gmt":"2024-09-08T14:35:00","slug":"inlei-brow-lock-2-30ml","status":"publish","type":"product","link":"https:\/\/pomello.ee\/fi\/toode\/inlei-brow-lock-2-30ml\/","title":{"rendered":"INLEI\u00ae Brow lock 2 30ml"},"content":{"rendered":"<p>Vaihe 2 InLei\u00ae tuote &#8221;BROW LOCK 2&#8221; &#8211; kulmakarvojen kiinnitys &#8211; toimii t\u00e4ydellisesti yhdess\u00e4 ensimm\u00e4isen tuotteen vaiheen 1 &#8221;BROW LIFT 1&#8221; kanssa<\/p>\n<p>&nbsp;<\/p>\n<p>100% valmistettu Italiassa<br \/>\nAirless pullo, zero waste annostelija<br \/>\nSis\u00e4lt\u00e4\u00e4 ihoa suojaavia ainesosia<\/p>\n<p>&nbsp;<\/p>\n<p>Sis\u00e4lt\u00f6: 30 ml (jopa 60 toimenpidett\u00e4). Tuote s\u00e4ilyy auki 3 kuukautta.<\/p>\n<p>&nbsp;<\/p>\n<p>VAIN AMMATTIMAISEEN K\u00c4YTT\u00d6\u00d6N<\/p>\n<p>&nbsp;<\/p>\n<p><strong>Kuinka k\u00e4ytt\u00e4\u00e4:<\/strong><\/p>\n<p>&#8211; K\u00e4ytet\u00e4\u00e4n InLei\u00ae &#8221;BROW LIFT 1&#8221; j\u00e4lkeen &#8211; Muotoile kulmakarvat kammalla &#8211; Aseta kulmakarvat haluttuun muotoon ja asentoon. &#8211; Levit\u00e4 InLei\u00ae &#8221;BROW LOCK 2&#8221; &#8211; kulmakarvojen kiinnitys Vaihe 2. &#8211; Anna vaikuttaa 5-8 minuuttia. &#8211; Poista tuote kostealla vanulapulla. &#8211; Jatka v\u00e4rj\u00e4\u00e4mist\u00e4.<\/p>\n<p>&nbsp;<\/p>\n<p>Lue pakkausseloste huolellisesti.<\/p>\n<p>&nbsp;<\/p>\n","protected":false},"excerpt":{"rendered":"<p>InLei\u00ae &#8221;BROW LOCK 2&#8221; tai step 2 on vallankumouksellinen kulmakarvojen laminointituote, joka on suunniteltu tekem\u00e4\u00e4n kulmakarvoista kuuliaisia, pehmeit\u00e4, silkkisi\u00e4 ja tyylikk\u00e4it\u00e4. Pakkauksen avaamisen j\u00e4lkeen se s\u00e4ilyy enint\u00e4\u00e4n kolme kuukautta.<\/p>\n","protected":false},"featured_media":22120,"comment_status":"closed","ping_status":"closed","template":"","meta":{"_monsterinsights_skip_tracking":false,"_monsterinsights_sitenote_active":false,"_monsterinsights_sitenote_note":"","_monsterinsights_sitenote_category":0},"product_brand":[],"product_cat":[899,476,477],"product_tag":[524],"class_list":{"0":"post-23380","1":"product","2":"type-product","3":"status-publish","4":"has-post-thumbnail","6":"product_cat-emulsiot-fi","7":"product_cat-kulmakarvat","8":"product_cat-kulmien-laminointi","9":"product_tag-kulmakarvojen-laminointi","10":"pa_brand-inlei-fi","11":"pa_suurus-30-ml-fi","13":"first","14":"outofstock","15":"taxable","16":"shipping-taxable","17":"purchasable","18":"product-type-simple"},"_links":{"self":[{"href":"https:\/\/pomello.ee\/fi\/wp-json\/wp\/v2\/product\/23380","targetHints":{"allow":["GET"]}}],"collection":[{"href":"https:\/\/pomello.ee\/fi\/wp-json\/wp\/v2\/product"}],"about":[{"href":"https:\/\/pomello.ee\/fi\/wp-json\/wp\/v2\/types\/product"}],"replies":[{"embeddable":true,"href":"https:\/\/pomello.ee\/fi\/wp-json\/wp\/v2\/comments?post=23380"}],"wp:featuredmedia":[{"embeddable":true,"href":"https:\/\/pomello.ee\/fi\/wp-json\/wp\/v2\/media\/22120"}],"wp:attachment":[{"href":"https:\/\/pomello.ee\/fi\/wp-json\/wp\/v2\/media?parent=23380"}],"wp:term":[{"taxonomy":"product_brand","embeddable":true,"href":"https:\/\/pomello.ee\/fi\/wp-json\/wp\/v2\/product_brand?post=23380"},{"taxonomy":"product_cat","embeddable":true,"href":"https:\/\/pomello.ee\/fi\/wp-json\/wp\/v2\/product_cat?post=23380"},{"taxonomy":"product_tag","embeddable":true,"href":"https:\/\/pomello.ee\/fi\/wp-json\/wp\/v2\/product_tag?post=23380"}],"curies":[{"name":"wp","href":"https:\/\/api.w.org\/{rel}","templated":true}]}}