{"id":23564,"date":"2023-02-27T21:51:43","date_gmt":"2023-02-27T19:51:43","guid":{"rendered":"https:\/\/pomello.ee\/toode\/alypuhelimen-objektiivi-apexel-hd\/"},"modified":"2026-01-17T18:42:00","modified_gmt":"2026-01-17T16:42:00","slug":"alypuhelimen-objektiivi-apexel-hd","status":"publish","type":"product","link":"https:\/\/pomello.ee\/fi\/toode\/alypuhelimen-objektiivi-apexel-hd\/","title":{"rendered":"\u00c4lypuhelimen objektiivi APEXEL HD"},"content":{"rendered":"<p>Objektiivi sopii \u00e4lypuhelimille, iPadeille ja tableteille. Yleistuote, sopii useimpiin laitteisiin. Tuotetta voidaan k\u00e4ytt\u00e4\u00e4 my\u00f6s iPhone 13- ja 14-mallien kanssa, mutta vain alemman kameran p\u00e4\u00e4lle. Makroobjektiivilla kuvattaessa linssi tulee pit\u00e4\u00e4 1-2 cm l\u00e4hell\u00e4 kuvattavaa kohdetta.<\/p>\n<p>&nbsp;<\/p>\n<p><strong>Toimitetaan tuotteen mukana<\/strong><\/p>\n<p>&nbsp;<\/p>\n<p>Laajakulmaobjektiivi (0,45x)<\/p>\n<p>Makroobjektiivi (12,5x)<\/p>\n<p>Universaali klipsi<\/p>\n<p>Mikrokuituliina<\/p>\n<p>Musta laukku<\/p>\n<p>&nbsp;<\/p>\n<p>&nbsp;<\/p>\n<p><iframe loading=\"lazy\" title=\"Apexel 0.45X Wide Angle + Macro Lens set\" width=\"500\" height=\"281\" src=\"https:\/\/www.youtube.com\/embed\/2iRyX4urSxo?feature=oembed\" frameborder=\"0\" allow=\"accelerometer; autoplay; clipboard-write; encrypted-media; gyroscope; picture-in-picture; web-share\" referrerpolicy=\"strict-origin-when-cross-origin\" allowfullscreen><\/iframe><\/p>\n","protected":false},"excerpt":{"rendered":"<p><strong>P\u00c4IVITETTY SUUNNITTELU<\/strong><\/p>\n<p>&nbsp;<\/p>\n<p>Kaksi yhdess\u00e4 \u00e4lypuhelimen linssisarja<\/p>\n<p>&nbsp;<\/p>\n<p>Objektiivi tekee mist\u00e4 tahansa puhelimen kamerasta ammattikameran, joka pystyy ottamaan huippukuvia.<\/p>\n<p>&nbsp;<\/p>\n<p><strong>APEXEL HD 2 in 1<\/strong> Smartphone Lens Kit on 2-in-1-objektiivi, joka tarjoaa sek\u00e4 ultralaajakulmaobjektiivin ett\u00e4 makro-objektiivin HD-laadulla. Makroobjektiivin avulla on mahdollista vangita pienimm\u00e4tkin yksityiskohdat silmien ymp\u00e4rilt\u00e4 ja luoda siten taiteellisia kuvia ty\u00f6st\u00e4si.<\/p>\n","protected":false},"featured_media":22550,"comment_status":"open","ping_status":"closed","template":"","meta":{"_monsterinsights_skip_tracking":false,"_monsterinsights_sitenote_active":false,"_monsterinsights_sitenote_note":"","_monsterinsights_sitenote_category":0},"product_brand":[],"product_cat":[559,540],"product_tag":[],"class_list":{"0":"post-23564","1":"product","2":"type-product","3":"status-publish","4":"has-post-thumbnail","6":"product_cat-laitteita","7":"product_cat-tarvikkeet","8":"pa_brand-apexel-fi","9":"pa_brand-pomello-fi","10":"pa_varv-must-fi","12":"first","13":"instock","14":"taxable","15":"shipping-taxable","16":"purchasable","17":"product-type-simple"},"_links":{"self":[{"href":"https:\/\/pomello.ee\/fi\/wp-json\/wp\/v2\/product\/23564","targetHints":{"allow":["GET"]}}],"collection":[{"href":"https:\/\/pomello.ee\/fi\/wp-json\/wp\/v2\/product"}],"about":[{"href":"https:\/\/pomello.ee\/fi\/wp-json\/wp\/v2\/types\/product"}],"replies":[{"embeddable":true,"href":"https:\/\/pomello.ee\/fi\/wp-json\/wp\/v2\/comments?post=23564"}],"wp:featuredmedia":[{"embeddable":true,"href":"https:\/\/pomello.ee\/fi\/wp-json\/wp\/v2\/media\/22550"}],"wp:attachment":[{"href":"https:\/\/pomello.ee\/fi\/wp-json\/wp\/v2\/media?parent=23564"}],"wp:term":[{"taxonomy":"product_brand","embeddable":true,"href":"https:\/\/pomello.ee\/fi\/wp-json\/wp\/v2\/product_brand?post=23564"},{"taxonomy":"product_cat","embeddable":true,"href":"https:\/\/pomello.ee\/fi\/wp-json\/wp\/v2\/product_cat?post=23564"},{"taxonomy":"product_tag","embeddable":true,"href":"https:\/\/pomello.ee\/fi\/wp-json\/wp\/v2\/product_tag?post=23564"}],"curies":[{"name":"wp","href":"https:\/\/api.w.org\/{rel}","templated":true}]}}