{"id":23568,"date":"2023-02-23T23:39:36","date_gmt":"2023-02-23T21:39:36","guid":{"rendered":"https:\/\/pomello.ee\/toode\/bronsun-oxidant-3\/"},"modified":"2026-03-29T15:23:43","modified_gmt":"2026-03-29T13:23:43","slug":"bronsun-oxidant-3","status":"publish","type":"product","link":"https:\/\/pomello.ee\/fi\/toode\/bronsun-oxidant-3\/","title":{"rendered":"Bronsun oxidant 3%"},"content":{"rendered":"","protected":false},"excerpt":{"rendered":"<p><strong>Bronsun oxidant 3% NEW FORMULA<\/strong><\/p>\n<p>&nbsp;<\/p>\n<p>Erityisesti kehitetty BRONSUN oxidant 3% on suunniteltu k\u00e4ytett\u00e4v\u00e4ksi Bronsun-maalien kanssa ja takaa korkealaatuisen lopputuloksen.<\/p>\n<p>&nbsp;<\/p>\n<p>Parhaan tuloksen saavuttamiseksi k\u00e4ytett\u00e4ess\u00e4 Bronsun Gel New Formulaa varmista, ett\u00e4 k\u00e4yt\u00e4t kermavety\u00e4, jonka valmistusp\u00e4iv\u00e4 on syyskuusta 2023 (New Formula).<\/p>\n<p>&nbsp;<\/p>\n<p>Sekoita suhteessa 1-1 BRONSUN DYE&#8217;iga.<\/p>\n<p>&nbsp;<\/p>\n<p><strong>Koko<\/strong>: 20 ml<\/p>\n<p><b>Kulutus<\/b>: 50 menettely\u00e4.<\/p>\n<p>Vain ammattilaisille.<\/p>\n","protected":false},"featured_media":36658,"comment_status":"open","ping_status":"closed","template":"","meta":{"_monsterinsights_skip_tracking":false,"_monsterinsights_sitenote_active":false,"_monsterinsights_sitenote_note":"","_monsterinsights_sitenote_category":0},"product_brand":[],"product_cat":[901,476,475,479,478],"product_tag":[],"class_list":{"0":"post-23568","1":"product","2":"type-product","3":"status-publish","4":"has-post-thumbnail","6":"product_cat-developers","7":"product_cat-kulmakarvat","8":"product_cat-ripset","9":"product_cat-ripsien-ja-kulmakarvojen-varit-fi","10":"product_cat-ripsien-ja-kulmakarvojen-varit","11":"pa_brand-bronsun-fi","12":"pa_suurus-20-ml-fi","14":"first","15":"instock","16":"taxable","17":"shipping-taxable","18":"purchasable","19":"product-type-simple"},"_links":{"self":[{"href":"https:\/\/pomello.ee\/fi\/wp-json\/wp\/v2\/product\/23568","targetHints":{"allow":["GET"]}}],"collection":[{"href":"https:\/\/pomello.ee\/fi\/wp-json\/wp\/v2\/product"}],"about":[{"href":"https:\/\/pomello.ee\/fi\/wp-json\/wp\/v2\/types\/product"}],"replies":[{"embeddable":true,"href":"https:\/\/pomello.ee\/fi\/wp-json\/wp\/v2\/comments?post=23568"}],"wp:featuredmedia":[{"embeddable":true,"href":"https:\/\/pomello.ee\/fi\/wp-json\/wp\/v2\/media\/36658"}],"wp:attachment":[{"href":"https:\/\/pomello.ee\/fi\/wp-json\/wp\/v2\/media?parent=23568"}],"wp:term":[{"taxonomy":"product_brand","embeddable":true,"href":"https:\/\/pomello.ee\/fi\/wp-json\/wp\/v2\/product_brand?post=23568"},{"taxonomy":"product_cat","embeddable":true,"href":"https:\/\/pomello.ee\/fi\/wp-json\/wp\/v2\/product_cat?post=23568"},{"taxonomy":"product_tag","embeddable":true,"href":"https:\/\/pomello.ee\/fi\/wp-json\/wp\/v2\/product_tag?post=23568"}],"curies":[{"name":"wp","href":"https:\/\/api.w.org\/{rel}","templated":true}]}}