{"id":23571,"date":"2023-02-23T23:39:20","date_gmt":"2023-02-23T21:39:20","guid":{"rendered":"https:\/\/pomello.ee\/toode\/bronsun-eyebrow-colour-fixing-lotion\/"},"modified":"2025-04-15T17:23:57","modified_gmt":"2025-04-15T15:23:57","slug":"bronsun-eyebrow-colour-fixing-lotion","status":"publish","type":"product","link":"https:\/\/pomello.ee\/fi\/toode\/bronsun-eyebrow-colour-fixing-lotion\/","title":{"rendered":"Bronsun Eyebrow Colour Fixing Lotion"},"content":{"rendered":"<p><strong>Kuinka k\u00e4ytt\u00e4\u00e4 Bronsun Eyebrow Color Fixing Lotion -voidetta<\/strong><\/p>\n<p>&nbsp;<\/p>\n<ul>\n<li>Toimenpiteen viimeisess\u00e4 vaiheessa, kun kemiallinen v\u00e4riaine tai henna on poistettu t\u00e4ydellisesti, levit\u00e4 kuiviin kulmakarvoihin kiinnitysvoidetta.<\/li>\n<li>\u00c4l\u00e4 pese sit\u00e4 pois. Pyyhi j\u00e4\u00e4nn\u00f6kset tarvittaessa pois talouspaperilla.<\/li>\n<\/ul>\n<p>&nbsp;<\/p>\n<p>Varastoi +5\u00b0C &#8211; +25\u00b0C l\u00e4mp\u00f6tilassa.<br \/>\nPid\u00e4 kuivana<br \/>\nS\u00e4ilytett\u00e4v\u00e4 poissa l\u00e4mm\u00f6lt\u00e4 ja suoralta auringonvalolta<\/p>\n<p>&nbsp;<\/p>\n<p>S\u00e4ilyy auki 12 kuukautta.<\/p>\n","protected":false},"excerpt":{"rendered":"<p>Bronsun eyebrow colour fixing lotion sopii k\u00e4ytett\u00e4v\u00e4ksi kulmakarvoille kemiallisen v\u00e4rj\u00e4yksen tai hennalla s\u00e4vytyksen j\u00e4lkeen. Voide auttaa yll\u00e4pit\u00e4m\u00e4\u00e4n ja laajentamaan kulmakarvoille suoritettua s\u00e4vytyst\u00e4. Tuote soveltuu k\u00e4ytett\u00e4v\u00e4ksi salongissa ja my\u00f6s kotihoitona kemiallisen v\u00e4rj\u00e4yksen tai hennav\u00e4rj\u00e4yksen j\u00e4lkeen. Sopii kaikille v\u00e4reille tai hennalle.<\/p>\n<p>&nbsp;<\/p>\n<p>Tuote edist\u00e4\u00e4 pigmentin kiinnittymist\u00e4 kemiallisen v\u00e4rj\u00e4yksen tai hennalla s\u00e4vytyksen j\u00e4lkeen ja edist\u00e4\u00e4 v\u00e4rin kest\u00e4vyytt\u00e4. Tuotteella on kosteuttavia ominaisuuksia.<\/p>\n<p>&nbsp;<\/p>\n<p>Voide sis\u00e4lt\u00e4\u00e4 kosteuttavia ominaisuuksia, joissa pantenoli antaa kiiltoa ja suojaa ulkoisilta vaikutuksilta. Ryp\u00e4leensiemen\u00f6ljyll\u00e4 on voimakkaita antioksidanttisia ja korjaavia ominaisuuksia. Kevyen, nopeasti imeytyv\u00e4n ja ei-komedogeenisen koostumuksensa ansiosta voide ei j\u00e4t\u00e4 j\u00e4\u00e4mi\u00e4 kulmakarvoihin.<\/p>\n<p>&nbsp;<\/p>\n<p>Tuote imeytyy v\u00e4litt\u00f6m\u00e4sti eik\u00e4 sen kevyt koostumus j\u00e4t\u00e4 j\u00e4lki\u00e4 hiuksiin. Ei-komedogeeninen.<\/p>\n","protected":false},"featured_media":22765,"comment_status":"open","ping_status":"closed","template":"","meta":{"_monsterinsights_skip_tracking":false,"_monsterinsights_sitenote_active":false,"_monsterinsights_sitenote_note":"","_monsterinsights_sitenote_category":0},"product_brand":[],"product_cat":[476,915,518,917,478,479],"product_tag":[],"class_list":{"0":"post-23571","1":"product","2":"type-product","3":"status-publish","4":"has-post-thumbnail","6":"product_cat-kulmakarvat","7":"product_cat-esi-ja-jalkihoito","8":"product_cat-jalkihoito","9":"product_cat-jalkihoito-fi","10":"product_cat-ripsien-ja-kulmakarvojen-varit","11":"product_cat-ripsien-ja-kulmakarvojen-varit-fi","12":"pa_brand-bronsun-fi","13":"pa_suurus-50-ml-fi","15":"first","16":"instock","17":"taxable","18":"shipping-taxable","19":"purchasable","20":"product-type-simple"},"_links":{"self":[{"href":"https:\/\/pomello.ee\/fi\/wp-json\/wp\/v2\/product\/23571","targetHints":{"allow":["GET"]}}],"collection":[{"href":"https:\/\/pomello.ee\/fi\/wp-json\/wp\/v2\/product"}],"about":[{"href":"https:\/\/pomello.ee\/fi\/wp-json\/wp\/v2\/types\/product"}],"replies":[{"embeddable":true,"href":"https:\/\/pomello.ee\/fi\/wp-json\/wp\/v2\/comments?post=23571"}],"wp:featuredmedia":[{"embeddable":true,"href":"https:\/\/pomello.ee\/fi\/wp-json\/wp\/v2\/media\/22765"}],"wp:attachment":[{"href":"https:\/\/pomello.ee\/fi\/wp-json\/wp\/v2\/media?parent=23571"}],"wp:term":[{"taxonomy":"product_brand","embeddable":true,"href":"https:\/\/pomello.ee\/fi\/wp-json\/wp\/v2\/product_brand?post=23571"},{"taxonomy":"product_cat","embeddable":true,"href":"https:\/\/pomello.ee\/fi\/wp-json\/wp\/v2\/product_cat?post=23571"},{"taxonomy":"product_tag","embeddable":true,"href":"https:\/\/pomello.ee\/fi\/wp-json\/wp\/v2\/product_tag?post=23571"}],"curies":[{"name":"wp","href":"https:\/\/api.w.org\/{rel}","templated":true}]}}