{"id":23598,"date":"2023-04-22T10:24:56","date_gmt":"2023-04-22T08:24:56","guid":{"rendered":"https:\/\/pomello.ee\/toode\/italwax-topline-coral-wax-750g\/"},"modified":"2025-08-11T10:47:17","modified_gmt":"2025-08-11T08:47:17","slug":"italwax-topline-coral-wax-750g","status":"publish","type":"product","link":"https:\/\/pomello.ee\/fi\/toode\/italwax-topline-coral-wax-750g\/","title":{"rendered":"ITALWAX Topline Coral Wax 750g"},"content":{"rendered":"<p>ITALWAX TOPLINE CORAL WAX on korkealuokkainen synteettinen polymeerivaha (SP Wax), joka on suunniteltu karvojen poistoon herkilt\u00e4 alueilta (bikinit, kasvot, kainalot).<\/p>\n<p>&nbsp;<\/p>\n<p>Vaha ei sis\u00e4ll\u00e4 m\u00e4ntyhartsia. Ei aiheuta allergioita. Vaha on erityisen joustavaa, levitys ei katkea, se ei luo joustavia lankoja. Levitet\u00e4\u00e4n lastalla karvan kasvusuunnasta riippumatta, poisto ilman nauhoja.<\/p>\n<p>&nbsp;<\/p>\n<p>Vaha on suunniteltu herk\u00e4lle, allergiselle iholle.<\/p>\n<p>&nbsp;<\/p>\n<p>Ihanteellinen:<\/p>\n<ul>\n<li>Kulmakarvat<\/li>\n<li>Yl\u00e4huuli<\/li>\n<li>Napan ja leuan alue<\/li>\n<li>Bikinialue<\/li>\n<li>Kainalot<\/li>\n<\/ul>\n<p>&nbsp;<\/p>\n<p>Vahan k\u00e4ytt\u00f6l\u00e4mp\u00f6tila on +38 \u00b0C.<\/p>\n<p>&nbsp;<\/p>\n<p>Vinkkej\u00e4 kasvojen eri alueiden vahaukseen.<br \/>\nSuosituksia parempiin tuloksiin:<\/p>\n<p>&nbsp;<\/p>\n<p><strong>KULMIEN<\/strong><\/p>\n<ul>\n<li>Kulmakarvojen muotoilua varten on suositeltavaa jakaa yksi pitk\u00e4 k\u00e4ytt\u00f6kerta kahteen lyhyeen.<\/li>\n<li>Luo ter\u00e4v\u00e4, selke\u00e4 viiva pienell\u00e4 lastalla.<\/li>\n<li>Paina lastaa varovasti, t\u00e4m\u00e4 auttaa vahaa kiinnittym\u00e4\u00e4n paremmin hiuksiin.<\/li>\n<\/ul>\n<p>&nbsp;<\/p>\n<p><strong>YL\u00c4HUULI<\/strong><\/p>\n<ul>\n<li>Kirist\u00e4 yl\u00e4huuli jacand-vahan iholle.<\/li>\n<li>Yrit\u00e4 v\u00e4ltt\u00e4\u00e4 punaisten huulten aluetta, t\u00e4m\u00e4 voi johtaa ihon kirist\u00e4miseen.<\/li>\n<li>Pid\u00e4 lastaa pystyasennossa ihoa vasten, t\u00e4m\u00e4 nostaa karvoja ja vahapito on vahvempi.<\/li>\n<\/ul>\n<p>&nbsp;<\/p>\n<p><strong>SIVUPOSKET<\/strong><\/p>\n<ul>\n<li>Levit\u00e4 vahaa iholle karvojen kasvusuunnassa ja poista sis\u00e4\u00e4nkasvaneet karvat.<\/li>\n<li>Suurille kasvojen alueille voit k\u00e4ytt\u00e4\u00e4 tavallista lastaa.<\/li>\n<li>On my\u00f6s suositeltavaa k\u00e4ytt\u00e4\u00e4 talkkia.<\/li>\n<\/ul>\n","protected":false},"excerpt":{"rendered":"<p>ITALWAX TOPLINE CORAL WAX on korkealuokkainen synteettinen polymeerivaha (SP Wax), joka on suunniteltu karvojen poistoon herkilt\u00e4 alueilta (bikinit, kasvot, kainalot).<\/p>\n<p>&nbsp;<\/p>\n<p>Mestareiden ja asiakkaiden TOP1 suosikki.<\/p>\n<p>&nbsp;<\/p>\n<p>Vaha on suunniteltu herk\u00e4lle, allergiselle iholle.<\/p>\n<p>&nbsp;<\/p>\n<p>Allergiavapaa.<\/p>\n<p>&nbsp;<\/p>\n<p>&nbsp;<\/p>\n<p>&nbsp;<\/p>\n<p>&nbsp;<\/p>\n","protected":false},"featured_media":22676,"comment_status":"open","ping_status":"closed","template":"","meta":{"_monsterinsights_skip_tracking":false,"_monsterinsights_sitenote_active":false,"_monsterinsights_sitenote_note":"","_monsterinsights_sitenote_category":0},"product_brand":[],"product_cat":[507,542,476,512,555],"product_tag":[],"class_list":{"0":"post-23598","1":"product","2":"type-product","3":"status-publish","4":"has-post-thumbnail","6":"product_cat-karvanpoisto","7":"product_cat-karvanpoisto-tarvikkeet-fi","8":"product_cat-kulmakarvat","9":"product_cat-parhaat-tarjoukset","10":"product_cat-vahat","11":"pa_brand-italwax-fi","12":"pa_suurus-750-g-fi","14":"first","15":"instock","16":"taxable","17":"shipping-taxable","18":"purchasable","19":"product-type-simple"},"_links":{"self":[{"href":"https:\/\/pomello.ee\/fi\/wp-json\/wp\/v2\/product\/23598","targetHints":{"allow":["GET"]}}],"collection":[{"href":"https:\/\/pomello.ee\/fi\/wp-json\/wp\/v2\/product"}],"about":[{"href":"https:\/\/pomello.ee\/fi\/wp-json\/wp\/v2\/types\/product"}],"replies":[{"embeddable":true,"href":"https:\/\/pomello.ee\/fi\/wp-json\/wp\/v2\/comments?post=23598"}],"wp:featuredmedia":[{"embeddable":true,"href":"https:\/\/pomello.ee\/fi\/wp-json\/wp\/v2\/media\/22676"}],"wp:attachment":[{"href":"https:\/\/pomello.ee\/fi\/wp-json\/wp\/v2\/media?parent=23598"}],"wp:term":[{"taxonomy":"product_brand","embeddable":true,"href":"https:\/\/pomello.ee\/fi\/wp-json\/wp\/v2\/product_brand?post=23598"},{"taxonomy":"product_cat","embeddable":true,"href":"https:\/\/pomello.ee\/fi\/wp-json\/wp\/v2\/product_cat?post=23598"},{"taxonomy":"product_tag","embeddable":true,"href":"https:\/\/pomello.ee\/fi\/wp-json\/wp\/v2\/product_tag?post=23598"}],"curies":[{"name":"wp","href":"https:\/\/api.w.org\/{rel}","templated":true}]}}