{"id":23600,"date":"2023-04-20T22:49:57","date_gmt":"2023-04-20T20:49:57","guid":{"rendered":"https:\/\/pomello.ee\/toode\/italwax-hot-film-wax-rose\/"},"modified":"2025-08-11T10:47:17","modified_gmt":"2025-08-11T08:47:17","slug":"italwax-hot-film-wax-rose","status":"publish","type":"product","link":"https:\/\/pomello.ee\/fi\/toode\/italwax-hot-film-wax-rose\/","title":{"rendered":"ITALWAX Hot Film Wax Rose"},"content":{"rendered":"<h5>ITALWAX HOT FILM WAX ROSE<\/h5>\n<p>&nbsp;<\/p>\n<h4>Ihanteellinen:<\/h4>\n<ul>\n<li>Kulmakarvat<\/li>\n<li>Yl\u00e4huuli<\/li>\n<li>Napan ja leuan alue<\/li>\n<li>Kainalot<\/li>\n<li>Bikinialue<\/li>\n<\/ul>\n<p>&nbsp;<\/p>\n<p>L\u00e4pin\u00e4kyv\u00e4 kova vaha levitet\u00e4\u00e4n ohuena kerroksena iholle, poistoon ei k\u00e4ytet\u00e4 paperia. Pidemm\u00e4ll\u00e4 kovettumisajalla, mik\u00e4 tarkoittaa, ett\u00e4 levitysaika on pidempi ja sopii my\u00f6s aloittelijoille, koska vahaa ehtii korjata ennen kuin se kovettuu. T\u00e4m\u00e4 vaha sopii sek\u00e4 vahvojen ett\u00e4 lyhyiden karvojen poistamiseen. Ihanteellinen kainaloihin, bikinialueelle ja kasvoille.<\/p>\n<p>&nbsp;<\/p>\n<p>Vahan k\u00e4ytt\u00f6l\u00e4mp\u00f6tila on +38 \u00b0C.<\/p>\n<p>L\u00e4mmit\u00e4 vaha mukavasti silikonikulhossa, jonka l\u00f6yd\u00e4t <a href=\"https:\/\/pomello.ee\/toode\/silikoonkauss-vahaaparaadile-400ml\/\">t\u00e4\u00e4lt\u00e4<\/a><\/p>\n<p>&nbsp;<\/p>\n<p>J\u00e4\u00e4tymisaika 10-12 sekuntia.<\/p>\n<p>&nbsp;<\/p>\n<p>Vinkkej\u00e4 kasvojen eri alueiden vahaukseen.<br \/>\nSuosituksia parempiin tuloksiin:<\/p>\n<p>&nbsp;<\/p>\n<p><strong>KULMIEN<\/strong><\/p>\n<ul>\n<li>Kulmakarvojen muotoilua varten on suositeltavaa jakaa yksi pitk\u00e4 k\u00e4ytt\u00f6kerta kahteen lyhyeen.<\/li>\n<li>Luo ter\u00e4v\u00e4, selke\u00e4 viiva pienell\u00e4 lastalla.<\/li>\n<li>Paina lastaa varovasti, t\u00e4m\u00e4 auttaa vahaa kiinnittym\u00e4\u00e4n paremmin hiuksiin.<\/li>\n<\/ul>\n<p>&nbsp;<\/p>\n<p><strong>YL\u00c4HUULI<\/strong><\/p>\n<ul>\n<li>Kirist\u00e4 yl\u00e4huuli jacand-vahan iholle.<\/li>\n<li>Yrit\u00e4 v\u00e4ltt\u00e4\u00e4 punaisten huulten aluetta, t\u00e4m\u00e4 voi johtaa ihon kirist\u00e4miseen.<\/li>\n<li>Pid\u00e4 lastaa pystyasennossa ihoa vasten, t\u00e4m\u00e4 nostaa karvoja ja vahapito on vahvempi.<\/li>\n<\/ul>\n<p>&nbsp;<\/p>\n<p><strong>SIVUPOSKET<\/strong><\/p>\n<ul>\n<li>Levit\u00e4 vahaa iholle karvojen kasvusuunnassa ja poista sis\u00e4\u00e4nkasvaneet karvat.<\/li>\n<li>Suurille kasvojen alueille voit k\u00e4ytt\u00e4\u00e4 tavallista lastaa.<\/li>\n<li>On my\u00f6s suositeltavaa k\u00e4ytt\u00e4\u00e4 talkkia.<\/li>\n<\/ul>\n","protected":false},"excerpt":{"rendered":"<p>ITALWAX HOT FILM WAX ROSE on pidempi kovettumisaika, mik\u00e4 tarkoittaa, ett\u00e4 levitysaika on pidempi ja sopii my\u00f6s aloittelijoille, koska vahaa ehtii korjata ennen kuin se kovettuu.<\/p>\n<p>&nbsp;<\/p>\n<p>T\u00e4m\u00e4 vaha sopii sek\u00e4 vahvojen ett\u00e4 lyhyiden karvojen poistamiseen. Ihanteellinen kainaloihin, bikinialueelle ja kasvoille.<\/p>\n<p>&nbsp;<\/p>\n<p>&nbsp;<\/p>\n","protected":false},"featured_media":22630,"comment_status":"open","ping_status":"closed","template":"","meta":{"_monsterinsights_skip_tracking":false,"_monsterinsights_sitenote_active":false,"_monsterinsights_sitenote_note":"","_monsterinsights_sitenote_category":0},"product_brand":[],"product_cat":[507,542,476,555],"product_tag":[],"class_list":{"0":"post-23600","1":"product","2":"type-product","3":"status-publish","4":"has-post-thumbnail","6":"product_cat-karvanpoisto","7":"product_cat-karvanpoisto-tarvikkeet-fi","8":"product_cat-kulmakarvat","9":"product_cat-vahat","10":"pa_brand-italwax-fi","11":"pa_suurus-1-kg-fi","13":"first","14":"instock","15":"taxable","16":"shipping-taxable","17":"purchasable","18":"product-type-simple"},"_links":{"self":[{"href":"https:\/\/pomello.ee\/fi\/wp-json\/wp\/v2\/product\/23600","targetHints":{"allow":["GET"]}}],"collection":[{"href":"https:\/\/pomello.ee\/fi\/wp-json\/wp\/v2\/product"}],"about":[{"href":"https:\/\/pomello.ee\/fi\/wp-json\/wp\/v2\/types\/product"}],"replies":[{"embeddable":true,"href":"https:\/\/pomello.ee\/fi\/wp-json\/wp\/v2\/comments?post=23600"}],"wp:featuredmedia":[{"embeddable":true,"href":"https:\/\/pomello.ee\/fi\/wp-json\/wp\/v2\/media\/22630"}],"wp:attachment":[{"href":"https:\/\/pomello.ee\/fi\/wp-json\/wp\/v2\/media?parent=23600"}],"wp:term":[{"taxonomy":"product_brand","embeddable":true,"href":"https:\/\/pomello.ee\/fi\/wp-json\/wp\/v2\/product_brand?post=23600"},{"taxonomy":"product_cat","embeddable":true,"href":"https:\/\/pomello.ee\/fi\/wp-json\/wp\/v2\/product_cat?post=23600"},{"taxonomy":"product_tag","embeddable":true,"href":"https:\/\/pomello.ee\/fi\/wp-json\/wp\/v2\/product_tag?post=23600"}],"curies":[{"name":"wp","href":"https:\/\/api.w.org\/{rel}","templated":true}]}}