{"id":23604,"date":"2023-04-20T15:12:44","date_gmt":"2023-04-20T13:12:44","guid":{"rendered":"https:\/\/pomello.ee\/toode\/levissime-aktivaattori-1-8\/"},"modified":"2023-04-20T15:12:44","modified_gmt":"2023-04-20T12:12:44","slug":"levissime-aktivaattori-1-8","status":"publish","type":"product","link":"https:\/\/pomello.ee\/fi\/toode\/levissime-aktivaattori-1-8\/","title":{"rendered":"LEVISSIME aktivaattori 1.8%"},"content":{"rendered":"<p>Vetyaktivaattori 1,8% LeviSsime-v\u00e4riv\u00e4rien aktivoimiseen. Ei vahingoita ihoa tai hiuksia. Koostumuksen komponentit auttavat v\u00e4hent\u00e4m\u00e4\u00e4n mahdollista kutinaa, polttamista ja \u00e4rsytyst\u00e4, niill\u00e4 on anti-inflammatorinen vaikutus. Kermaista emulsiota voi kuluttaa s\u00e4\u00e4steli\u00e4\u00e4sti ja se sekoittuu hyvin maalin kanssa eik\u00e4 muodostunut seos levi\u00e4. Pullo riitt\u00e4\u00e4 jopa 250 toimenpiteeseen.<\/p>\n<p>&nbsp;<\/p>\n<p>K\u00e4ytt\u00f6tapa:<\/p>\n<p>&nbsp;<\/p>\n<p>Sekoita LeviSsime-v\u00e4ri\u00e4 t\u00e4m\u00e4n oksidin kanssa suhteessa 1:1, kunnes saat tasaisen koostumuksen. Levit\u00e4 seos aiemmin valmistettuihin kulmakarvoihin ja ripsiin. Poista ylim\u00e4\u00e4r\u00e4inen tuote v\u00e4litt\u00f6m\u00e4sti vanupuikolla. Odota 15 minuuttia ja pese seos huolellisesti vedell\u00e4 ja pyyhi j\u00e4ljelle j\u00e4\u00e4nyt kosteus pyyhkeell\u00e4.<\/p>\n","protected":false},"excerpt":{"rendered":"<p>Vetyaktivaattori 1,8% LeviSsime-v\u00e4riv\u00e4rien aktivoimiseen.<\/p>\n<p>&nbsp;<\/p>\n<p>Ei vahingoita ihoa tai hiuksia. Koostumuksen komponentit auttavat v\u00e4hent\u00e4m\u00e4\u00e4n mahdollista kutinaa, polttamista ja \u00e4rsytyst\u00e4, niill\u00e4 on anti-inflammatorinen vaikutus.<\/p>\n<p>&nbsp;<\/p>\n<p>Pullo riitt\u00e4\u00e4 jopa 250 toimenpiteeseen.<\/p>\n","protected":false},"featured_media":22626,"comment_status":"open","ping_status":"closed","template":"","meta":{"_monsterinsights_skip_tracking":false,"_monsterinsights_sitenote_active":false,"_monsterinsights_sitenote_note":"","_monsterinsights_sitenote_category":0},"product_brand":[],"product_cat":[479,901,478],"product_tag":[],"class_list":{"0":"post-23604","1":"product","2":"type-product","3":"status-publish","4":"has-post-thumbnail","6":"product_cat-ripsien-ja-kulmakarvojen-varit-fi","7":"product_cat-developers","8":"product_cat-ripsien-ja-kulmakarvojen-varit","10":"first","11":"outofstock","12":"taxable","13":"shipping-taxable","14":"purchasable","15":"product-type-simple"},"_links":{"self":[{"href":"https:\/\/pomello.ee\/fi\/wp-json\/wp\/v2\/product\/23604","targetHints":{"allow":["GET"]}}],"collection":[{"href":"https:\/\/pomello.ee\/fi\/wp-json\/wp\/v2\/product"}],"about":[{"href":"https:\/\/pomello.ee\/fi\/wp-json\/wp\/v2\/types\/product"}],"replies":[{"embeddable":true,"href":"https:\/\/pomello.ee\/fi\/wp-json\/wp\/v2\/comments?post=23604"}],"wp:featuredmedia":[{"embeddable":true,"href":"https:\/\/pomello.ee\/fi\/wp-json\/wp\/v2\/media\/22626"}],"wp:attachment":[{"href":"https:\/\/pomello.ee\/fi\/wp-json\/wp\/v2\/media?parent=23604"}],"wp:term":[{"taxonomy":"product_brand","embeddable":true,"href":"https:\/\/pomello.ee\/fi\/wp-json\/wp\/v2\/product_brand?post=23604"},{"taxonomy":"product_cat","embeddable":true,"href":"https:\/\/pomello.ee\/fi\/wp-json\/wp\/v2\/product_cat?post=23604"},{"taxonomy":"product_tag","embeddable":true,"href":"https:\/\/pomello.ee\/fi\/wp-json\/wp\/v2\/product_tag?post=23604"}],"curies":[{"name":"wp","href":"https:\/\/api.w.org\/{rel}","templated":true}]}}