{"id":23643,"date":"2023-03-16T16:09:19","date_gmt":"2023-03-16T14:09:19","guid":{"rendered":"https:\/\/pomello.ee\/toode\/valkoinen-kulmakarvojen-mittauskyna\/"},"modified":"2025-02-15T11:47:54","modified_gmt":"2025-02-15T09:47:54","slug":"valkoinen-kulmakarvojen-mittauskyna","status":"publish","type":"product","link":"https:\/\/pomello.ee\/fi\/toode\/valkoinen-kulmakarvojen-mittauskyna\/","title":{"rendered":"Valkoinen kulmakarvojen mittauskyn\u00e4"},"content":{"rendered":"<p>Kulmakarvojen mittakyn\u00e4 valkoinen v\u00e4ri. Ihanteellinen ty\u00f6kalu yksityiskohtaisten mittausten tekemiseen, eritt\u00e4in hienolla viivalla. Valkoista kulmakarvojen mittauskyn\u00e4\u00e4 voidaan k\u00e4ytt\u00e4\u00e4 esimerkiksi kulmakarvojen hoidossa ja kestomeikissa sek\u00e4 kulmakarvoille ett\u00e4 huulille.<\/p>\n","protected":false},"excerpt":{"rendered":"<p>Kulmakarvojen mittakyn\u00e4 valkoisella v\u00e4rill\u00e4. Kuulak\u00e4rkikyn\u00e4, jota voidaan k\u00e4ytt\u00e4\u00e4 kulmakarvojen mittaamiseen. Ihanteellinen ty\u00f6kalu kulmakarvojen t\u00e4rkeimpien pisteiden merkitsemiseen. Sopii my\u00f6s pysyv\u00e4sti meikkitaiteilijoille. Voidaan poistaa vedell\u00e4.<\/p>\n","protected":false},"featured_media":22592,"comment_status":"open","ping_status":"closed","template":"","meta":{"_monsterinsights_skip_tracking":false,"_monsterinsights_sitenote_active":false,"_monsterinsights_sitenote_note":"","_monsterinsights_sitenote_category":0},"product_brand":[],"product_cat":[476,511,540],"product_tag":[],"class_list":{"0":"post-23643","1":"product","2":"type-product","3":"status-publish","4":"has-post-thumbnail","6":"product_cat-kulmakarvat","7":"product_cat-kulmakarvojen-tarvikkeet","8":"product_cat-tarvikkeet","9":"pa_suurus-9g-fi","10":"pa_varv-valge-fi","12":"first","13":"outofstock","14":"taxable","15":"shipping-taxable","16":"purchasable","17":"product-type-simple"},"_links":{"self":[{"href":"https:\/\/pomello.ee\/fi\/wp-json\/wp\/v2\/product\/23643","targetHints":{"allow":["GET"]}}],"collection":[{"href":"https:\/\/pomello.ee\/fi\/wp-json\/wp\/v2\/product"}],"about":[{"href":"https:\/\/pomello.ee\/fi\/wp-json\/wp\/v2\/types\/product"}],"replies":[{"embeddable":true,"href":"https:\/\/pomello.ee\/fi\/wp-json\/wp\/v2\/comments?post=23643"}],"wp:featuredmedia":[{"embeddable":true,"href":"https:\/\/pomello.ee\/fi\/wp-json\/wp\/v2\/media\/22592"}],"wp:attachment":[{"href":"https:\/\/pomello.ee\/fi\/wp-json\/wp\/v2\/media?parent=23643"}],"wp:term":[{"taxonomy":"product_brand","embeddable":true,"href":"https:\/\/pomello.ee\/fi\/wp-json\/wp\/v2\/product_brand?post=23643"},{"taxonomy":"product_cat","embeddable":true,"href":"https:\/\/pomello.ee\/fi\/wp-json\/wp\/v2\/product_cat?post=23643"},{"taxonomy":"product_tag","embeddable":true,"href":"https:\/\/pomello.ee\/fi\/wp-json\/wp\/v2\/product_tag?post=23643"}],"curies":[{"name":"wp","href":"https:\/\/api.w.org\/{rel}","templated":true}]}}