{"id":23708,"date":"2023-05-17T07:18:23","date_gmt":"2023-05-17T05:18:23","guid":{"rendered":"https:\/\/pomello.ee\/toode\/inlei-brow-lift-1-15ml\/"},"modified":"2025-10-22T13:55:33","modified_gmt":"2025-10-22T11:55:33","slug":"inlei-brow-lift-1-15ml","status":"publish","type":"product","link":"https:\/\/pomello.ee\/fi\/toode\/inlei-brow-lift-1-15ml\/","title":{"rendered":"INLEI\u00ae Brow Lift 1 1,2ml"},"content":{"rendered":"<p>100% valmistettu Italiassa<br \/>\nSis\u00e4lt\u00e4\u00e4 ihoa suojaavia ainesosia<\/p>\n<p>&nbsp;<\/p>\n<p>Tilavuus: 1,2 ml. Tuote s\u00e4ilyy auki 3 kuukautta.<\/p>\n<p>&nbsp;<\/p>\n<p>VAIN AMMATTIMAISEEN K\u00c4YTT\u00d6\u00d6N.<\/p>\n<p>&nbsp;<\/p>\n<p><strong>Kuinka k\u00e4ytt\u00e4\u00e4:<\/strong><\/p>\n<p>-Puhdista asiakkaan kulmakarvat<br \/>\n&#8211; Kampaa kulmakarvat siististi ja\/tai haluttuun suuntaan.<br \/>\n&#8211; Levit\u00e4 tasainen kerros InLei\u00ae BROW LIFT 1:t\u00e4 siveltimell\u00e4.<br \/>\n&#8211; Anna vaikuttaa tarvittavan ajan kerroksen paksuudesta riippuen (6-12 min). \u00c4L\u00c4 K\u00c4YT\u00c4 FILMIA.<br \/>\n&#8211; Poista tuote kuivalla vanulapulla.<br \/>\n&#8211; Jatka sitten InLei \u00ae Brow Lock 2:lla<\/p>\n<p>&nbsp;<\/p>\n<p>Lue pakkausseloste huolellisesti.<\/p>\n","protected":false},"excerpt":{"rendered":"<p>InLei\u00ae &#8221;BROW LIFT 1&#8221; tai step 1 on InLei\u00ae BROW BOMBER -sarjan vallankumouksellinen kulmakarvojen laminointituote, joka on suunniteltu tekem\u00e4\u00e4n kulmakarvoista kuuliaisia, pehmeit\u00e4, silkkisi\u00e4 ja tyylikk\u00e4it\u00e4. Pakkauksen avaamisen j\u00e4lkeen se s\u00e4ilyy enint\u00e4\u00e4n kolme kuukautta.<\/p>\n","protected":false},"featured_media":31439,"comment_status":"open","ping_status":"closed","template":"","meta":{"_monsterinsights_skip_tracking":false,"_monsterinsights_sitenote_active":false,"_monsterinsights_sitenote_note":"","_monsterinsights_sitenote_category":0},"product_brand":[],"product_cat":[899,476,477],"product_tag":[524],"class_list":{"0":"post-23708","1":"product","2":"type-product","3":"status-publish","4":"has-post-thumbnail","6":"product_cat-emulsiot-fi","7":"product_cat-kulmakarvat","8":"product_cat-kulmien-laminointi","9":"product_tag-kulmakarvojen-laminointi","10":"pa_brand-inlei-fi","11":"pa_suurus-12ml-fi","13":"first","14":"outofstock","15":"taxable","16":"shipping-taxable","17":"purchasable","18":"product-type-simple"},"_links":{"self":[{"href":"https:\/\/pomello.ee\/fi\/wp-json\/wp\/v2\/product\/23708","targetHints":{"allow":["GET"]}}],"collection":[{"href":"https:\/\/pomello.ee\/fi\/wp-json\/wp\/v2\/product"}],"about":[{"href":"https:\/\/pomello.ee\/fi\/wp-json\/wp\/v2\/types\/product"}],"replies":[{"embeddable":true,"href":"https:\/\/pomello.ee\/fi\/wp-json\/wp\/v2\/comments?post=23708"}],"wp:featuredmedia":[{"embeddable":true,"href":"https:\/\/pomello.ee\/fi\/wp-json\/wp\/v2\/media\/31439"}],"wp:attachment":[{"href":"https:\/\/pomello.ee\/fi\/wp-json\/wp\/v2\/media?parent=23708"}],"wp:term":[{"taxonomy":"product_brand","embeddable":true,"href":"https:\/\/pomello.ee\/fi\/wp-json\/wp\/v2\/product_brand?post=23708"},{"taxonomy":"product_cat","embeddable":true,"href":"https:\/\/pomello.ee\/fi\/wp-json\/wp\/v2\/product_cat?post=23708"},{"taxonomy":"product_tag","embeddable":true,"href":"https:\/\/pomello.ee\/fi\/wp-json\/wp\/v2\/product_tag?post=23708"}],"curies":[{"name":"wp","href":"https:\/\/api.w.org\/{rel}","templated":true}]}}