{"id":23720,"date":"2023-07-20T22:45:07","date_gmt":"2023-07-20T20:45:07","guid":{"rendered":"https:\/\/pomello.ee\/toode\/maxymova-step-1-lift-5-x-15ml\/"},"modified":"2026-04-09T09:42:35","modified_gmt":"2026-04-09T07:42:35","slug":"maxymova-step-1-lift-5-x-15ml","status":"publish","type":"product","link":"https:\/\/pomello.ee\/fi\/toode\/maxymova-step-1-lift-5-x-15ml\/","title":{"rendered":"MAXYMOVA Step 1 LIFT 5 x 1,5ml"},"content":{"rendered":"<p>\ud83d\udc8e Kulmakarvojen laminointi<\/p>\n<p>Levit\u00e4 vaihe 1 kulmakarvoihisi ja anna vaikuttaa 4\u201312 minuuttia karvatyypist\u00e4si riippuen.<br \/>\nVaiheen 1 levitt\u00e4misen j\u00e4lkeen peit\u00e4 koko kulmakarvojen pituus ja aseta MAXYMOVA Silicone Brow Patch p\u00e4\u00e4lle. Kun tuote on valmis, poista se varovasti kuivalla siveltimell\u00e4 tai vanupuikolla.<br \/>\nLevit\u00e4 vaihe 2 kulmakarvoihisi ja anna vaikuttaa 7\u20138 minuuttia. Tarvittaessa k\u00e4yt\u00e4 MAXYMOVA Silicone Pad -tyyny\u00e4 uudelleen. Kun tuote on valmis, poista liuos kuivalla vanupuikolla.<br \/>\nJos aiot v\u00e4rj\u00e4t\u00e4 kulmakarvasi, tee se t\u00e4ss\u00e4 vaiheessa. Poista v\u00e4ri Maxymova Magnetic Brush Model 3 -siveltimell\u00e4.<br \/>\nViimeistele toimenpide poistamalla kaikki v\u00e4rij\u00e4\u00e4m\u00e4t ja levitt\u00e4m\u00e4ll\u00e4 Lash &amp; Brow Cocktail -seerumia kulmakarvoihisi siveltimell\u00e4 varmistaaksesi optimaalisen imeytymisen. \u00c4l\u00e4 huuhtele seerumia.<\/p>\n<p>\ud83d\udc8e Ripsien laminointi<\/p>\n<p>Levit\u00e4 vaihe 1 LIFT ripsiin ja anna vaikuttaa 6\u201312 minuuttia ripsien tiheydest\u00e4 riippuen. Levit\u00e4 tuotetta 0,5\u20132 mm tyvest\u00e4 ja peit\u00e4 30\u201360 % ripsien pituudesta k\u00e4ytetyst\u00e4 rullasta riippuen.<br \/>\nLevit\u00e4 Step 2 FIX -tuotetta 8 minuuttia, hieman korkeammalle kuin ensimm\u00e4ist\u00e4 koostumusta, j\u00e4tt\u00e4en my\u00f6s 0,5\u20132 mm rako tyveen.<br \/>\nLevit\u00e4 v\u00e4ri\u00e4 ripsiin ja anna vaikuttaa 8\u201310 minuuttia. Poista v\u00e4ri kuivalla vanupuikolla.<br \/>\nK\u00e4yt\u00e4 Goccia Restorative Serum -seerumia, joka ravitsee, kosteuttaa ja antaa kiiltoa ripsille ja kulmakarvoille. T\u00e4m\u00e4 vaihe vahvistaa ripsi\u00e4, auttaa v\u00e4hent\u00e4m\u00e4\u00e4n vaurioita, lukitsee kosteuden ja v\u00e4hent\u00e4\u00e4 haurautta, j\u00e4tt\u00e4en ripset pehmeiksi, silkkisiksi, elastisiksi ja kiilt\u00e4viksi.<br \/>\nV\u00e4rj\u00e4yksen j\u00e4lkeen levit\u00e4 muutama tippa seerumia ja anna sen vaikuttaa ripsill\u00e4 5 minuuttia (tai Step 2 FIX -tuotteen j\u00e4lkeen, jos v\u00e4ri\u00e4 ei k\u00e4ytet\u00e4). Puhdista sitten kuivalla vanupuikolla.<br \/>\nViimeistele toimenpide levitt\u00e4m\u00e4ll\u00e4 LASH &amp; BROW COCKTAIL -tuotetta, joka sopii erinomaisesti ripsien ja kulmakarvojen laminoinnin viimeiseen vaiheeseen. Se auttaa palauttamaan, kosteuttamaan ja suojaamaan karvoja tekem\u00e4tt\u00e4 niist\u00e4 raskaita, ehk\u00e4isee vaurioita ja tukee hiusrakenteen palautumista. Huuhtelua ei tarvita.<\/p>\n","protected":false},"excerpt":{"rendered":"<p>MAXYMOVA\u00ae\ufe0f STEP 1 LIFT on ensimm\u00e4inen vaihe ripsien ja kulmakarvojen laminointimenetelm\u00e4ss\u00e4. Se rikkoo hiusten disulfidisidokset, jotta hiuksia voidaan muotoilla uudelleen. Tuote on tehokas mutta hell\u00e4varainen hiuksille innovatiivisen, vallankumouksellisen koostumuksensa ansiosta, joka ei vahingoita hiuksia.<\/p>\n<p>MAXYMOVA\u00ae\ufe0f Ammattimaiset tuotteet on kehitetty yhteisty\u00f6ss\u00e4 parhaiden italialaisten mestareiden kanssa. S\u00e4ihkyvi\u00e4 emulsioita, kosteuttavia ainesosia, innovatiivinen ja korkealaatuinen laminointisarja ripsien ja kulmakarvojen laminointiin. Maailmanlaajuisesti ylistettyj\u00e4 emulsioita ei ole ep\u00e4miellytt\u00e4v\u00e4n hajuisia, ne eiv\u00e4t kirvele eiv\u00e4tk\u00e4 aiheuta punoitusta kulmakarvojen iholla. Hell\u00e4varaisia \u200b\u200bmutta tehokkaita emulsioita, jotka luovat lopullisen tuloksen ripsille ja kulmakarvoille.<\/p>\n<p>5 x 1,5 ml pussia.<\/p>\n<p>Valmistettu Italiassa.<\/p>\n","protected":false},"featured_media":22739,"comment_status":"open","ping_status":"closed","template":"","meta":{"_monsterinsights_skip_tracking":false,"_monsterinsights_sitenote_active":false,"_monsterinsights_sitenote_note":"","_monsterinsights_sitenote_category":0},"product_brand":[],"product_cat":[476,899,517,477,516,475],"product_tag":[524,530],"class_list":{"0":"post-23720","1":"product","2":"type-product","3":"status-publish","4":"has-post-thumbnail","6":"product_cat-kulmakarvat","7":"product_cat-emulsiot-fi","8":"product_cat-emulsiot","9":"product_cat-kulmien-laminointi","10":"product_cat-lash-lift-fi","11":"product_cat-ripset","12":"product_tag-kulmakarvojen-laminointi","13":"product_tag-lash-lift-fi","14":"pa_brand-maxymova-fi","16":"first","17":"instock","18":"taxable","19":"shipping-taxable","20":"purchasable","21":"product-type-simple"},"_links":{"self":[{"href":"https:\/\/pomello.ee\/fi\/wp-json\/wp\/v2\/product\/23720","targetHints":{"allow":["GET"]}}],"collection":[{"href":"https:\/\/pomello.ee\/fi\/wp-json\/wp\/v2\/product"}],"about":[{"href":"https:\/\/pomello.ee\/fi\/wp-json\/wp\/v2\/types\/product"}],"replies":[{"embeddable":true,"href":"https:\/\/pomello.ee\/fi\/wp-json\/wp\/v2\/comments?post=23720"}],"wp:featuredmedia":[{"embeddable":true,"href":"https:\/\/pomello.ee\/fi\/wp-json\/wp\/v2\/media\/22739"}],"wp:attachment":[{"href":"https:\/\/pomello.ee\/fi\/wp-json\/wp\/v2\/media?parent=23720"}],"wp:term":[{"taxonomy":"product_brand","embeddable":true,"href":"https:\/\/pomello.ee\/fi\/wp-json\/wp\/v2\/product_brand?post=23720"},{"taxonomy":"product_cat","embeddable":true,"href":"https:\/\/pomello.ee\/fi\/wp-json\/wp\/v2\/product_cat?post=23720"},{"taxonomy":"product_tag","embeddable":true,"href":"https:\/\/pomello.ee\/fi\/wp-json\/wp\/v2\/product_tag?post=23720"}],"curies":[{"name":"wp","href":"https:\/\/api.w.org\/{rel}","templated":true}]}}