{"id":23737,"date":"2023-07-20T22:01:22","date_gmt":"2023-07-20T20:01:22","guid":{"rendered":"https:\/\/pomello.ee\/toode\/maxymova-discovery-kit\/"},"modified":"2026-04-09T10:38:37","modified_gmt":"2026-04-09T08:38:37","slug":"maxymova-discovery-kit","status":"publish","type":"product","link":"https:\/\/pomello.ee\/fi\/toode\/maxymova-discovery-kit\/","title":{"rendered":"MAXYMOVA Discovery Trio"},"content":{"rendered":"<p>\ud83d\udc8e Kulmakarvojen laminointi<\/p>\n<p>Levit\u00e4 vaihe 1 kulmakarvoihisi ja anna vaikuttaa 4\u201312 minuuttia karvatyypist\u00e4si riippuen.<br \/>\nVaiheen 1 levitt\u00e4misen j\u00e4lkeen peit\u00e4 koko kulmakarvojen pituus ja aseta MAXYMOVA Silicone Brow Patch p\u00e4\u00e4lle. Kun vaikutusaika on kulunut, poista tuote varovasti kuivalla siveltimell\u00e4 tai vanupuikolla.<br \/>\nLevit\u00e4 vaihe 2 kulmakarvoihisi ja anna vaikuttaa 7\u20138 minuuttia. Tarvittaessa k\u00e4yt\u00e4 MAXYMOVA Silicone Pad -tyyny\u00e4 uudelleen. Kun vaikutusaika on kulunut, poista liuos kuivalla vanupuikolla.<br \/>\nJos aiot v\u00e4rj\u00e4t\u00e4 kulmakarvasi, tee se t\u00e4ss\u00e4 vaiheessa. Poista v\u00e4ri Maxymova Magnetic Brush Model 3 -siveltimell\u00e4.<br \/>\nViimeistele toimenpide poistamalla kaikki v\u00e4rij\u00e4\u00e4m\u00e4t ja levitt\u00e4m\u00e4ll\u00e4 Maxymova Step 3 -seerumia kulmakarvoihisi siveltimell\u00e4 varmistaaksesi optimaalisen imeytymisen. \u00c4l\u00e4 huuhtele seerumia.<\/p>\n<p>\ud83d\udc8e Ripsien laminointi<\/p>\n<p>Levit\u00e4 vaihe 1 LIFT ripsiin ja anna vaikuttaa 6\u201312 minuuttia ripsien tiheydest\u00e4 riippuen. Levit\u00e4 tuotetta 0,5\u20132 mm tyvest\u00e4 ja peit\u00e4 30\u201360 % ripsien pituudesta k\u00e4ytetyst\u00e4 rullasta riippuen.<br \/>\nLevit\u00e4 Step 2 FIX -tuotetta 8 minuuttia, hieman korkeammalle kuin ensimm\u00e4ist\u00e4 koostumusta, j\u00e4tt\u00e4en my\u00f6s 0,5\u20132 mm rako tyveen.<br \/>\nLevit\u00e4 v\u00e4ri\u00e4 ripsiin ja anna vaikuttaa 8\u201310 minuuttia. Poista v\u00e4ri kuivalla vanupuikolla.<br \/>\nK\u00e4yt\u00e4 Goccia Restorative Serum -seerumia, joka ravitsee, kosteuttaa ja antaa kiiltoa ripsille ja kulmakarvoille. T\u00e4m\u00e4 vaihe vahvistaa ripsi\u00e4, auttaa v\u00e4hent\u00e4m\u00e4\u00e4n vaurioita, lukitsee kosteuden ja v\u00e4hent\u00e4\u00e4 haurautta, j\u00e4tt\u00e4en ripset pehmeiksi, silkkisen silkkisiksi, elastisiksi ja kiilt\u00e4viksi.<br \/>\nV\u00e4rj\u00e4yksen j\u00e4lkeen levit\u00e4 muutama tippa seerumia ja anna sen vaikuttaa ripsill\u00e4 5 minuuttia (tai Step 2 FIX -tuotteen j\u00e4lkeen, jos v\u00e4ri\u00e4 ei k\u00e4ytet\u00e4). Puhdista sitten kuivalla vanupuikolla.<br \/>\nViimeistele toimenpide levitt\u00e4m\u00e4ll\u00e4 Maxymova Step 3 -tuotetta, joka sopii erinomaisesti ripsien ja kulmakarvojen laminoinnin viimeiseen vaiheeseen. Se auttaa palauttamaan, kosteuttamaan ja suojaamaan karvoja tekem\u00e4tt\u00e4 niist\u00e4 raskaita, ehk\u00e4isee vaurioita ja tukee hiusrakenteen palautumista. Huuhtelua ei tarvita.<\/p>\n","protected":false},"excerpt":{"rendered":"<p>MAXYMOVA Discovery Trio tarjoaa t\u00e4ydellisen ratkaisun paksumpien, pidempien ja kauniisti m\u00e4\u00e4riteltyjen ripsien ja kulmakarvojen saavuttamiseksi.<\/p>\n<p>T\u00e4m\u00e4 ammattimainen tuote on luotu yhteisty\u00f6ss\u00e4 italialaisten huippulaminointimestareiden kanssa yhdist\u00e4en korkean laadun, tarkkuuden ja luotettavat tulokset. Setti sis\u00e4lt\u00e4\u00e4 kertak\u00e4ytt\u00f6isi\u00e4 1,5 ml:n Step 1-, Step 2- ja Step 3 -emulsiopakkauksia, jotka takaavat maksimaalisen hygienian, raikkauden ja tehokkuuden jokaisella k\u00e4ytt\u00f6kerralla.<\/p>\n<p>Ihanteellinen sek\u00e4 ammattik\u00e4ytt\u00f6\u00f6n salongissa ett\u00e4 edistyneille kotik\u00e4ytt\u00e4jille, jotka haluavat saavuttaa pysyv\u00e4n, luonnollisen ja hyvin hoidetun tuloksen.<\/p>\n<p>\u2714 kohottaa ja muotoilee ripsi\u00e4<br \/>\n\u2714 kiinnitt\u00e4\u00e4 kulmakarvat haluttuun suuntaan<br \/>\n\u2714 antaa pidemm\u00e4n, tihe\u00e4mm\u00e4n ja selke\u00e4mm\u00e4n ilmeen<br \/>\n\u2714 k\u00e4tev\u00e4 ja hygieeninen kertak\u00e4ytt\u00f6pakkausj\u00e4rjestelm\u00e4<\/p>\n<p>MAXYMOVA-setti on suunniteltu tekem\u00e4\u00e4n ripsien ja kulmakarvojen hoidosta helppoa, tehokasta ja ammattimaista \u2013 joka kerta.<\/p>\n","protected":false},"featured_media":40834,"comment_status":"open","ping_status":"closed","template":"","meta":{"_monsterinsights_skip_tracking":false,"_monsterinsights_sitenote_active":false,"_monsterinsights_sitenote_note":"","_monsterinsights_sitenote_category":0},"product_brand":[],"product_cat":[476,899,517,477,516,1206,475],"product_tag":[524,530],"class_list":{"0":"post-23737","1":"product","2":"type-product","3":"status-publish","4":"has-post-thumbnail","6":"product_cat-kulmakarvat","7":"product_cat-emulsiot-fi","8":"product_cat-emulsiot","9":"product_cat-kulmien-laminointi","10":"product_cat-lash-lift-fi","11":"product_cat-lash-lift-laminointisetit","12":"product_cat-ripset","13":"product_tag-kulmakarvojen-laminointi","14":"product_tag-lash-lift-fi","15":"pa_brand-maxymova-fi","17":"first","18":"instock","19":"taxable","20":"shipping-taxable","21":"purchasable","22":"product-type-simple"},"_links":{"self":[{"href":"https:\/\/pomello.ee\/fi\/wp-json\/wp\/v2\/product\/23737","targetHints":{"allow":["GET"]}}],"collection":[{"href":"https:\/\/pomello.ee\/fi\/wp-json\/wp\/v2\/product"}],"about":[{"href":"https:\/\/pomello.ee\/fi\/wp-json\/wp\/v2\/types\/product"}],"replies":[{"embeddable":true,"href":"https:\/\/pomello.ee\/fi\/wp-json\/wp\/v2\/comments?post=23737"}],"wp:featuredmedia":[{"embeddable":true,"href":"https:\/\/pomello.ee\/fi\/wp-json\/wp\/v2\/media\/40834"}],"wp:attachment":[{"href":"https:\/\/pomello.ee\/fi\/wp-json\/wp\/v2\/media?parent=23737"}],"wp:term":[{"taxonomy":"product_brand","embeddable":true,"href":"https:\/\/pomello.ee\/fi\/wp-json\/wp\/v2\/product_brand?post=23737"},{"taxonomy":"product_cat","embeddable":true,"href":"https:\/\/pomello.ee\/fi\/wp-json\/wp\/v2\/product_cat?post=23737"},{"taxonomy":"product_tag","embeddable":true,"href":"https:\/\/pomello.ee\/fi\/wp-json\/wp\/v2\/product_tag?post=23737"}],"curies":[{"name":"wp","href":"https:\/\/api.w.org\/{rel}","templated":true}]}}