{"id":23775,"date":"2023-07-20T21:31:29","date_gmt":"2023-07-20T19:31:29","guid":{"rendered":"https:\/\/pomello.ee\/toode\/maxymova-lashbrow-cocktail-15ml\/"},"modified":"2025-04-27T08:55:18","modified_gmt":"2025-04-27T06:55:18","slug":"maxymova-lashbrow-cocktail-15ml","status":"publish","type":"product","link":"https:\/\/pomello.ee\/fi\/toode\/maxymova-lashbrow-cocktail-15ml\/","title":{"rendered":"MAXYMOVA Lash&amp;Brow Cocktail Step 3 15ml"},"content":{"rendered":"<p><strong>Miksi valita MAXYMOVA Lash &amp; Brow Cocktail?<\/strong><\/p>\n<p><strong>Syv\u00e4kosteutus ja suoja<\/strong> \u2013 palauttaa ja vahvistaa ripsi\u00e4 ja kulmakarvoja kemiallisten k\u00e4sittelyjen j\u00e4lkeen.<br \/>\n<strong>Kasviper\u00e4iset ja bioteknologiset aktiiviset ainesosat<\/strong> \u2013 tukevat luonnollista hiustenkasvua ja kimmoisuutta.<br \/>\nSilkkisen kiillon ja pehmeyden ansiosta ripset ja kulmakarvat n\u00e4ytt\u00e4v\u00e4t kirkkaammilta ja terveemmilt\u00e4.<br \/>\n<strong>Monipuolinen k\u00e4ytt\u00f6<\/strong> \u2013 ihanteellinen salonkitoimenpiteiden t\u00e4ydent\u00e4miseen tai kotihoitoon.<br \/>\n<strong>Ammattimaista laatua<\/strong> \u2013 kehitetty erityisesti kosmetologien ja vaativien asiakkaiden tarpeet mieless\u00e4 pit\u00e4en.<\/p>\n<p><strong>T\u00e4rkeimm\u00e4t vaikuttavat aineosat:<\/strong><\/p>\n<ul>\n<li><strong>Biotiini (H-vitamiini):<\/strong> Edist\u00e4\u00e4 keratiinin synteesi\u00e4, vahvistaa ja parantaa hiusten laatua.<\/li>\n<li><strong>Keramidit:<\/strong> S\u00e4ilytt\u00e4v\u00e4t kosteutta, suojaavat ja vahvistavat hiuskuitua.<\/li>\n<li><strong>Heksapeptidi-11:<\/strong> Lis\u00e4\u00e4 kollageenin ja elastiinin tuotantoa, edist\u00e4en hiusten ja follikkelien terveytt\u00e4.<\/li>\n<li><strong>Goji-marjauute:<\/strong> Antioksidanttinen suoja, joka lis\u00e4\u00e4 volyymia ja pehmeytt\u00e4.<\/li>\n<li><strong>Jerikonruusu-uute:<\/strong> Kosteuttaa ja suojaa hiuksia kuivumiselta.<\/li>\n<li><strong>Keratiini:<\/strong> Suojaa, vahvistaa ja lis\u00e4\u00e4 luonnollista volyymia.<\/li>\n<li><strong>Trehaloosi:<\/strong> Lis\u00e4\u00e4 hiusten kosteuspitoisuutta, jolloin ne tuntuvat pehmeilt\u00e4 ja kimmoisilta.<\/li>\n<li><strong>Bioteknologinen kasvikompleksi:<\/strong> Elvytt\u00e4\u00e4 hiusnystyj\u00e4, v\u00e4hent\u00e4\u00e4 hiustenl\u00e4ht\u00f6\u00e4 ja edist\u00e4\u00e4 terveiden, paksumpien hiusten kasvua.<\/li>\n<li><strong>Dihydrokversetiiniglykosidi (DHQG) ja EGCG-glykosidi:<\/strong> Aktivoivat follikkelien kantasolujen toimintaa ja vahvistavat heikentyneit\u00e4 hiuksia.<\/li>\n<li><strong>Glysiini ja sinkki:<\/strong> Tukevat karvan ja turkin tervett\u00e4 kehityst\u00e4 ja kasvua.<\/li>\n<\/ul>\n<p><strong>K\u00e4ytt\u00f6ohje:<\/strong><\/p>\n<p><strong>Ammattimainen k\u00e4ytt\u00f6:<\/strong><br \/>\nLaminoinnin j\u00e4lkeen puhdista ripset ja kulmakarvat varovasti maalij\u00e4\u00e4mist\u00e4. Kostuta vanupuikko tai applikaattori Lash &amp; Brow Cocktail -liuoksella ja levit\u00e4 sit\u00e4 tasaisesti tyvest\u00e4 latvoihin. Huuhtelu ei ole tarpeen.<\/p>\n<p><strong>Kotihoito:<\/strong><br \/>\nLevit\u00e4 seerumia ripsien ja kulmakarvojen koko pituudelle ja kampaa varovasti harjalla. Ihanteellinen p\u00e4ivitt\u00e4iseen k\u00e4ytt\u00f6\u00f6n saavutettujen tulosten yll\u00e4pit\u00e4miseksi.<\/p>\n","protected":false},"excerpt":{"rendered":"<h3>MAXYMOVA Lash &amp; Brow Cocktail \u2013 Ylellist\u00e4 hoitoa ripsille ja kulmakarvoille<\/h3>\n<p><strong>Anna ripsillesi ja kulmakarvoillesi silkinpehme\u00e4t ja kirkkaan kiillon!<\/strong><br \/>\nMAXYMOVA Lash &amp; Brow Cocktail on erityisesti suunniteltu seerumi ripsien ja kulmakarvojen laminointiprosessin viimeiseen vaiheeseen, vaiheeseen 3. Arvokkailla kasviper\u00e4isill\u00e4 aktiiviaineilla rikastettu se auttaa palauttamaan hiusten terveyden, stimuloimaan kasvua ja yll\u00e4pit\u00e4m\u00e4\u00e4n saavutettuja tuloksia my\u00f6s kotihoidon aikana.<\/p>\n<p>\ud83c\udf3f <strong>Palauttaa ja vahvistaa hiusten rakennetta<\/strong><br \/>\n<strong>\ud83c\udf1f Lis\u00e4\u00e4 pehmeytt\u00e4, kimmoisuutta ja silkkist\u00e4 kiiltoa<\/strong><br \/>\n<strong>\ud83d\udca7 Kosteuttaa syv\u00e4sti ja suojaa ulkoisilta vaikutuksilta<\/strong><\/p>\n","protected":false},"featured_media":32475,"comment_status":"open","ping_status":"closed","template":"","meta":{"_monsterinsights_skip_tracking":false,"_monsterinsights_sitenote_active":false,"_monsterinsights_sitenote_note":"","_monsterinsights_sitenote_category":0},"product_brand":[],"product_cat":[476,915,518,917,923,1249,477,516,475,514],"product_tag":[530],"class_list":{"0":"post-23775","1":"product","2":"type-product","3":"status-publish","4":"has-post-thumbnail","6":"product_cat-kulmakarvat","7":"product_cat-esi-ja-jalkihoito","8":"product_cat-jalkihoito","9":"product_cat-jalkihoito-fi","10":"product_cat-jalkihoito-ja-kosteuttaminen","11":"product_cat-korean-lash-lift-fi","12":"product_cat-kulmien-laminointi","13":"product_cat-lash-lift-fi","14":"product_cat-ripset","15":"product_cat-ripsi-ja-kulmakarvojen-seerumit","16":"product_tag-lash-lift-fi","17":"pa_brand-maxymova-fi","18":"pa_suurus-15-ml-fi","20":"first","21":"instock","22":"taxable","23":"shipping-taxable","24":"purchasable","25":"product-type-simple"},"_links":{"self":[{"href":"https:\/\/pomello.ee\/fi\/wp-json\/wp\/v2\/product\/23775","targetHints":{"allow":["GET"]}}],"collection":[{"href":"https:\/\/pomello.ee\/fi\/wp-json\/wp\/v2\/product"}],"about":[{"href":"https:\/\/pomello.ee\/fi\/wp-json\/wp\/v2\/types\/product"}],"replies":[{"embeddable":true,"href":"https:\/\/pomello.ee\/fi\/wp-json\/wp\/v2\/comments?post=23775"}],"wp:featuredmedia":[{"embeddable":true,"href":"https:\/\/pomello.ee\/fi\/wp-json\/wp\/v2\/media\/32475"}],"wp:attachment":[{"href":"https:\/\/pomello.ee\/fi\/wp-json\/wp\/v2\/media?parent=23775"}],"wp:term":[{"taxonomy":"product_brand","embeddable":true,"href":"https:\/\/pomello.ee\/fi\/wp-json\/wp\/v2\/product_brand?post=23775"},{"taxonomy":"product_cat","embeddable":true,"href":"https:\/\/pomello.ee\/fi\/wp-json\/wp\/v2\/product_cat?post=23775"},{"taxonomy":"product_tag","embeddable":true,"href":"https:\/\/pomello.ee\/fi\/wp-json\/wp\/v2\/product_tag?post=23775"}],"curies":[{"name":"wp","href":"https:\/\/api.w.org\/{rel}","templated":true}]}}