{"id":23789,"date":"2023-07-17T20:28:05","date_gmt":"2023-07-17T18:28:05","guid":{"rendered":"https:\/\/pomello.ee\/toode\/silikonimuotit-setti-ultra\/"},"modified":"2025-03-25T12:54:10","modified_gmt":"2025-03-25T10:54:10","slug":"silikonimuotit-setti-ultra","status":"publish","type":"product","link":"https:\/\/pomello.ee\/fi\/toode\/silikonimuotit-setti-ultra\/","title":{"rendered":"Silikonimuotit setti Ultra"},"content":{"rendered":"<p>Silikonimuotit, jotka eiv\u00e4t vaadi liimaa kiinnittymiseen silm\u00e4luomeen. Ergonominen ja sopii kaikille silm\u00e4muodoille.<\/p>\n<p>Silikonimuotit ovat muodonmuuttumattomia, kest\u00e4vi\u00e4 ja pehmeit\u00e4. Lateksiton, ei \u00e4rsyt\u00e4 eik\u00e4 ole ep\u00e4miellytt\u00e4v\u00e4 silmille.<\/p>\n<p>&nbsp;<\/p>\n<p><strong>Puhdistus:<\/strong><\/p>\n<ol>\n<li>Puhdista v\u00e4litt\u00f6m\u00e4sti jokaisen k\u00e4yt\u00f6n j\u00e4lkeen l\u00e4mpim\u00e4ll\u00e4 vedell\u00e4 ja antibakteerisella saippualla<\/li>\n<li>Desinfioi 70 % alkoholilla<\/li>\n<li>Huuhtele sitten vedell\u00e4 ja kuivaa<\/li>\n<li>Aseta tuote steriiliin suljettuun astiaan.<\/li>\n<\/ol>\n<p>Se on taloudellinen ja ymp\u00e4rist\u00f6yst\u00e4v\u00e4llinen, tuote on uudelleenk\u00e4ytett\u00e4v\u00e4.<\/p>\n<p>Koko: 4 paari\/karp<\/p>\n<p>Suuret: S, M, L, XL<\/p>\n<p>&nbsp;<\/p>\n<p><strong>Kuinka k\u00e4ytt\u00e4\u00e4 silikonimuotit?<\/strong><\/p>\n<p>Valitse toimenpiteellesi sopivan kokoinen silikonimuotit ja aseta se sila songin p\u00e4\u00e4lle. K\u00e4yt\u00e4 oppimiasi menetelmi\u00e4 silikonimuotit asettamiseen. Silikonimuotit on ensin desinfioitava ja huuhdeltava vedell\u00e4, jotta se ei \u00e4rsyt\u00e4 silm\u00e4luomea.<\/p>\n<p>Koko S: K\u00e4yt\u00e4 S-koon silikonimuotit eritt\u00e4in lyhyill\u00e4 ripsill\u00e4 tai keskipitkill\u00e4 ripsill\u00e4, jotka haluavat rajuja vaikutuksia.<\/p>\n<p>M-koko: M-kokoinen silikonimuotti, jossa lyhyemm\u00e4t tai keskikokoiset ripset.<\/p>\n<p>Koko L: K\u00e4yt\u00e4 L-koon silikonimuotit keskim\u00e4\u00e4r\u00e4ist\u00e4 pidemmill\u00e4 ripsill\u00e4 tai keskipitkill\u00e4 ripsill\u00e4, jotka haluavat v\u00e4hemm\u00e4n rajuja vaikutuksia.<\/p>\n<p>XL-koko: K\u00e4yt\u00e4 XL-silikonimuotit eritt\u00e4in pitkill\u00e4 ripsill\u00e4 tai keskipitkill\u00e4 ripsill\u00e4, jotka haluavat v\u00e4hemm\u00e4n rajuja vaikutuksia.<\/p>\n<p>&nbsp;<\/p>\n<p><strong>Miksi valita ne?<\/strong><\/p>\n<p>Silikonimuotit suurin etu on, ett\u00e4 sen kiinnitt\u00e4miseen silm\u00e4luomeen ei tarvita liimaa. Suunnittelunsa ansiosta uudelleen k\u00e4ytett\u00e4v\u00e4t pehme\u00e4t silikoniset taivutus muotit ovat helposti mukautettavissa kaikkiin silm\u00e4muotoihin. Materiaalin ja pehmeyden ansiosta se on miellytt\u00e4v\u00e4mpi silm\u00e4luomilla ja ripset pysyv\u00e4t paremmin kiinni, jolloin ne on helpompi kammata ja kiinnitt\u00e4\u00e4.<\/p>\n<p>&nbsp;<\/p>\n<p>Sarjan sis\u00e4lt\u00f6: 1 pari S, 1 pari M, 1 pari L ja 1 pari XL<\/p>\n<p><iframe loading=\"lazy\" title=\"Silikoonpadjad komplekt Ultra\" width=\"500\" height=\"375\" src=\"https:\/\/www.youtube.com\/embed\/aTrbS7rsmyw?feature=oembed\" frameborder=\"0\" allow=\"accelerometer; autoplay; clipboard-write; encrypted-media; gyroscope; picture-in-picture; web-share\" referrerpolicy=\"strict-origin-when-cross-origin\" allowfullscreen><\/iframe><\/p>\n<p>&nbsp;<\/p>\n<p>&nbsp;<\/p>\n","protected":false},"excerpt":{"rendered":"<p>Silikonimuotit hybridityyppi, joka ei vaadi liimaa kiinnittymiseen silm\u00e4luomeen. Ergonominen ja sopii kaikille silm\u00e4muodoille.<\/p>\n<p>&nbsp;<\/p>\n<p>Silikonimuotit hybridityyppi<\/p>\n<p>&nbsp;<\/p>\n<p>Silikonimuotit ovat muodonmuuttumattomia, kest\u00e4vi\u00e4 ja pehmeit\u00e4. Lateksiton, ei \u00e4rsyt\u00e4 eik\u00e4 ole ep\u00e4miellytt\u00e4v\u00e4 silmille.<\/p>\n<p>&nbsp;<\/p>\n<p>Sarjan sis\u00e4lt\u00f6: 1 pari S, 1 pari M, 1 pari L ja 1 pari XL<\/p>\n","protected":false},"featured_media":22719,"comment_status":"open","ping_status":"closed","template":"","meta":{"_monsterinsights_skip_tracking":false,"_monsterinsights_sitenote_active":false,"_monsterinsights_sitenote_note":"","_monsterinsights_sitenote_category":0},"product_brand":[],"product_cat":[516,521],"product_tag":[530,536],"class_list":{"0":"post-23789","1":"product","2":"type-product","3":"status-publish","4":"has-post-thumbnail","6":"product_cat-lash-lift-fi","7":"product_cat-silikonityynyt","8":"product_tag-lash-lift-fi","9":"product_tag-silikonityynyt","10":"pa_brand-pomello-fi","11":"pa_varv-erinevad-varvid-fi","13":"first","14":"outofstock","15":"taxable","16":"shipping-taxable","17":"purchasable","18":"product-type-simple"},"_links":{"self":[{"href":"https:\/\/pomello.ee\/fi\/wp-json\/wp\/v2\/product\/23789","targetHints":{"allow":["GET"]}}],"collection":[{"href":"https:\/\/pomello.ee\/fi\/wp-json\/wp\/v2\/product"}],"about":[{"href":"https:\/\/pomello.ee\/fi\/wp-json\/wp\/v2\/types\/product"}],"replies":[{"embeddable":true,"href":"https:\/\/pomello.ee\/fi\/wp-json\/wp\/v2\/comments?post=23789"}],"wp:featuredmedia":[{"embeddable":true,"href":"https:\/\/pomello.ee\/fi\/wp-json\/wp\/v2\/media\/22719"}],"wp:attachment":[{"href":"https:\/\/pomello.ee\/fi\/wp-json\/wp\/v2\/media?parent=23789"}],"wp:term":[{"taxonomy":"product_brand","embeddable":true,"href":"https:\/\/pomello.ee\/fi\/wp-json\/wp\/v2\/product_brand?post=23789"},{"taxonomy":"product_cat","embeddable":true,"href":"https:\/\/pomello.ee\/fi\/wp-json\/wp\/v2\/product_cat?post=23789"},{"taxonomy":"product_tag","embeddable":true,"href":"https:\/\/pomello.ee\/fi\/wp-json\/wp\/v2\/product_tag?post=23789"}],"curies":[{"name":"wp","href":"https:\/\/api.w.org\/{rel}","templated":true}]}}