{"id":23794,"date":"2023-07-11T23:27:48","date_gmt":"2023-07-11T21:27:48","guid":{"rendered":"https:\/\/pomello.ee\/toode\/bronsun-ripsi-ja-kulmavari-musta\/"},"modified":"2026-02-11T13:00:06","modified_gmt":"2026-02-11T11:00:06","slug":"bronsun-ripsi-ja-kulmavari-musta","status":"publish","type":"product","link":"https:\/\/pomello.ee\/fi\/toode\/bronsun-ripsi-ja-kulmavari-musta\/","title":{"rendered":"Bronsun ripsi- ja kulmav\u00e4ri Musta"},"content":{"rendered":"<p><strong>Kuinka k\u00e4ytt\u00e4\u00e4 <\/strong><\/p>\n<p>&nbsp;<\/p>\n<ul>\n<li>Poista meikki kulmakarvoista ja ripsist\u00e4 \u00f6ljytt\u00f6m\u00e4ll\u00e4 meikinpoistoaineella<\/li>\n<li>Purista maali pieneen lasi- tai muoviastiaan ja lis\u00e4\u00e4 sama m\u00e4\u00e4r\u00e4 kermanestett\u00e4 3% BRONSUN<\/li>\n<li>Sekoita, kunnes saat tasaisen koostumuksen<\/li>\n<li>Levit\u00e4 seos kulmakarvoihin<\/li>\n<li>K\u00e4yt\u00e4 vinoa sivellint\u00e4 ja lis\u00e4\u00e4 kulmakarvojen v\u00e4ri\u00e4, kunnes kulmakarvat ovat tasaiset<\/li>\n<li>Pese maali varovasti pois sopivan ajan kuluttua kostealla vanulapulla.<\/li>\n<\/ul>\n<p>&nbsp;<\/p>\n<p>Vaikutusaika kulmakarvoihin 7-10 minuuttia (pidemp\u00e4\u00e4n tarvittaessa)<\/p>\n<p>&nbsp;<\/p>\n<p>Sekoita suhteessa 1-1 <span style=\"color: #808080;\"><strong><a style=\"color: #808080;\" href=\"https:\/\/pomello.ee\/fi\/toode\/bronsun-oxidant-3\/\">BRONSUN Kreemvesinikuga 3%<\/a><\/strong><\/span><\/p>\n<p>&nbsp;<\/p>\n<p>S\u00e4ilyy 1 vuoden avaamisen j\u00e4lkeen.<\/p>\n<h3 data-start=\"83\" data-end=\"137\">\u26a0\ufe0f Turvallisuusohje \u2013 Bronsun kulma- ja ripsiv\u00e4rit<\/h3>\n<p data-start=\"139\" data-end=\"182\">Bronsun-v\u00e4rituote on valmistettu Ven\u00e4j\u00e4ll\u00e4.<\/p>\n<p data-start=\"184\" data-end=\"354\">Tuote sis\u00e4lt\u00e4\u00e4 <strong data-start=\"199\" data-end=\"234\">PPD:t\u00e4 (para-fenyleenidiamiini)<\/strong>, joka voi aiheuttaa allergisia reaktioita. Allergia voi ilmet\u00e4 punoituksena, kutinana, turvotuksena tai iho\u00e4rsytyksen\u00e4.<\/p>\n<p data-start=\"356\" data-end=\"619\">Valmistaja suosittelee tekem\u00e4\u00e4n <strong data-start=\"388\" data-end=\"456\">allergiatestin uusille asiakkaille 24\u201348 tuntia ennen k\u00e4sittely\u00e4<\/strong>, mahdollisen allergisen reaktion riskin v\u00e4hent\u00e4miseksi.<br data-start=\"512\" data-end=\"515\" \/>T\u00e4m\u00e4 on erityisen t\u00e4rke\u00e4\u00e4 asiakkaille, joilla on herkk\u00e4 iho tai aiemmin todettuja allergisia reaktioita.<\/p>\n<p data-start=\"621\" data-end=\"758\">Ennen k\u00e4sittelyn aloittamista asiakkaalta tulee aina kysy\u00e4 mahdollisista allergioista (mukaan lukien kosmeettiset tuotteet ja hiusv\u00e4rit).<\/p>\n<p data-start=\"760\" data-end=\"881\">Jos asiakkaalla on todettu allergia tai eritt\u00e4in herkk\u00e4 iho, suositellaan valitsemaan <strong data-start=\"846\" data-end=\"880\">PPD-vapaa vaihtoehtoinen tuote<\/strong>.<\/p>\n<p data-start=\"883\" data-end=\"982\">Palveluntarjoaja vastaa allergiatestin suorittamisesta ja asiakkaan asianmukaisesta informoinnista.<\/p>\n","protected":false},"excerpt":{"rendered":"<p>Maailman ensimm\u00e4inen ripsien ja kulmakarvojen geeliv\u00e4ri, joka antaa saman pitk\u00e4kestoisen vaikutuksen kuin henna! Bronsun ripsien ja kulmav\u00e4ri s\u00e4vytt\u00e4\u00e4 ihoa intensiivisesti kuin se olisi maalattu hennalla. Menettelyst\u00e4 tulee paljon helpompaa ja nopeampaa t\u00e4m\u00e4n ansiosta. Lis\u00e4ksi se antaa t\u00e4ytel\u00e4isen ja loistavan s\u00e4vyn hiuksille.<\/p>\n<p>&nbsp;<\/p>\n<p>Erityisen pitk\u00e4kestoinen, s\u00e4vy kest\u00e4\u00e4 jopa 2 viikkoa iholla ja jopa 7 viikkoa hiuksissa.<\/p>\n<p>&nbsp;<\/p>\n<p>&nbsp;<\/p>\n","protected":false},"featured_media":32944,"comment_status":"open","ping_status":"closed","template":"","meta":{"_monsterinsights_skip_tracking":false,"_monsterinsights_sitenote_active":false,"_monsterinsights_sitenote_note":"","_monsterinsights_sitenote_category":0},"product_brand":[],"product_cat":[479,909,476,475,478],"product_tag":[],"class_list":{"0":"post-23794","1":"product","2":"type-product","3":"status-publish","4":"has-post-thumbnail","6":"product_cat-ripsien-ja-kulmakarvojen-varit-fi","7":"product_cat-kestovari","8":"product_cat-kulmakarvat","9":"product_cat-ripset","10":"product_cat-ripsien-ja-kulmakarvojen-varit","11":"pa_brand-bronsun-fi","12":"pa_suurus-15-ml-fi","13":"pa_varv-must-fi","15":"first","16":"instock","17":"taxable","18":"shipping-taxable","19":"purchasable","20":"product-type-simple"},"_links":{"self":[{"href":"https:\/\/pomello.ee\/fi\/wp-json\/wp\/v2\/product\/23794","targetHints":{"allow":["GET"]}}],"collection":[{"href":"https:\/\/pomello.ee\/fi\/wp-json\/wp\/v2\/product"}],"about":[{"href":"https:\/\/pomello.ee\/fi\/wp-json\/wp\/v2\/types\/product"}],"replies":[{"embeddable":true,"href":"https:\/\/pomello.ee\/fi\/wp-json\/wp\/v2\/comments?post=23794"}],"wp:featuredmedia":[{"embeddable":true,"href":"https:\/\/pomello.ee\/fi\/wp-json\/wp\/v2\/media\/32944"}],"wp:attachment":[{"href":"https:\/\/pomello.ee\/fi\/wp-json\/wp\/v2\/media?parent=23794"}],"wp:term":[{"taxonomy":"product_brand","embeddable":true,"href":"https:\/\/pomello.ee\/fi\/wp-json\/wp\/v2\/product_brand?post=23794"},{"taxonomy":"product_cat","embeddable":true,"href":"https:\/\/pomello.ee\/fi\/wp-json\/wp\/v2\/product_cat?post=23794"},{"taxonomy":"product_tag","embeddable":true,"href":"https:\/\/pomello.ee\/fi\/wp-json\/wp\/v2\/product_tag?post=23794"}],"curies":[{"name":"wp","href":"https:\/\/api.w.org\/{rel}","templated":true}]}}