{"id":23937,"date":"2023-09-25T22:21:56","date_gmt":"2023-09-25T19:21:56","guid":{"rendered":"https:\/\/pomello.ee\/toode\/oko-power-powder-henna-10g\/"},"modified":"2025-12-05T07:38:03","modified_gmt":"2025-12-05T05:38:03","slug":"oko-power-powder-henna-10g","status":"publish","type":"product","link":"https:\/\/pomello.ee\/fi\/toode\/oko-power-powder-henna-10g\/","title":{"rendered":"OKO Power Powder Henna"},"content":{"rendered":"<p><strong>Kuinka k\u00e4ytt\u00e4\u00e4 OKO Power Powder hennaa<\/strong><\/p>\n<ol>\n<li>Poista meikki.<\/li>\n<li>Pese kulmat OKO-puhdistusaineella ja huuhtele vedell\u00e4. T\u00e4m\u00e4 auttaa poistamaan liiallisen rasvan iholta ja tukee v\u00e4rin pitk\u00e4kestoista pysyvyytt\u00e4.<\/li>\n<li>Muotoile tarvittaessa kulmat OKO Paste kulmupastalla.<\/li>\n<li>Sekoita OKO henna tislattuun veteen tai mineraaliliuokseen suhteessa 1:3 (halutessasi voit k\u00e4ytt\u00e4\u00e4 my\u00f6s liuosta 1:5 v\u00e4rj\u00e4ystekniikasta riippuen). Sekoita huolellisesti, kunnes seos on tasainen ja muistuttaa koostumukseltaan soijakastiketta. K\u00e4yt\u00e4 ei-metallista astiaa.<\/li>\n<li>Levit\u00e4 valmistettu henna kulmiin siveltimell\u00e4. Tarkkojen ja tasapainoisten tulosten saavuttamiseksi levit\u00e4 seos useassa kerroksessa. Varmista, ett\u00e4 edellinen kerros on t\u00e4ysin kuivunut (3-5 minuuttia) ennen uuden levitt\u00e4mist\u00e4.<\/li>\n<li>Anna hennan vaikuttaa 10-15 minuuttia tai kunnes seos on t\u00e4ysin kuivunut.<\/li>\n<li>Poista henna kostutetulla vanulapulla.<\/li>\n<\/ol>\n<p><strong>Henna v\u00e4ripaletti:<\/strong><\/p>\n<ul>\n<li><strong>01 Vaaleanruskea<\/strong> \u2013 Kehitetty vaalealle iholle ja l\u00e4mpimille vaaleille s\u00e4vyille, j\u00e4tt\u00e4\u00e4 iholle hennon j\u00e4ljen.<\/li>\n<li><strong>02 Ruskea<\/strong> \u2013 Kirkas ja runsas ruskea s\u00e4vy, sopii viile\u00e4mm\u00e4n ihon alavivahteille.<\/li>\n<li><strong>03 Tummanruskea<\/strong> \u2013 Rikas neutraali ruskea, s\u00e4vy voi vaihdella kerroksista riippuen.<\/li>\n<li><strong>04 Musta<\/strong> \u2013 Syv\u00e4 musta s\u00e4vy, jota voi k\u00e4ytt\u00e4\u00e4 muiden s\u00e4vyjen j\u00e4\u00e4hdytt\u00e4miseen tai syvempien s\u00e4vyjen luomiseen.<\/li>\n<li><strong>05 Keltainen<\/strong> \u2013 Korjaaja, joka vaalentaa muita s\u00e4vyj\u00e4 tai sopii l\u00e4mpimille vaaleille ja punatukkaisille asiakkaille.<\/li>\n<li><strong>06 Punaviini<\/strong> \u2013 Kirkas kupariruskea s\u00e4vy, sopii kastanjanruskeille hiuksille<\/li>\n<\/ul>\n","protected":false},"excerpt":{"rendered":"<p><strong>OKO Power Powder Henna kulmien v\u00e4rj\u00e4\u00e4miseen<\/strong><\/p>\n<p>OKO Henna on erityisesti kulmien v\u00e4rj\u00e4ykseen suunniteltu tuote. Se sis\u00e4lt\u00e4\u00e4 hienon koostumuksen, joka liukenee nopeasti ja saavuttaa sopivan paksuuden. Geelim\u00e4inen rakenne tekee hennan levitt\u00e4misest\u00e4 helppoa ja tarkkaa.<\/p>\n<p>OKO Power Powder henna sis\u00e4lt\u00e4\u00e4 ainesosasekoituksen, joka auttaa saavuttamaan halutun kulmien v\u00e4rin, samalla antaen hell\u00e4varaisen kosketuksen ihoon ja karvoihin.<\/p>\n<p>Henna v\u00e4ri kest\u00e4\u00e4 iholla jopa 14 p\u00e4iv\u00e4\u00e4 ja karvoissa jopa 1,5 kuukautta, riippuen ihon yksil\u00f6llisist\u00e4 ominaisuuksista.<\/p>\n<p>Tuotteen ainutlaatuinen kaava on kehitetty ammattilaisten tarpeet huomioiden, jolloin prosessi on nopea ja tehokas ilman, ett\u00e4 laatu k\u00e4rsii. Henna sekoittuu nopeasti, jolloin saavutetaan ihanteellinen koostumus.<\/p>\n<p>Henna on valmistettu korkealaatuisista ainesosista k\u00e4ytt\u00e4en puhtaimman tason komponentteja. Tuote on CPNP-sertifioitu ja t\u00e4ytt\u00e4\u00e4 kaikki eurooppalaiset laatustandardit.<\/p>\n<p><strong>T\u00e4rke\u00e4\u00e4!<\/strong><\/p>\n<ul>\n<li>\u00c4l\u00e4 k\u00e4yt\u00e4 hennaa ripsien v\u00e4rj\u00e4\u00e4miseen.<\/li>\n<li>S\u00e4ilyt\u00e4 tuote avaamisen j\u00e4lkeen pakkauksen k\u00e4ytt\u00f6ajan mukaan.<\/li>\n<li>Tarkista pakkauksesta parasta ennen -p\u00e4iv\u00e4m\u00e4\u00e4r\u00e4.<\/li>\n<li>Tuote valmistettu Intiassa.<\/li>\n<li>Tilavuus: 10 g<\/li>\n<\/ul>\n","protected":false},"featured_media":22852,"comment_status":"open","ping_status":"closed","template":"","meta":{"_monsterinsights_skip_tracking":false,"_monsterinsights_sitenote_active":false,"_monsterinsights_sitenote_note":"","_monsterinsights_sitenote_category":0},"product_brand":[],"product_cat":[476,508,479],"product_tag":[],"class_list":{"0":"post-23937","1":"product","2":"type-product","3":"status-publish","4":"has-post-thumbnail","6":"product_cat-kulmakarvat","7":"product_cat-henna-fi","8":"product_cat-ripsien-ja-kulmakarvojen-varit-fi","9":"pa_brand-oko-fi","10":"pa_suurus-10-g-fi","11":"pa_varv-helepruun-fi","12":"pa_varv-kollane-fi","13":"pa_varv-must-fi","14":"pa_varv-natural-fi","15":"pa_varv-pruun-fi","16":"pa_varv-punane-vein-fi","17":"pa_varv-tumepruun-fi","19":"first","20":"instock","21":"taxable","22":"shipping-taxable","23":"purchasable","24":"product-type-variable"},"_links":{"self":[{"href":"https:\/\/pomello.ee\/fi\/wp-json\/wp\/v2\/product\/23937","targetHints":{"allow":["GET"]}}],"collection":[{"href":"https:\/\/pomello.ee\/fi\/wp-json\/wp\/v2\/product"}],"about":[{"href":"https:\/\/pomello.ee\/fi\/wp-json\/wp\/v2\/types\/product"}],"replies":[{"embeddable":true,"href":"https:\/\/pomello.ee\/fi\/wp-json\/wp\/v2\/comments?post=23937"}],"wp:featuredmedia":[{"embeddable":true,"href":"https:\/\/pomello.ee\/fi\/wp-json\/wp\/v2\/media\/22852"}],"wp:attachment":[{"href":"https:\/\/pomello.ee\/fi\/wp-json\/wp\/v2\/media?parent=23937"}],"wp:term":[{"taxonomy":"product_brand","embeddable":true,"href":"https:\/\/pomello.ee\/fi\/wp-json\/wp\/v2\/product_brand?post=23937"},{"taxonomy":"product_cat","embeddable":true,"href":"https:\/\/pomello.ee\/fi\/wp-json\/wp\/v2\/product_cat?post=23937"},{"taxonomy":"product_tag","embeddable":true,"href":"https:\/\/pomello.ee\/fi\/wp-json\/wp\/v2\/product_tag?post=23937"}],"curies":[{"name":"wp","href":"https:\/\/api.w.org\/{rel}","templated":true}]}}