{"id":23978,"date":"2023-10-22T13:33:02","date_gmt":"2023-10-22T10:33:02","guid":{"rendered":"https:\/\/pomello.ee\/toode\/brow-mapping-lanka-20m\/"},"modified":"2023-10-22T13:33:02","modified_gmt":"2023-10-22T10:33:02","slug":"brow-mapping-lanka-20m","status":"publish","type":"product","link":"https:\/\/pomello.ee\/fi\/toode\/brow-mapping-lanka-20m\/","title":{"rendered":"Brow mapping lanka 20m"},"content":{"rendered":"<p>Lanka voidaan helposti vet\u00e4\u00e4 pullosta ja katkaista pullon korkkiin kiinnitetyn metallihampaan avulla. Yhdell\u00e4 langalla voit tehd\u00e4 3-4 selv\u00e4sti havaittavaa vetoa, jonka j\u00e4lkeen valkoinen v\u00e4ri katoaa langasta. Suositeltu langan pituus on 20 cm, josta voidaan luoda asteikko.<\/p>\n<p>&nbsp;<\/p>\n<p>S\u00e4ilyt\u00e4 tuotetta pystyasennossa, ei liian l\u00e4hell\u00e4 j\u00e4\u00e4hdytint\u00e4, muuten valkoinen v\u00e4ri kuivuu eik\u00e4 tuote en\u00e4\u00e4 anna v\u00e4ri\u00e4.<\/p>\n","protected":false},"excerpt":{"rendered":"<p>Kulmien lanka on jo peitetty valkoisella maalilla.<\/p>\n","protected":false},"featured_media":22896,"comment_status":"open","ping_status":"closed","template":"","meta":{"_monsterinsights_skip_tracking":false,"_monsterinsights_sitenote_active":false,"_monsterinsights_sitenote_note":"","_monsterinsights_sitenote_category":0},"product_brand":[],"product_cat":[476,511,541,540],"product_tag":[],"class_list":{"0":"post-23978","1":"product","2":"type-product","3":"status-publish","4":"has-post-thumbnail","6":"product_cat-kulmakarvat","7":"product_cat-kulmakarvojen-tarvikkeet","8":"product_cat-muut-tyokalut-fi","9":"product_cat-tarvikkeet","10":"pa_brand-pomello-fi","11":"pa_suurus-20m-fi","12":"pa_varv-pruun-fi","13":"pa_varv-valge-fi","15":"first","16":"instock","17":"taxable","18":"shipping-taxable","19":"purchasable","20":"product-type-variable"},"_links":{"self":[{"href":"https:\/\/pomello.ee\/fi\/wp-json\/wp\/v2\/product\/23978","targetHints":{"allow":["GET"]}}],"collection":[{"href":"https:\/\/pomello.ee\/fi\/wp-json\/wp\/v2\/product"}],"about":[{"href":"https:\/\/pomello.ee\/fi\/wp-json\/wp\/v2\/types\/product"}],"replies":[{"embeddable":true,"href":"https:\/\/pomello.ee\/fi\/wp-json\/wp\/v2\/comments?post=23978"}],"wp:featuredmedia":[{"embeddable":true,"href":"https:\/\/pomello.ee\/fi\/wp-json\/wp\/v2\/media\/22896"}],"wp:attachment":[{"href":"https:\/\/pomello.ee\/fi\/wp-json\/wp\/v2\/media?parent=23978"}],"wp:term":[{"taxonomy":"product_brand","embeddable":true,"href":"https:\/\/pomello.ee\/fi\/wp-json\/wp\/v2\/product_brand?post=23978"},{"taxonomy":"product_cat","embeddable":true,"href":"https:\/\/pomello.ee\/fi\/wp-json\/wp\/v2\/product_cat?post=23978"},{"taxonomy":"product_tag","embeddable":true,"href":"https:\/\/pomello.ee\/fi\/wp-json\/wp\/v2\/product_tag?post=23978"}],"curies":[{"name":"wp","href":"https:\/\/api.w.org\/{rel}","templated":true}]}}