{"id":24030,"date":"2024-01-08T18:47:09","date_gmt":"2024-01-08T16:47:09","guid":{"rendered":"https:\/\/pomello.ee\/toode\/elan-keratin-cleaner\/"},"modified":"2025-11-09T21:48:13","modified_gmt":"2025-11-09T19:48:13","slug":"elan-keratin-cleaner","status":"publish","type":"product","link":"https:\/\/pomello.ee\/fi\/toode\/elan-keratin-cleaner\/","title":{"rendered":"ELAN Keratin Cleaner"},"content":{"rendered":"<p><strong>ELAN Keratin Cleaner esihoitotuotteen k\u00e4ytt\u00f6:<\/strong><\/p>\n<p>Kulmakarvojen ja ripsien rasvattomaksi tekeminen ennen v\u00e4rj\u00e4yst\u00e4: Puhdista haluttu alue esihoitoaineeseen kostutetulla vanulapulla.<\/p>\n<p>&nbsp;<\/p>\n<p>Linjojen siivoaminen kulmakarvojen muotoilun aikana: Kaada liuos pieneen astiaan, kasta pumpulipuikko siihen ja poista ylim\u00e4\u00e4r\u00e4inen kulmakarvojen kyn\u00e4 tai tahna.<\/p>\n","protected":false},"excerpt":{"rendered":"<p>ELAN Keratin Cleaner -esik\u00e4sittely on suunniteltu tekem\u00e4\u00e4n kulmakarvat ja ripset rasvattomaksi ennen kemiallista v\u00e4rj\u00e4yst\u00e4, ja se auttaa my\u00f6s poistamaan lyijykyn\u00e4n tai valkoisen tahnan j\u00e4lki\u00e4 kulmakarvojen muotoilun aikana.<\/p>\n<p>&nbsp;<\/p>\n<p>Tuote puhdistaa kulmakarvat, ripset ja ihon hell\u00e4sti ja tehokkaasti poistaen ylim\u00e4\u00e4r\u00e4isen rasvan niit\u00e4 vahingoittamatta. Koostumus sis\u00e4lt\u00e4\u00e4 soija- ja silkkiproteiineja sek\u00e4 hydrolysoitua keratiinia, jotka vahvistavat turkkia. Sorbitoli ja urea kosteuttavat ja ravitsevat ihoa.<\/p>\n<p>&nbsp;<\/p>\n<p>Sopii kaikille ihotyypeille.<\/p>\n<p>&nbsp;<\/p>\n<p><strong>Ihon puhdistaminen ennen kulmakarvojen v\u00e4rj\u00e4yst\u00e4:<\/strong> Puhdista kulmakarvojen alue esihoitotuotteella kostutetulla vanulapulla.<\/p>\n<p>&nbsp;<\/p>\n<p><strong>Linjojen siivoaminen kulmakarvojen muotoilun aikana:<\/strong> Kaada liuos pieneen astiaan, kasta pumpulipuikko Keratin-aineeseen ja poista ylim\u00e4\u00e4r\u00e4inen kulmakarvojen kyn\u00e4 tai valkoinen tahna kostutetulla vanupuikolla.<\/p>\n<p>&nbsp;<\/p>\n<p><strong>S\u00e4ilyvyys:<\/strong> 24 kuukautta<\/p>\n<p><strong>S\u00e4ilyvyys avaamisen j\u00e4lkeen:<\/strong> 6 kuukautta<\/p>\n","protected":false},"featured_media":23019,"comment_status":"open","ping_status":"closed","template":"","meta":{"_monsterinsights_skip_tracking":false,"_monsterinsights_sitenote_active":false,"_monsterinsights_sitenote_note":"","_monsterinsights_sitenote_category":0},"product_brand":[],"product_cat":[476,915,916],"product_tag":[],"class_list":{"0":"post-24030","1":"product","2":"type-product","3":"status-publish","4":"has-post-thumbnail","6":"product_cat-kulmakarvat","7":"product_cat-esi-ja-jalkihoito","8":"product_cat-esihoito-fi","9":"pa_brand-elan-fi","10":"pa_suurus-200-ml-fi","12":"first","13":"instock","14":"taxable","15":"shipping-taxable","16":"purchasable","17":"product-type-simple"},"_links":{"self":[{"href":"https:\/\/pomello.ee\/fi\/wp-json\/wp\/v2\/product\/24030","targetHints":{"allow":["GET"]}}],"collection":[{"href":"https:\/\/pomello.ee\/fi\/wp-json\/wp\/v2\/product"}],"about":[{"href":"https:\/\/pomello.ee\/fi\/wp-json\/wp\/v2\/types\/product"}],"replies":[{"embeddable":true,"href":"https:\/\/pomello.ee\/fi\/wp-json\/wp\/v2\/comments?post=24030"}],"wp:featuredmedia":[{"embeddable":true,"href":"https:\/\/pomello.ee\/fi\/wp-json\/wp\/v2\/media\/23019"}],"wp:attachment":[{"href":"https:\/\/pomello.ee\/fi\/wp-json\/wp\/v2\/media?parent=24030"}],"wp:term":[{"taxonomy":"product_brand","embeddable":true,"href":"https:\/\/pomello.ee\/fi\/wp-json\/wp\/v2\/product_brand?post=24030"},{"taxonomy":"product_cat","embeddable":true,"href":"https:\/\/pomello.ee\/fi\/wp-json\/wp\/v2\/product_cat?post=24030"},{"taxonomy":"product_tag","embeddable":true,"href":"https:\/\/pomello.ee\/fi\/wp-json\/wp\/v2\/product_tag?post=24030"}],"curies":[{"name":"wp","href":"https:\/\/api.w.org\/{rel}","templated":true}]}}