{"id":24070,"date":"2023-12-06T20:28:14","date_gmt":"2023-12-06T18:28:14","guid":{"rendered":"https:\/\/pomello.ee\/toode\/elan-skin-security-arganoljysta-suojaava-voide\/"},"modified":"2026-03-24T10:42:58","modified_gmt":"2026-03-24T08:42:58","slug":"elan-skin-security-arganoljysta-suojaava-voide","status":"publish","type":"product","link":"https:\/\/pomello.ee\/fi\/toode\/elan-skin-security-arganoljysta-suojaava-voide\/","title":{"rendered":"ELAN Skin Security argan\u00f6ljyst\u00e4 suojaava voide"},"content":{"rendered":"","protected":false},"excerpt":{"rendered":"<p>Elan SKIN SECURITY -suojavoide argan\u00f6ljyll\u00e4 on monipuolinen tuote, jota tarvitsevat sek\u00e4 kulmakarvojen mestarit ett\u00e4 laminaattajat. Lis\u00e4ksi tuote soveltuu my\u00f6s kotihoitoon, esimerkiksi ihon kosteutukseen.<\/p>\n<p>&nbsp;<\/p>\n<p>Skin security -suojavoide on kehitetty erityisesti suojaamaan kulmakarvojen ja ihoalueen kemiallisten v\u00e4rj\u00e4ys- ja laminointitoimenpiteiden aikana, ja tuotetta voidaan k\u00e4ytt\u00e4\u00e4 my\u00f6s silm\u00e4luomien suojaamiseen ripsien v\u00e4rj\u00e4yksen aikana. Lis\u00e4ksi t\u00e4m\u00e4 argan\u00f6ljy\u00e4 sis\u00e4lt\u00e4v\u00e4 tuote palauttaa hiusten kiillon, ravitsee kuivaa ihoa, auttaa poistamaan \u00e4rsytyst\u00e4 ja suojaa kulmakarvoja erilaisilta ymp\u00e4rist\u00f6tekij\u00f6ilt\u00e4.<\/p>\n<p>&nbsp;<\/p>\n<p>Suojavoiteella argan\u00f6ljyll\u00e4 on useita positiivisia ominaisuuksia kerralla. Voiteen ainutlaatuiset ominaisuudet saavutetaan sen koostumukseen sis\u00e4ltyvien aktiivisten komponenttien ansiosta:<\/p>\n<ul>\n<li>Argan\u00f6ljy koostuu 80 % tyydyttym\u00e4tt\u00f6mist\u00e4 rasvahapoista, jotka suojaavat hiuksia hapettumisprosesseilta ja tarjoavat perussuojatoimintoja;<\/li>\n<li>Shottenoli ja \u03b1-spinasteroli stimuloivat solujen uusiutumista;<\/li>\n<li>Triglyseridit palauttavat lipidiaineenvaihdunnan;<\/li>\n<li>Risiini\u00f6ljy ehk\u00e4isee ihon kuivumista ja suojaa sit\u00e4 UV-s\u00e4teiden haitallisilta vaikutuksilta.<\/li>\n<\/ul>\n<p>&nbsp;<\/p>\n<p>Koko: 15 ml<\/p>\n<p>S\u00e4ilyvyys: 24 kuukautta valmistusp\u00e4iv\u00e4st\u00e4<\/p>\n<p>S\u00e4ilyvyys avaamisen j\u00e4lkeen: 6 kuukautta<\/p>\n<p>Alkuper\u00e4maa: Turkki<\/p>\n","protected":false},"featured_media":22985,"comment_status":"open","ping_status":"closed","template":"","meta":{"_monsterinsights_skip_tracking":false,"_monsterinsights_sitenote_active":false,"_monsterinsights_sitenote_note":"","_monsterinsights_sitenote_category":0},"product_brand":[],"product_cat":[476,518,915,916,477,475,931],"product_tag":[],"class_list":{"0":"post-24070","1":"product","2":"type-product","3":"status-publish","4":"has-post-thumbnail","6":"product_cat-kulmakarvat","7":"product_cat-jalkihoito","8":"product_cat-esi-ja-jalkihoito","9":"product_cat-esihoito-fi","10":"product_cat-kulmien-laminointi","11":"product_cat-ripset","12":"product_cat-valmistus-ja-suojavoiteet","13":"pa_brand-elan-fi","15":"first","16":"instock","17":"taxable","18":"shipping-taxable","19":"purchasable","20":"product-type-simple"},"_links":{"self":[{"href":"https:\/\/pomello.ee\/fi\/wp-json\/wp\/v2\/product\/24070","targetHints":{"allow":["GET"]}}],"collection":[{"href":"https:\/\/pomello.ee\/fi\/wp-json\/wp\/v2\/product"}],"about":[{"href":"https:\/\/pomello.ee\/fi\/wp-json\/wp\/v2\/types\/product"}],"replies":[{"embeddable":true,"href":"https:\/\/pomello.ee\/fi\/wp-json\/wp\/v2\/comments?post=24070"}],"wp:featuredmedia":[{"embeddable":true,"href":"https:\/\/pomello.ee\/fi\/wp-json\/wp\/v2\/media\/22985"}],"wp:attachment":[{"href":"https:\/\/pomello.ee\/fi\/wp-json\/wp\/v2\/media?parent=24070"}],"wp:term":[{"taxonomy":"product_brand","embeddable":true,"href":"https:\/\/pomello.ee\/fi\/wp-json\/wp\/v2\/product_brand?post=24070"},{"taxonomy":"product_cat","embeddable":true,"href":"https:\/\/pomello.ee\/fi\/wp-json\/wp\/v2\/product_cat?post=24070"},{"taxonomy":"product_tag","embeddable":true,"href":"https:\/\/pomello.ee\/fi\/wp-json\/wp\/v2\/product_tag?post=24070"}],"curies":[{"name":"wp","href":"https:\/\/api.w.org\/{rel}","templated":true}]}}