{"id":24081,"date":"2023-11-24T07:53:12","date_gmt":"2023-11-24T05:53:12","guid":{"rendered":"https:\/\/pomello.ee\/toode\/bronsun-ripsi-ja-kulmavari-harmaa\/"},"modified":"2026-02-11T12:58:04","modified_gmt":"2026-02-11T10:58:04","slug":"bronsun-ripsi-ja-kulmavari-harmaa","status":"publish","type":"product","link":"https:\/\/pomello.ee\/fi\/toode\/bronsun-ripsi-ja-kulmavari-harmaa\/","title":{"rendered":"Bronsun ripsi- ja kulmav\u00e4ri Harmaa"},"content":{"rendered":"<p><b>Bronsun ripsi- ja kulmav\u00e4ri New Formula kuvaus:<\/b><\/p>\n<p><b>Mik\u00e4 on uutta?<\/b><\/p>\n<p>V\u00e4rit ovat kirkkaampia ja t\u00e4ytel\u00e4isempi\u00e4, voimakasta mustaa pohjas\u00e4vy\u00e4 ei ole, v\u00e4rit kiinnittyv\u00e4t ihoon tasaisemmin. S\u00e4vytys iholla takaa pidemm\u00e4n keston. Uusi koostumus on helpompi sekoittaa ja maaliseoksen sakeus on nyt juoksevampaa.<\/p>\n<p>&nbsp;<\/p>\n<p><b>Kuinka k\u00e4ytt\u00e4\u00e4 <\/b><\/p>\n<p>&nbsp;<\/p>\n<ul>\n<li>Poista meikki kulmakarvoista ja ripsist\u00e4 meikinpoistoaineella<\/li>\n<li>Purista maali pieneen lasi- tai muoviastiaan ja lis\u00e4\u00e4 sama m\u00e4\u00e4r\u00e4 kermanestett\u00e4 3% BRONSUN<\/li>\n<li>Sekoita, kunnes saat tasaisen koostumuksen<\/li>\n<li>Levit\u00e4 seos kulmakarvoihin<\/li>\n<li>K\u00e4yt\u00e4 vinoa sivellint\u00e4 ja lis\u00e4\u00e4 kulmakarvojen v\u00e4ri\u00e4, kunnes kulmakarvat ovat tasaiset<\/li>\n<li>Pese maali varovasti pois sopivan ajan kuluttua kostealla vanulapulla.<\/li>\n<\/ul>\n<p>&nbsp;<\/p>\n<p>Vaikutusaika kulmakarvoihin 7-10 minuuttia (pidemp\u00e4\u00e4n tarvittaessa)<\/p>\n<p>&nbsp;<\/p>\n<p>Sekoita suhteessa 1-1 <a href=\"https:\/\/pomello.ee\/fi\/toode\/bronsun-oxidant-3\/\"><b>BRONSUN Developer 3%<\/b><\/a><\/p>\n<p><b>Huom<\/b>: Huomaa, ett\u00e4 t\u00e4ll\u00e4 s\u00e4vyll\u00e4 on uusi kaava, joten asiakkaiden on testattava uudelleen allergiatestaukset. Uuden kaavan s\u00e4vyiss\u00e4 suositellaan k\u00e4ytett\u00e4v\u00e4ksi kermavety\u00e4, joka on valmistettu syyskuusta 2023 l\u00e4htien. alkaen<\/p>\n<p>&nbsp;<\/p>\n<p><b>S\u00e4ilytysohjeet:<\/b><\/p>\n<p>Varastoi +5\u00b0C &#8211; +25\u00b0C l\u00e4mp\u00f6tilassa. Pid\u00e4 kuivana. S\u00e4ilytett\u00e4v\u00e4 poissa l\u00e4mm\u00f6lt\u00e4 ja suoralta auringonvalolta.<\/p>\n<p><b>Lis\u00e4\u00e4 tietoa<\/b>:<\/p>\n<p>Kaikki ainesosat ovat EU-hyv\u00e4ksyttyj\u00e4 ja testattuja, arvioituja ja hyv\u00e4ksyttyj\u00e4.<\/p>\n<p>Allergiatesti\u00e4 suositellaan v\u00e4hint\u00e4\u00e4n 48 tuntia ennen maaliseoksen k\u00e4ytt\u00f6\u00e4.<\/p>\n<p><b>S\u00e4ilyvyys avattaessa: <\/b>12 kuukautta.<\/p>\n<p><b>Kulutus<\/b>: 40 menettely\u00e4.<\/p>\n<h3 data-start=\"83\" data-end=\"137\">\u26a0\ufe0f Turvallisuusohje \u2013 Bronsun kulma- ja ripsiv\u00e4rit<\/h3>\n<p data-start=\"139\" data-end=\"182\">Bronsun-v\u00e4rituote on valmistettu Ven\u00e4j\u00e4ll\u00e4.<\/p>\n<p data-start=\"184\" data-end=\"354\">Tuote sis\u00e4lt\u00e4\u00e4 <strong data-start=\"199\" data-end=\"234\">PPD:t\u00e4 (para-fenyleenidiamiini)<\/strong>, joka voi aiheuttaa allergisia reaktioita. Allergia voi ilmet\u00e4 punoituksena, kutinana, turvotuksena tai iho\u00e4rsytyksen\u00e4.<\/p>\n<p data-start=\"356\" data-end=\"619\">Valmistaja suosittelee tekem\u00e4\u00e4n <strong data-start=\"388\" data-end=\"456\">allergiatestin uusille asiakkaille 24\u201348 tuntia ennen k\u00e4sittely\u00e4<\/strong>, mahdollisen allergisen reaktion riskin v\u00e4hent\u00e4miseksi.<br data-start=\"512\" data-end=\"515\" \/>T\u00e4m\u00e4 on erityisen t\u00e4rke\u00e4\u00e4 asiakkaille, joilla on herkk\u00e4 iho tai aiemmin todettuja allergisia reaktioita.<\/p>\n<p data-start=\"621\" data-end=\"758\">Ennen k\u00e4sittelyn aloittamista asiakkaalta tulee aina kysy\u00e4 mahdollisista allergioista (mukaan lukien kosmeettiset tuotteet ja hiusv\u00e4rit).<\/p>\n<p data-start=\"760\" data-end=\"881\">Jos asiakkaalla on todettu allergia tai eritt\u00e4in herkk\u00e4 iho, suositellaan valitsemaan <strong data-start=\"846\" data-end=\"880\">PPD-vapaa vaihtoehtoinen tuote<\/strong>.<\/p>\n<p data-start=\"883\" data-end=\"982\">Palveluntarjoaja vastaa allergiatestin suorittamisesta ja asiakkaan asianmukaisesta informoinnista.<\/p>\n","protected":false},"excerpt":{"rendered":"<p><b>Bronsun ripsi- ja kulmav\u00e4rit New Formula on t\u00e4\u00e4ll\u00e4!<\/b><\/p>\n<p>&nbsp;<\/p>\n<p>Maailman ensimm\u00e4inen ripsien ja kulmakarvojen geeliv\u00e4ri, joka antaa saman pitk\u00e4kestoisen vaikutuksen kuin henna! Bronsun ripsien ja kulmav\u00e4ri s\u00e4vytt\u00e4\u00e4 ihoa intensiivisesti kuin se olisi maalattu hennalla. Menettelyst\u00e4 tulee paljon helpompaa ja nopeampaa t\u00e4m\u00e4n ansiosta. Lis\u00e4ksi se antaa t\u00e4ytel\u00e4isen ja loistavan s\u00e4vyn hiuksille.<\/p>\n<p>&nbsp;<\/p>\n<p>Erityisen pitk\u00e4kestoinen, s\u00e4vy kest\u00e4\u00e4 jopa 2 viikkoa iholla ja jopa 7 viikkoa hiuksissa.<\/p>\n<p>&nbsp;<\/p>\n<p><strong>Grafiitti<\/strong>: Puhtaassa muodossaan se tarjoaa viile\u00e4n tummanvaalean s\u00e4vyn. K\u00e4ytet\u00e4\u00e4n sekoituksissa viile\u00e4mm\u00e4n s\u00e4vyn luomiseen. Se on t\u00e4ydellinen s\u00e4vy mustien tai kylm\u00e4n vaaleiden hiusten kulmakarvojen v\u00e4rj\u00e4ykseen (satajalkaisen blondi, helmiblondi).<\/p>\n<p>V\u00e4risyvyys: 6<\/p>\n<p>Pohja: Vihre\u00e4<\/p>\n<p>\u00c4\u00e4ni: Viile\u00e4mpi<\/p>\n<p>V\u00e4rin intensiteetti: Medium<\/p>\n","protected":false},"featured_media":22968,"comment_status":"open","ping_status":"closed","template":"","meta":{"_monsterinsights_skip_tracking":false,"_monsterinsights_sitenote_active":false,"_monsterinsights_sitenote_note":"","_monsterinsights_sitenote_category":0},"product_brand":[],"product_cat":[476,909,478,479],"product_tag":[],"class_list":{"0":"post-24081","1":"product","2":"type-product","3":"status-publish","4":"has-post-thumbnail","6":"product_cat-kulmakarvat","7":"product_cat-kestovari","8":"product_cat-ripsien-ja-kulmakarvojen-varit","9":"product_cat-ripsien-ja-kulmakarvojen-varit-fi","10":"pa_brand-bronsun-fi","11":"pa_suurus-20-ml-fi","13":"first","14":"instock","15":"taxable","16":"shipping-taxable","17":"purchasable","18":"product-type-simple"},"_links":{"self":[{"href":"https:\/\/pomello.ee\/fi\/wp-json\/wp\/v2\/product\/24081","targetHints":{"allow":["GET"]}}],"collection":[{"href":"https:\/\/pomello.ee\/fi\/wp-json\/wp\/v2\/product"}],"about":[{"href":"https:\/\/pomello.ee\/fi\/wp-json\/wp\/v2\/types\/product"}],"replies":[{"embeddable":true,"href":"https:\/\/pomello.ee\/fi\/wp-json\/wp\/v2\/comments?post=24081"}],"wp:featuredmedia":[{"embeddable":true,"href":"https:\/\/pomello.ee\/fi\/wp-json\/wp\/v2\/media\/22968"}],"wp:attachment":[{"href":"https:\/\/pomello.ee\/fi\/wp-json\/wp\/v2\/media?parent=24081"}],"wp:term":[{"taxonomy":"product_brand","embeddable":true,"href":"https:\/\/pomello.ee\/fi\/wp-json\/wp\/v2\/product_brand?post=24081"},{"taxonomy":"product_cat","embeddable":true,"href":"https:\/\/pomello.ee\/fi\/wp-json\/wp\/v2\/product_cat?post=24081"},{"taxonomy":"product_tag","embeddable":true,"href":"https:\/\/pomello.ee\/fi\/wp-json\/wp\/v2\/product_tag?post=24081"}],"curies":[{"name":"wp","href":"https:\/\/api.w.org\/{rel}","templated":true}]}}