{"id":25780,"date":"2024-04-09T21:04:32","date_gmt":"2024-04-09T19:04:32","guid":{"rendered":"https:\/\/pomello.ee\/toode\/my-lamination-biotin-kulmien-ja-ripsiseerumi\/"},"modified":"2024-10-15T16:30:48","modified_gmt":"2024-10-15T13:30:48","slug":"my-lamination-biotin-kulmien-ja-ripsiseerumi","status":"publish","type":"product","link":"https:\/\/pomello.ee\/fi\/toode\/my-lamination-biotin-kulmien-ja-ripsiseerumi\/","title":{"rendered":"My Lamination Biotin kulmien ja ripsiseerumi"},"content":{"rendered":"<p><strong>My Lamination Biotin kulmien ja ripsiseerumi toiminnalliset ainesosat:<\/strong><\/p>\n<p>&nbsp;<\/p>\n<p><strong>1. Biotiini:<\/strong> Vahvistaa, ravitsee ja edist\u00e4\u00e4 kasvua.<br \/>\n<strong>2. Metioniini:<\/strong> Vahvistava, uudistava ja s\u00e4ilytt\u00e4v\u00e4.<br \/>\n<strong>3. Hydrolysoitu keratiini:<\/strong> Palauttaa ja antaa vartaloa ja kiiltoa.<br \/>\n<strong>4. Kasvikollageeni:<\/strong> T\u00e4yteaine, vahvistaja ja tiiviste.<br \/>\n<strong>5. Kasvisglyseriini<\/strong>: Kosteuttava, pehment\u00e4v\u00e4 ja suojaava.<br \/>\n<strong>6. Tokoferoli (E-vitamiiniasetaatti):<\/strong> Antioksidantti ja suojaava.<br \/>\n<strong>7. Linolihappo (pellavahappo):<\/strong> F-vitamiini, haalistumista est\u00e4v\u00e4 ja ravitseva.<br \/>\n<strong>8. Askorbyylitetraisopalmit (C-vitamiini):<\/strong> Suojaava ja valaiseva.<br \/>\n<strong>9. Pantenoli (Pro-vitamiini B5):<\/strong> Vahvistaa, kosteuttaa ja antaa kiiltoa.<\/p>\n<p>&nbsp;<\/p>\n<p><strong>Kuinka k\u00e4ytt\u00e4\u00e4:<\/strong><br \/>\nLevit\u00e4 seerumia puhtaisiin ripsiin tai kulmakarvoihin tyvest\u00e4 latvaan. On suositeltavaa k\u00e4ytt\u00e4\u00e4 kahdesti p\u00e4iv\u00e4ss\u00e4 &#8211; aamulla ja illalla &#8211; parhaan tuloksen varmistamiseksi.<\/p>\n<p>&nbsp;<\/p>\n<p>Biotiinia sis\u00e4lt\u00e4v\u00e4 My Lamination -ripsien ja kulmakarvojen seerumi on ihanteellinen kumppanisi, joka antaa sinulle vahvat, terveet ja kauniit ripset ja kulmakarvat. Sen lis\u00e4ksi, ett\u00e4 t\u00e4m\u00e4 seerumi on tehokas, siin\u00e4 on my\u00f6s tarkka muotoilu, joka on varustettu siveltimell\u00e4 ja applikaattorisiveltimell\u00e4, mik\u00e4 tekee siit\u00e4 k\u00e4tev\u00e4n ja tehokkaan.<\/p>\n<p>&nbsp;<\/p>\n","protected":false},"excerpt":{"rendered":"<p>Tutustu My Lamination Biotin kulmien ja ripsiseerumi!<\/p>\n<p>&nbsp;<\/p>\n<p>My Laminationi uusin tuote, Biotin kulmien ja ripsiseerumi! Se on biotiinilla rikastettu seerumi, joka on erityisesti kehitetty vahvistamaan, ravitsemaan ja edist\u00e4m\u00e4\u00e4n ripsien ja kulmakarvojen kasvua. T\u00e4m\u00e4 vallankumouksellinen seerumi sis\u00e4lt\u00e4\u00e4 <strong>yhdeks\u00e4\u00e4<\/strong> toimivaa ainesosaa, jotka takaavat parhaan mahdollisen hoidon ripsille ja kulmakarvoille.<\/p>\n<p>&nbsp;<\/p>\n<p><strong>Miksi valita My Lamination Biotin kulmien ja ripsiseerumi?<\/strong><\/p>\n<p>&nbsp;<\/p>\n<p><strong>&#8211;<\/strong> <strong>Rikastettu biotiinilla:<\/strong> Biotiini tunnetaan kyvyst\u00e4\u00e4n vahvistaa hiuksia ja edist\u00e4\u00e4 niiden kasvua.<br \/>\n<strong>&#8211; Yhdeks\u00e4n toiminnallista ainesosaa:<\/strong> Biotiinin lis\u00e4ksi t\u00e4m\u00e4 seerumi sis\u00e4lt\u00e4\u00e4 kahdeksan muuta t\u00e4rke\u00e4\u00e4 ainesosaa, jotka auttavat varmistamaan terveet ja kauniit ripset ja kulmakarvat.<br \/>\n<strong>&#8211; Vahvistava ja ravitseva:<\/strong> Seerumin s\u00e4\u00e4nn\u00f6llinen k\u00e4ytt\u00f6 vahvistaa ja ravitsee sek\u00e4 ripsi\u00e4 ett\u00e4 kulmakarvoja tehden niist\u00e4 terveempi\u00e4 ja vahvempia.<br \/>\n<strong>&#8211; Helppok\u00e4ytt\u00f6inen:<\/strong> Erityisesti kehitetyn applikaattorin ansiosta seerumin levitt\u00e4minen ripsiin ja kulmakarvoihin on helppoa ja k\u00e4tev\u00e4\u00e4.<\/p>\n<p>&nbsp;<\/p>\n<p><strong>Kuinka k\u00e4ytt\u00e4\u00e4 My Lamination Biotin kulmien ja ripsiseerumi?<\/strong><\/p>\n<p>&nbsp;<\/p>\n<p>Levit\u00e4 seerumia puhtaisiin ripsiin ja kulmakarvoihin tyvest\u00e4 latvaan. On suositeltavaa k\u00e4ytt\u00e4\u00e4 seerumia s\u00e4\u00e4nn\u00f6llisesti parhaan tuloksen saavuttamiseksi.<\/p>\n<p>\u00c4l\u00e4 anna ripsien ja kulmakarvojen menett\u00e4\u00e4 parasta hoitoa! Tutustu My Lamination Biotin kulmakarvojen ja ripsiseerumin taikuuteen jo t\u00e4n\u00e4\u00e4n ja nauti terveemmist\u00e4 ja kauniista ripsist\u00e4 ja kulmakarvoista.<\/p>\n","protected":false},"featured_media":25711,"comment_status":"open","ping_status":"closed","template":"","meta":{"_monsterinsights_skip_tracking":false,"_monsterinsights_sitenote_active":false,"_monsterinsights_sitenote_note":"","_monsterinsights_sitenote_category":0},"product_brand":[],"product_cat":[476,475,514],"product_tag":[],"class_list":{"0":"post-25780","1":"product","2":"type-product","3":"status-publish","4":"has-post-thumbnail","6":"product_cat-kulmakarvat","7":"product_cat-ripset","8":"product_cat-ripsi-ja-kulmakarvojen-seerumit","9":"pa_brand-my-lamination-fi","10":"pa_suurus-45ml-fi","12":"first","13":"instock","14":"taxable","15":"shipping-taxable","16":"purchasable","17":"product-type-simple"},"_links":{"self":[{"href":"https:\/\/pomello.ee\/fi\/wp-json\/wp\/v2\/product\/25780","targetHints":{"allow":["GET"]}}],"collection":[{"href":"https:\/\/pomello.ee\/fi\/wp-json\/wp\/v2\/product"}],"about":[{"href":"https:\/\/pomello.ee\/fi\/wp-json\/wp\/v2\/types\/product"}],"replies":[{"embeddable":true,"href":"https:\/\/pomello.ee\/fi\/wp-json\/wp\/v2\/comments?post=25780"}],"wp:featuredmedia":[{"embeddable":true,"href":"https:\/\/pomello.ee\/fi\/wp-json\/wp\/v2\/media\/25711"}],"wp:attachment":[{"href":"https:\/\/pomello.ee\/fi\/wp-json\/wp\/v2\/media?parent=25780"}],"wp:term":[{"taxonomy":"product_brand","embeddable":true,"href":"https:\/\/pomello.ee\/fi\/wp-json\/wp\/v2\/product_brand?post=25780"},{"taxonomy":"product_cat","embeddable":true,"href":"https:\/\/pomello.ee\/fi\/wp-json\/wp\/v2\/product_cat?post=25780"},{"taxonomy":"product_tag","embeddable":true,"href":"https:\/\/pomello.ee\/fi\/wp-json\/wp\/v2\/product_tag?post=25780"}],"curies":[{"name":"wp","href":"https:\/\/api.w.org\/{rel}","templated":true}]}}