{"id":25811,"date":"2024-04-15T22:29:32","date_gmt":"2024-04-15T20:29:32","guid":{"rendered":"https:\/\/pomello.ee\/toode\/noemi-developer-3-50ml\/"},"modified":"2025-09-08T15:36:56","modified_gmt":"2025-09-08T13:36:56","slug":"noemi-developer-3-50ml","status":"publish","type":"product","link":"https:\/\/pomello.ee\/fi\/toode\/noemi-developer-3-50ml\/","title":{"rendered":"NOEMI Developer 3% 50ml"},"content":{"rendered":"<p>K\u00e4ytt\u00f6ohje: Sekoita Noemi Hybrid Dye ja developer samassa suhteessa (1:1). Levit\u00e4 sitten kulmakarvoille ja anna vaikuttaa 10-15 minuuttia.<\/p>\n<p>&nbsp;<\/p>\n<p>Parasta ennen 24 kuukautta.<\/p>\n","protected":false},"excerpt":{"rendered":"<p>Noemi developer 3% 50 ml.<\/p>\n<p>&nbsp;<\/p>\n<p>Sekoita Noemi Hybrid Dye developer 3 % suhteessa 1:1.<\/p>\n","protected":false},"featured_media":25775,"comment_status":"open","ping_status":"closed","template":"","meta":{"_monsterinsights_skip_tracking":false,"_monsterinsights_sitenote_active":false,"_monsterinsights_sitenote_note":"","_monsterinsights_sitenote_category":0},"product_brand":[],"product_cat":[476,901,475,478,479],"product_tag":[],"class_list":{"0":"post-25811","1":"product","2":"type-product","3":"status-publish","4":"has-post-thumbnail","6":"product_cat-kulmakarvat","7":"product_cat-developers","8":"product_cat-ripset","9":"product_cat-ripsien-ja-kulmakarvojen-varit","10":"product_cat-ripsien-ja-kulmakarvojen-varit-fi","11":"pa_brand-noemi-fi","12":"pa_suurus-50-ml-fi","14":"first","15":"instock","16":"taxable","17":"shipping-taxable","18":"purchasable","19":"product-type-simple"},"_links":{"self":[{"href":"https:\/\/pomello.ee\/fi\/wp-json\/wp\/v2\/product\/25811","targetHints":{"allow":["GET"]}}],"collection":[{"href":"https:\/\/pomello.ee\/fi\/wp-json\/wp\/v2\/product"}],"about":[{"href":"https:\/\/pomello.ee\/fi\/wp-json\/wp\/v2\/types\/product"}],"replies":[{"embeddable":true,"href":"https:\/\/pomello.ee\/fi\/wp-json\/wp\/v2\/comments?post=25811"}],"wp:featuredmedia":[{"embeddable":true,"href":"https:\/\/pomello.ee\/fi\/wp-json\/wp\/v2\/media\/25775"}],"wp:attachment":[{"href":"https:\/\/pomello.ee\/fi\/wp-json\/wp\/v2\/media?parent=25811"}],"wp:term":[{"taxonomy":"product_brand","embeddable":true,"href":"https:\/\/pomello.ee\/fi\/wp-json\/wp\/v2\/product_brand?post=25811"},{"taxonomy":"product_cat","embeddable":true,"href":"https:\/\/pomello.ee\/fi\/wp-json\/wp\/v2\/product_cat?post=25811"},{"taxonomy":"product_tag","embeddable":true,"href":"https:\/\/pomello.ee\/fi\/wp-json\/wp\/v2\/product_tag?post=25811"}],"curies":[{"name":"wp","href":"https:\/\/api.w.org\/{rel}","templated":true}]}}