{"id":25896,"date":"2024-04-21T18:58:51","date_gmt":"2024-04-21T16:58:51","guid":{"rendered":"https:\/\/pomello.ee\/toode\/silikoninen-kompensaattori-kulmakarvoille\/"},"modified":"2025-10-05T19:42:49","modified_gmt":"2025-10-05T17:42:49","slug":"silikoninen-kompensaattori-kulmakarvoille","status":"publish","type":"product","link":"https:\/\/pomello.ee\/fi\/toode\/silikoninen-kompensaattori-kulmakarvoille\/","title":{"rendered":"Silikoninen kompensaattori kulmakarvoille"},"content":{"rendered":"<p>Silikonikompensaattori on riitt\u00e4v\u00e4n pitk\u00e4 ja leve\u00e4 peitt\u00e4m\u00e4\u00e4n kaikki tarvittavat kulmakarvojen alueet ja t\u00e4ytt\u00e4m\u00e4\u00e4n kaikki tarpeet.<\/p>\n<p>&nbsp;<\/p>\n<p>Mitat: 20 x 3,8 cm<\/p>\n<p>&nbsp;<\/p>\n","protected":false},"excerpt":{"rendered":"<p>Ihanteellinen apuv\u00e4line kulmakarvojen laminointiin &#8211; kulmakarvojen silikonikompensaattori.<\/p>\n<p>&nbsp;<\/p>\n<p>Se on todella ymp\u00e4rist\u00f6yst\u00e4v\u00e4llinen valinta lammasmestarin p\u00e4ivitt\u00e4isiin ty\u00f6v\u00e4lineisiin. Silikoninen kulmakarvojen kompensaattori pit\u00e4\u00e4 kulmakarvat oikeassa asennossa ja nopeuttaa siten ty\u00f6prosessia.<\/p>\n<p>&nbsp;<\/p>\n<p>Silikoninen kulmakarvojen kompensaattori on pest\u00e4v\u00e4 ja uudelleenk\u00e4ytett\u00e4v\u00e4.<\/p>\n<p>&nbsp;<\/p>\n","protected":false},"featured_media":25880,"comment_status":"open","ping_status":"closed","template":"","meta":{"_monsterinsights_skip_tracking":false,"_monsterinsights_sitenote_active":false,"_monsterinsights_sitenote_note":"","_monsterinsights_sitenote_category":0},"product_brand":[],"product_cat":[476,511,477,512],"product_tag":[],"class_list":{"0":"post-25896","1":"product","2":"type-product","3":"status-publish","4":"has-post-thumbnail","6":"product_cat-kulmakarvat","7":"product_cat-kulmakarvojen-tarvikkeet","8":"product_cat-kulmien-laminointi","9":"product_cat-parhaat-tarjoukset","10":"pa_brand-pomello-fi","11":"pa_varv-kollane-fi","12":"pa_varv-roosa-fi","13":"pa_varv-vaaleansininen","15":"first","16":"instock","17":"sale","18":"taxable","19":"shipping-taxable","20":"purchasable","21":"product-type-variable"},"_links":{"self":[{"href":"https:\/\/pomello.ee\/fi\/wp-json\/wp\/v2\/product\/25896","targetHints":{"allow":["GET"]}}],"collection":[{"href":"https:\/\/pomello.ee\/fi\/wp-json\/wp\/v2\/product"}],"about":[{"href":"https:\/\/pomello.ee\/fi\/wp-json\/wp\/v2\/types\/product"}],"replies":[{"embeddable":true,"href":"https:\/\/pomello.ee\/fi\/wp-json\/wp\/v2\/comments?post=25896"}],"wp:featuredmedia":[{"embeddable":true,"href":"https:\/\/pomello.ee\/fi\/wp-json\/wp\/v2\/media\/25880"}],"wp:attachment":[{"href":"https:\/\/pomello.ee\/fi\/wp-json\/wp\/v2\/media?parent=25896"}],"wp:term":[{"taxonomy":"product_brand","embeddable":true,"href":"https:\/\/pomello.ee\/fi\/wp-json\/wp\/v2\/product_brand?post=25896"},{"taxonomy":"product_cat","embeddable":true,"href":"https:\/\/pomello.ee\/fi\/wp-json\/wp\/v2\/product_cat?post=25896"},{"taxonomy":"product_tag","embeddable":true,"href":"https:\/\/pomello.ee\/fi\/wp-json\/wp\/v2\/product_tag?post=25896"}],"curies":[{"name":"wp","href":"https:\/\/api.w.org\/{rel}","templated":true}]}}