{"id":26148,"date":"2024-05-15T08:50:40","date_gmt":"2024-05-15T06:50:40","guid":{"rendered":"https:\/\/pomello.ee\/toode\/nikk-mole-styling-gel-wax-kulmavaha\/"},"modified":"2024-05-15T08:50:40","modified_gmt":"2024-05-15T05:50:40","slug":"nikk-mole-styling-gel-wax-kulmavaha","status":"publish","type":"product","link":"https:\/\/pomello.ee\/fi\/toode\/nikk-mole-styling-gel-wax-kulmavaha\/","title":{"rendered":"NIKK MOLE Styling Gel Wax kulmavaha"},"content":{"rendered":"<p><strong>NIKK MOLE Styling Gel Waxin k\u00e4ytt\u00f6<\/strong>: Levit\u00e4 kulmakarvojen puhdistamisen j\u00e4lkeen tarvittava m\u00e4\u00e4r\u00e4 kiinnitysgeelivahaa ja kampaa karvat haluttuun suuntaan erikoisharjalla. Jos haluat k\u00e4ytt\u00e4\u00e4 lis\u00e4ksi kulmakarvojen kyn\u00e4\u00e4, se kannattaa tehd\u00e4 sen j\u00e4lkeen, kun kulmakarvat on kiinnitetty geelivahalla.<\/p>\n","protected":false},"excerpt":{"rendered":"<p>NIKK MOLE Styling Gel Wax kulmavaha on<strong> ainutlaatuinen kulmakarvojen muotoilugeelivaha<\/strong>, joka kohottaa, kesytt\u00e4\u00e4 ja asettaa jokaista karvaa paikoilleen luoden t\u00e4ydellisesti m\u00e4\u00e4ritellyt ja volyymit kulmakarvat. Geelivahan monipuolinen koostumus on j\u00e4\u00e4m\u00e4t\u00f6n ja tarjoaa pitk\u00e4kestoisen ja eritt\u00e4in kest\u00e4v\u00e4n pidon. Korosta kulmakarvojasi ja tee niist\u00e4 ilmeikk\u00e4\u00e4t koko p\u00e4iv\u00e4n.<\/p>\n","protected":false},"featured_media":26141,"comment_status":"open","ping_status":"closed","template":"","meta":{"_monsterinsights_skip_tracking":false,"_monsterinsights_sitenote_active":false,"_monsterinsights_sitenote_note":"","_monsterinsights_sitenote_category":0},"product_brand":[],"product_cat":[476,919],"product_tag":[],"class_list":{"0":"post-26148","1":"product","2":"type-product","3":"status-publish","4":"has-post-thumbnail","6":"product_cat-kulmakarvat","7":"product_cat-kulmakarvojen-geelit-vahat","8":"pa_brand-nikk-mole-fi","9":"pa_suurus-15-g-fi","11":"first","12":"instock","13":"taxable","14":"shipping-taxable","15":"purchasable","16":"product-type-simple"},"_links":{"self":[{"href":"https:\/\/pomello.ee\/fi\/wp-json\/wp\/v2\/product\/26148","targetHints":{"allow":["GET"]}}],"collection":[{"href":"https:\/\/pomello.ee\/fi\/wp-json\/wp\/v2\/product"}],"about":[{"href":"https:\/\/pomello.ee\/fi\/wp-json\/wp\/v2\/types\/product"}],"replies":[{"embeddable":true,"href":"https:\/\/pomello.ee\/fi\/wp-json\/wp\/v2\/comments?post=26148"}],"wp:featuredmedia":[{"embeddable":true,"href":"https:\/\/pomello.ee\/fi\/wp-json\/wp\/v2\/media\/26141"}],"wp:attachment":[{"href":"https:\/\/pomello.ee\/fi\/wp-json\/wp\/v2\/media?parent=26148"}],"wp:term":[{"taxonomy":"product_brand","embeddable":true,"href":"https:\/\/pomello.ee\/fi\/wp-json\/wp\/v2\/product_brand?post=26148"},{"taxonomy":"product_cat","embeddable":true,"href":"https:\/\/pomello.ee\/fi\/wp-json\/wp\/v2\/product_cat?post=26148"},{"taxonomy":"product_tag","embeddable":true,"href":"https:\/\/pomello.ee\/fi\/wp-json\/wp\/v2\/product_tag?post=26148"}],"curies":[{"name":"wp","href":"https:\/\/api.w.org\/{rel}","templated":true}]}}