{"id":26158,"date":"2024-05-15T09:17:29","date_gmt":"2024-05-15T07:17:29","guid":{"rendered":"https:\/\/pomello.ee\/toode\/nikk-mole-lash-glue-balm-easy-lami\/"},"modified":"2024-05-15T09:17:29","modified_gmt":"2024-05-15T06:17:29","slug":"nikk-mole-lash-glue-balm-easy-lami","status":"publish","type":"product","link":"https:\/\/pomello.ee\/fi\/toode\/nikk-mole-lash-glue-balm-easy-lami\/","title":{"rendered":"NIKK MOLE Lash Glue Balm EASY LAMI"},"content":{"rendered":"<p><strong>NIKK MOLE Lash Glue Balmin EASY LAMI k\u00e4ytt\u00f6:<\/strong><\/p>\n<p>1. Levit\u00e4 tarvittaessa tarvittava m\u00e4\u00e4r\u00e4 liimaa silikonityynylle ja kiinnit\u00e4 se silm\u00e4luomiin.<br \/>\n2. Levit\u00e4 sitten liimaa silikonityynylle ja levit\u00e4 ripset asteittain yhdensuuntaisesti toistensa kanssa erottamalla ne.<br \/>\n3. Kun kaikki ripset ovat t\u00e4ysin kiinni, aloita laminointi.<br \/>\n4. Poista toimenpiteen j\u00e4lkeen j\u00e4ljelle j\u00e4\u00e4nyt liima vedess\u00e4 kostealla pumpulipuikolla.<\/p>\n<p>&nbsp;<\/p>\n<p>Huomautus: Yksil\u00f6llinen herkkyys komponenteille on mahdollista!<\/p>\n","protected":false},"excerpt":{"rendered":"<p><strong>NIKK MOLE Lash Glue Balm EASY LAMI<\/strong> on suunniteltu saavuttamaan t\u00e4ydellinen ripsien kohotus ripsien laminoinnin aikana. Nikk Mole lash lift -liimalla on turvallinen koostumus ja miellytt\u00e4v\u00e4 rakenne. Glue Balm kiinnitt\u00e4\u00e4 nopeasti ripset silikonityynylle ja tarjoaa ravitsevan vaikutuksen koko toimenpiteen ajan. Hoitokoostumus koostuu \u00f6ljyyhdistelm\u00e4st\u00e4, joka syv\u00e4kosteuttaa, vahvistaa ripsi\u00e4 ja suojaa niiden luonnollista ulkon\u00e4k\u00f6\u00e4 toimenpiteen j\u00e4lkeen.<\/p>\n","protected":false},"featured_media":26152,"comment_status":"open","ping_status":"closed","template":"","meta":{"_monsterinsights_skip_tracking":false,"_monsterinsights_sitenote_active":false,"_monsterinsights_sitenote_note":"","_monsterinsights_sitenote_category":0},"product_brand":[],"product_cat":[475,516,519],"product_tag":[],"class_list":{"0":"post-26158","1":"product","2":"type-product","3":"status-publish","4":"has-post-thumbnail","6":"product_cat-ripset","7":"product_cat-lash-lift-fi","8":"product_cat-liimat","9":"pa_brand-nikk-mole-fi","10":"pa_suurus-20-g-fi","12":"first","13":"outofstock","14":"taxable","15":"shipping-taxable","16":"purchasable","17":"product-type-simple"},"_links":{"self":[{"href":"https:\/\/pomello.ee\/fi\/wp-json\/wp\/v2\/product\/26158","targetHints":{"allow":["GET"]}}],"collection":[{"href":"https:\/\/pomello.ee\/fi\/wp-json\/wp\/v2\/product"}],"about":[{"href":"https:\/\/pomello.ee\/fi\/wp-json\/wp\/v2\/types\/product"}],"replies":[{"embeddable":true,"href":"https:\/\/pomello.ee\/fi\/wp-json\/wp\/v2\/comments?post=26158"}],"wp:featuredmedia":[{"embeddable":true,"href":"https:\/\/pomello.ee\/fi\/wp-json\/wp\/v2\/media\/26152"}],"wp:attachment":[{"href":"https:\/\/pomello.ee\/fi\/wp-json\/wp\/v2\/media?parent=26158"}],"wp:term":[{"taxonomy":"product_brand","embeddable":true,"href":"https:\/\/pomello.ee\/fi\/wp-json\/wp\/v2\/product_brand?post=26158"},{"taxonomy":"product_cat","embeddable":true,"href":"https:\/\/pomello.ee\/fi\/wp-json\/wp\/v2\/product_cat?post=26158"},{"taxonomy":"product_tag","embeddable":true,"href":"https:\/\/pomello.ee\/fi\/wp-json\/wp\/v2\/product_tag?post=26158"}],"curies":[{"name":"wp","href":"https:\/\/api.w.org\/{rel}","templated":true}]}}