{"id":26175,"date":"2024-05-15T09:39:35","date_gmt":"2024-05-15T07:39:35","guid":{"rendered":"https:\/\/pomello.ee\/toode\/nikk-mole-blondoran-kirkaste\/"},"modified":"2024-05-15T09:39:35","modified_gmt":"2024-05-15T06:39:35","slug":"nikk-mole-blondoran-kirkaste","status":"publish","type":"product","link":"https:\/\/pomello.ee\/fi\/toode\/nikk-mole-blondoran-kirkaste\/","title":{"rendered":"NIKK MOLE Blondoran kirkaste"},"content":{"rendered":"<p><strong>NIKK MOLE Blondoran kirkasteen k\u00e4ytt\u00f6:<\/strong><\/p>\n<p>&nbsp;<\/p>\n<p>Sekoita 1 osa jauhetta 2 osaan Nikk Mole -viini\u00e4 1,9 % tai 3 %<br \/>\nHapettavan emulsion valinta riippuu pinnoitteen tyypist\u00e4 ja kunnosta sek\u00e4 halutusta tuloksesta:<\/p>\n<p>&nbsp;<\/p>\n<p>1,9 % \u2013 1-2 s\u00e4vytasoa, vaikutusaika 5-10 minuuttia ohuille tai vaurioituneille hiuksille.<br \/>\n3% \u2013 3-4 s\u00e4vytasoa, vaikutusaika 7-15 minuuttia tiheille, vahvoille, tummille hiuksille.<\/p>\n<p>&nbsp;<\/p>\n<p><strong>T\u00e4rke\u00e4! Turkin ja ihon rakenteen suojaamiseksi on suositeltavaa k\u00e4ytt\u00e4\u00e4 Nikk Mole -\u00f6ljy\u00e4:<\/strong><\/p>\n<p><strong>1)<\/strong> lis\u00e4\u00e4 seokseen VALAISTUKSEN AIKANA tippa \u00f6ljy\u00e4, joka s\u00e4ilytt\u00e4\u00e4 hiusten rakenteen vaalennuksen aikana kemiallisen altistuksen vuoksi;<\/p>\n<p><strong>2)<\/strong> Levit\u00e4 \u00f6ljy\u00e4 kulmakarvojen iholle ENNEN VALKAUSTA v\u00e4ltt\u00e4\u00e4ksesi mahdolliset ihoreaktiot sek\u00e4 ehk\u00e4isem\u00e4\u00e4n: kutinaa, hilseily\u00e4, kuivumista ja punoitusta.<\/p>\n<p>Levit\u00e4 seos varovasti kulmakarvoihin siveltimell\u00e4 ja pid\u00e4 se pohjassa tarvittavan ajan.<\/p>\n<p>Jos vaalentava tulos ei ole tyydytt\u00e4v\u00e4, poista seoksen j\u00e4\u00e4nteet ja toista toimenpide v\u00e4hent\u00e4en toistuvan seoksen vaikutusaikaa hiuksiin 5-7 minuuttiin.<\/p>\n<p>Poista sitten Nikk Mole mousse shampoon ja blondoran-seoksen j\u00e4\u00e4nn\u00f6kset vanulapulla.<\/p>\n<p>Jos haluat jatkaa kulmakarvojen v\u00e4rj\u00e4yst\u00e4, on suositeltavaa suorittaa v\u00e4rj\u00e4ys pienell\u00e4 viiniprosentilla (1,9%).<\/p>\n<p>&nbsp;<\/p>\n<p><strong>Varotoimet: Lue ohjeet huolellisesti ennen k\u00e4ytt\u00f6\u00e4!<\/strong><\/p>\n<ul>\n<li>\u00c4l\u00e4 k\u00e4yt\u00e4 metalliesineit\u00e4 k\u00e4sitelless\u00e4si tuotetta.<\/li>\n<li>Ennen k\u00e4ytt\u00f6\u00e4 on teht\u00e4v\u00e4 allergiatesti.<\/li>\n<li>\u00c4l\u00e4 k\u00e4yt\u00e4 ihotulehdusten tai allergisten reaktioiden yhteydess\u00e4. Jos sinulla on allerginen reaktio, ota yhteytt\u00e4 ihotautil\u00e4\u00e4k\u00e4riin!<\/li>\n<li>V\u00e4lt\u00e4 katsekontaktia. Jos ainetta joutuu kosketuksiin, huuhtele huolellisesti runsaalla vedell\u00e4.<\/li>\n<li>Pid\u00e4 poissa lasten ulottuvilta.<\/li>\n<li>Tuote on tarkoitettu yli 16-vuotiaille.<\/li>\n<li>On suositeltavaa k\u00e4ytt\u00e4\u00e4 suojak\u00e4sineit\u00e4 toimenpiteen aikana.<\/li>\n<li>K\u00e4yt\u00e4 ennen pakkaukseen merkitty\u00e4 p\u00e4iv\u00e4m\u00e4\u00e4r\u00e4\u00e4.<\/li>\n<\/ul>\n<p>Valmistusp\u00e4iv\u00e4m\u00e4\u00e4r\u00e4: 36 kuukautta ennen viimeist\u00e4 k\u00e4ytt\u00f6p\u00e4iv\u00e4\u00e4.<\/p>\n<p>&nbsp;<\/p>\n<p>K\u00e4yt\u00e4 12 kuukauden sis\u00e4ll\u00e4 alkuper\u00e4isen pakkauksen avaamisesta.<\/p>\n<p>&nbsp;<\/p>\n<p>Varastointiolosuhteet: Varastoi kuivassa paikassa +5\u00b0C &#8211; +25\u00b0\u0421 l\u00e4mp\u00f6tilassa. V\u00e4lt\u00e4 suoraa auringonvaloa.<\/p>\n","protected":false},"excerpt":{"rendered":"<p><strong>NIKK MOLE Blondoran kirkaste on sininen blondoran kulmakarvojen korostus.<\/strong><\/p>\n<p>Nikk Molen ammattimainen p\u00fczit\u00f6n blondipuuteri on pehme\u00e4n sinist\u00e4 hohtoa ja Blue-Lightening -koostumus kirkastaa kulmakarvoja poistamalla keltaisia \u200b\u200bja oransseja s\u00e4vyj\u00e4.<\/p>\n<p>&nbsp;<\/p>\n<p><strong>K\u00e4ytt\u00f6<\/strong>:<br \/>\nSekoitettuna Nikk Mole Oxidizing Emulsion (1,9 % tai 3 %) kanssa Blue Blondoran muodostaa kermaisen koostumuksen, joka levi\u00e4\u00e4 helposti hiuksiin eik\u00e4 hajota proteiineja.<\/p>\n<p>&nbsp;<\/p>\n<p><strong>Ominaisuudet:<\/strong><br \/>\n&#8211; Kirkasteen\u00a03-4 s\u00e4vy\u00e4.<br \/>\n&#8211; Est\u00e4\u00e4 ei-toivottujen s\u00e4vyjen muodostumisen.<br \/>\n&#8211; Huolellinen altistuminen: Ei vaurioita hiuksia.<br \/>\n&#8211; Ihanteellinen kaikille hiustyypeille.<br \/>\n&#8211; Est\u00e4\u00e4 keltaisten ja punaisten s\u00e4vyjen muodostumista.<\/p>\n<p>&nbsp;<\/p>\n<p><strong>Nikk Mole blue blondoran<\/strong> takaa tasaisen lopputuloksen ja sopii kaikille hiustyypeille.<\/p>\n","protected":false},"featured_media":26162,"comment_status":"open","ping_status":"closed","template":"","meta":{"_monsterinsights_skip_tracking":false,"_monsterinsights_sitenote_active":false,"_monsterinsights_sitenote_note":"","_monsterinsights_sitenote_category":0},"product_brand":[],"product_cat":[476,511,903],"product_tag":[],"class_list":{"0":"post-26175","1":"product","2":"type-product","3":"status-publish","4":"has-post-thumbnail","6":"product_cat-kulmakarvat","7":"product_cat-kulmakarvojen-tarvikkeet","8":"product_cat-varinpoisto","9":"pa_brand-nikk-mole-fi","10":"pa_suurus-20-g-fi","12":"first","13":"instock","14":"taxable","15":"shipping-taxable","16":"purchasable","17":"product-type-simple"},"_links":{"self":[{"href":"https:\/\/pomello.ee\/fi\/wp-json\/wp\/v2\/product\/26175","targetHints":{"allow":["GET"]}}],"collection":[{"href":"https:\/\/pomello.ee\/fi\/wp-json\/wp\/v2\/product"}],"about":[{"href":"https:\/\/pomello.ee\/fi\/wp-json\/wp\/v2\/types\/product"}],"replies":[{"embeddable":true,"href":"https:\/\/pomello.ee\/fi\/wp-json\/wp\/v2\/comments?post=26175"}],"wp:featuredmedia":[{"embeddable":true,"href":"https:\/\/pomello.ee\/fi\/wp-json\/wp\/v2\/media\/26162"}],"wp:attachment":[{"href":"https:\/\/pomello.ee\/fi\/wp-json\/wp\/v2\/media?parent=26175"}],"wp:term":[{"taxonomy":"product_brand","embeddable":true,"href":"https:\/\/pomello.ee\/fi\/wp-json\/wp\/v2\/product_brand?post=26175"},{"taxonomy":"product_cat","embeddable":true,"href":"https:\/\/pomello.ee\/fi\/wp-json\/wp\/v2\/product_cat?post=26175"},{"taxonomy":"product_tag","embeddable":true,"href":"https:\/\/pomello.ee\/fi\/wp-json\/wp\/v2\/product_tag?post=26175"}],"curies":[{"name":"wp","href":"https:\/\/api.w.org\/{rel}","templated":true}]}}