{"id":26187,"date":"2024-05-15T10:14:53","date_gmt":"2024-05-15T07:14:53","guid":{"rendered":"https:\/\/pomello.ee\/toode\/nikk-mole-skin-protector-color-barrier-15ml\/"},"modified":"2024-05-15T10:14:53","modified_gmt":"2024-05-15T07:14:53","slug":"nikk-mole-skin-protector-color-barrier-15ml","status":"publish","type":"product","link":"https:\/\/pomello.ee\/fi\/toode\/nikk-mole-skin-protector-color-barrier-15ml\/","title":{"rendered":"NIKK MOLE Skin Protector &#038; Color Barrier 15ml"},"content":{"rendered":"<p><strong>Vasta-aiheet:<\/strong><\/p>\n<p>&nbsp;<\/p>\n<p>Yksil\u00f6llinen herkkyys tietyille komponenteille on mahdollista.<br \/>\nV\u00e4lt\u00e4 katsekontaktia.<br \/>\nVain ulkoiseen k\u00e4ytt\u00f6\u00f6n.<\/p>\n<p>&nbsp;<\/p>\n<p><strong>K\u00e4ytt\u00f6<\/strong>: Levit\u00e4 riitt\u00e4v\u00e4 m\u00e4\u00e4r\u00e4 tuotetta iholle \u00e4\u00e4rimm\u00e4ist\u00e4 kulmakarvaviivaa pitkin, jotta v\u00e4ri ei tarttuisi ei-toivotulle alueelle ja iho\u00e4rsytys.<\/p>\n<p>&nbsp;<\/p>\n<p><strong>Varastointiolosuhteet<\/strong>: S\u00e4ilyt\u00e4 lasten ulottumattomissa, +5 &#8211; +25 l\u00e4mp\u00f6tilassa.<\/p>\n<p>&nbsp;<\/p>\n<p>V\u00e4lt\u00e4 suoraa auringonvaloa.<\/p>\n<p>&nbsp;<\/p>\n<p>Tilavuus: 15 ml<\/p>\n<p>&nbsp;<\/p>\n<p>VALMISTETTU UKRAINASSA<\/p>\n","protected":false},"excerpt":{"rendered":"<p><strong>NIKK MOLE Skin Protector &amp; Color Barrier on ihoa suojaava voide, jossa on sheavoita ja argan\u00f6ljy\u00e4.<\/strong><\/p>\n<p>&nbsp;<\/p>\n<p>Nikk Mole&#8217;s Protective Cream on erityisesti suunniteltu suojaamaan ihoa ja karvoja kulmakarvojen ymp\u00e4rill\u00e4 v\u00e4rj\u00e4yksen ja laminoinnin aikana sek\u00e4 silm\u00e4luomien suojaamiseen ripsien v\u00e4rj\u00e4yksen aikana.<\/p>\n<p>&nbsp;<\/p>\n<p><strong>Ominaisuudet<\/strong>:<br \/>\n&#8211; Suojaa ihoa ja hiuksia luomalla n\u00e4kym\u00e4t\u00f6nt\u00e4 estett\u00e4.<br \/>\n&#8211; Sis\u00e4lt\u00e4\u00e4 sheavoita ja argan\u00f6ljy\u00e4, jotka palauttavat turkin kiillon ja ravitsevat kuivaa ihoa.<br \/>\n&#8211; Auttaa poistamaan \u00e4rsytyst\u00e4 ja suojaa ymp\u00e4rist\u00f6tekij\u00f6ilt\u00e4.<br \/>\n&#8211; Parantaa ihon ja turkin tilaa v\u00e4hent\u00e4en salonkihoitojen tarvetta.<\/p>\n<p>&nbsp;<\/p>\n<p><strong>K\u00e4ytt\u00f6<\/strong>:<br \/>\n&#8211; Levit\u00e4 suojavoidetta iholle ja hiuksille ennen v\u00e4rj\u00e4yst\u00e4 tai laminointia.<br \/>\n&#8211; Suojaa tehokkaasti samalla kun se ravitsee ja palauttaa.<\/p>\n<p>Nikk Mole&#8217;s Protective Cream tarjoaa kattavan suojan tehden ihosta ja turkista terveemm\u00e4n ja kauniimman.<\/p>\n","protected":false},"featured_media":39415,"comment_status":"open","ping_status":"closed","template":"","meta":{"_monsterinsights_skip_tracking":false,"_monsterinsights_sitenote_active":false,"_monsterinsights_sitenote_note":"","_monsterinsights_sitenote_category":0},"product_brand":[],"product_cat":[476,915,518,916,478,479,931],"product_tag":[],"class_list":{"0":"post-26187","1":"product","2":"type-product","3":"status-publish","4":"has-post-thumbnail","6":"product_cat-kulmakarvat","7":"product_cat-esi-ja-jalkihoito","8":"product_cat-jalkihoito","9":"product_cat-esihoito-fi","10":"product_cat-ripsien-ja-kulmakarvojen-varit","11":"product_cat-ripsien-ja-kulmakarvojen-varit-fi","12":"product_cat-valmistus-ja-suojavoiteet","13":"pa_brand-molea","14":"pa_suurus-15-ml-fi","16":"first","17":"instock","18":"taxable","19":"shipping-taxable","20":"purchasable","21":"product-type-simple"},"_links":{"self":[{"href":"https:\/\/pomello.ee\/fi\/wp-json\/wp\/v2\/product\/26187","targetHints":{"allow":["GET"]}}],"collection":[{"href":"https:\/\/pomello.ee\/fi\/wp-json\/wp\/v2\/product"}],"about":[{"href":"https:\/\/pomello.ee\/fi\/wp-json\/wp\/v2\/types\/product"}],"replies":[{"embeddable":true,"href":"https:\/\/pomello.ee\/fi\/wp-json\/wp\/v2\/comments?post=26187"}],"wp:featuredmedia":[{"embeddable":true,"href":"https:\/\/pomello.ee\/fi\/wp-json\/wp\/v2\/media\/39415"}],"wp:attachment":[{"href":"https:\/\/pomello.ee\/fi\/wp-json\/wp\/v2\/media?parent=26187"}],"wp:term":[{"taxonomy":"product_brand","embeddable":true,"href":"https:\/\/pomello.ee\/fi\/wp-json\/wp\/v2\/product_brand?post=26187"},{"taxonomy":"product_cat","embeddable":true,"href":"https:\/\/pomello.ee\/fi\/wp-json\/wp\/v2\/product_cat?post=26187"},{"taxonomy":"product_tag","embeddable":true,"href":"https:\/\/pomello.ee\/fi\/wp-json\/wp\/v2\/product_tag?post=26187"}],"curies":[{"name":"wp","href":"https:\/\/api.w.org\/{rel}","templated":true}]}}