{"id":26195,"date":"2024-05-16T12:01:43","date_gmt":"2024-05-16T10:01:43","guid":{"rendered":"https:\/\/pomello.ee\/toode\/nikk-mole-brow-fix-soap-kulmien-saippua\/"},"modified":"2024-05-16T12:01:43","modified_gmt":"2024-05-16T09:01:43","slug":"nikk-mole-brow-fix-soap-kulmien-saippua","status":"publish","type":"product","link":"https:\/\/pomello.ee\/fi\/toode\/nikk-mole-brow-fix-soap-kulmien-saippua\/","title":{"rendered":"NIKK MOLE Brow Fix Soap kulmien saippua"},"content":{"rendered":"","protected":false},"excerpt":{"rendered":"<p>Kauan odotettu innovaatio Nikk Mole kulmien saippua joukossa: <strong>Nikk Mole Brow Fix Soap<\/strong><\/p>\n<p>&nbsp;<\/p>\n<p>Nikk Mole Brow Fix Saippua on todellinen l\u00f6yt\u00f6 niille, joilla on <strong>tuhma, takkuinen ja ep\u00e4m\u00e4\u00e4r\u00e4inen<\/strong> kulmakarva. Kulmakarvojen saippua on kosteutta kest\u00e4v\u00e4 ja sopii k\u00e4ytett\u00e4v\u00e4ksi kaikissa s\u00e4\u00e4olosuhteissa. Iso plussa kes\u00e4kuukausina on, ett\u00e4 tulos kest\u00e4\u00e4 jopa veden kanssa kosketuksen j\u00e4lkeen.<\/p>\n<p>&nbsp;<\/p>\n<p><strong>Ominaisuudet:<\/strong><\/p>\n<ul>\n<li>Kosteudenkest\u00e4v\u00e4: Kest\u00e4\u00e4 kaikissa s\u00e4\u00e4olosuhteissa, ihanteellinen my\u00f6s kes\u00e4kuukausina.<\/li>\n<li>Yleisk\u00e4ytt\u00f6inen: Sopii kaikentyyppisille kulmakarvoille.<\/li>\n<li>Pitk\u00e4aikainen kiinnitys: Kiinnitt\u00e4\u00e4 kulmakarvat luotettavasti koko p\u00e4iv\u00e4ksi.<\/li>\n<li>Kookos\u00f6ljyhoito: Ravitsee ja hoitaa hiuksia.<\/li>\n<li>Miellytt\u00e4v\u00e4 kookoksen tuoksu: Rakastan ehdottomasti tuoksua, joka sinun t\u00e4ytyy haistaa.<\/li>\n<\/ul>\n<p>Nikk Mole Brow Fix Saippua pit\u00e4\u00e4 kulmasi siistin\u00e4 ja kauniina koko p\u00e4iv\u00e4n ajan samalla kun se hoitaa ja suojaa.<\/p>\n","protected":false},"featured_media":26192,"comment_status":"open","ping_status":"closed","template":"","meta":{"_monsterinsights_skip_tracking":false,"_monsterinsights_sitenote_active":false,"_monsterinsights_sitenote_note":"","_monsterinsights_sitenote_category":0},"product_brand":[],"product_cat":[476,919],"product_tag":[],"class_list":{"0":"post-26195","1":"product","2":"type-product","3":"status-publish","4":"has-post-thumbnail","6":"product_cat-kulmakarvat","7":"product_cat-kulmakarvojen-geelit-vahat","8":"pa_brand-nikk-mole-fi","9":"pa_suurus-30-ml-fi","11":"first","12":"instock","13":"taxable","14":"shipping-taxable","15":"purchasable","16":"product-type-simple"},"_links":{"self":[{"href":"https:\/\/pomello.ee\/fi\/wp-json\/wp\/v2\/product\/26195","targetHints":{"allow":["GET"]}}],"collection":[{"href":"https:\/\/pomello.ee\/fi\/wp-json\/wp\/v2\/product"}],"about":[{"href":"https:\/\/pomello.ee\/fi\/wp-json\/wp\/v2\/types\/product"}],"replies":[{"embeddable":true,"href":"https:\/\/pomello.ee\/fi\/wp-json\/wp\/v2\/comments?post=26195"}],"wp:featuredmedia":[{"embeddable":true,"href":"https:\/\/pomello.ee\/fi\/wp-json\/wp\/v2\/media\/26192"}],"wp:attachment":[{"href":"https:\/\/pomello.ee\/fi\/wp-json\/wp\/v2\/media?parent=26195"}],"wp:term":[{"taxonomy":"product_brand","embeddable":true,"href":"https:\/\/pomello.ee\/fi\/wp-json\/wp\/v2\/product_brand?post=26195"},{"taxonomy":"product_cat","embeddable":true,"href":"https:\/\/pomello.ee\/fi\/wp-json\/wp\/v2\/product_cat?post=26195"},{"taxonomy":"product_tag","embeddable":true,"href":"https:\/\/pomello.ee\/fi\/wp-json\/wp\/v2\/product_tag?post=26195"}],"curies":[{"name":"wp","href":"https:\/\/api.w.org\/{rel}","templated":true}]}}