{"id":26205,"date":"2024-05-16T12:21:52","date_gmt":"2024-05-16T10:21:52","guid":{"rendered":"https:\/\/pomello.ee\/toode\/nikk-mole-perfect-lamination-kit\/"},"modified":"2024-11-03T11:12:37","modified_gmt":"2024-11-03T08:12:37","slug":"nikk-mole-perfect-lamination-kit","status":"publish","type":"product","link":"https:\/\/pomello.ee\/fi\/toode\/nikk-mole-perfect-lamination-kit\/","title":{"rendered":"NIKK MOLE Perfect Lamination Kit"},"content":{"rendered":"<p><strong>NIKK MOLE Perfect Laminoinnin vaiheet ja vaikutusajat:<\/strong><\/p>\n<p>&nbsp;<\/p>\n<p><strong>STEP 1 \u2013 RIPSIEN JA KULMAKURVIEN KOOSTUS<\/strong><\/p>\n<p>Vaihe 1 pehment\u00e4\u00e4 hiusten kynsinauhoja ja avaa niiden suomuja, jolloin aktiiviset ainesosat p\u00e4\u00e4sev\u00e4t paremmin tunkeutumaan hiuksen rakenteeseen ja uudistavat disulfidisidoksia. Sis\u00e4lt\u00e4\u00e4 hydrolysoitua keratiinia, joka auttaa suojaamaan hiuksia toimenpiteen aikana.<\/p>\n<p><strong>Vaikutusaika 5-12 min<\/strong><\/p>\n<p>K\u00e4yt\u00e4 vain STEP 2 Professional -ripsien ja kulmakarvojen laminoinnin yhteydess\u00e4.<\/p>\n<p>&nbsp;<\/p>\n<p><strong>STEP 2 \u2013 RIPSIEN JA KULMANKORJAUS<\/strong><\/p>\n<p>Tarkoitettu ripsien kohotuksen ja kulmakarvojen laminoinnin toiseen vaiheeseen. T\u00e4m\u00e4 p\u00e4\u00e4tt\u00e4\u00e4 ensimm\u00e4isen vaiheen prosessin kiinnitt\u00e4m\u00e4ll\u00e4 uuden muodon ja sulkemalla turkin suomut.<\/p>\n<p><strong>Vaikutusaika 5-12 min<\/strong><\/p>\n<p>&nbsp;<\/p>\n<p><strong>STEP 3 \u2013 RIPSIEN JA kulmakarvojen KERATIINIHOITO<\/strong><\/p>\n<p>Ammattimainen tuote, joka on suunniteltu kulmakarvojen ja ripsien hoitoon viimeisen\u00e4 vaiheena laminoinnin j\u00e4lkeen. Sis\u00e4lt\u00e4\u00e4 pantenolia, hydrolysoitua keratiinia ja hoitavia komponentteja, jotka tunkeutuvat hell\u00e4sti hiuksiin palauttaen niiden rakenteen, pehmeyden ja joustavuuden.<\/p>\n<p>Koostumuksen pH on 4,5-5,5.<\/p>\n<p>&nbsp;<\/p>\n<p>Vain ammattik\u00e4ytt\u00f6\u00f6n!<\/p>\n<p>&nbsp;<\/p>\n<p>K\u00e4yt\u00e4 tuote 6 kuukauden sis\u00e4ll\u00e4 alkuper\u00e4isen pakkauksen avaamisesta. S\u00e4ilyt\u00e4 tuotetta +5 &#8211; +25 \u00b0C l\u00e4mp\u00f6tilassa kuivassa paikassa poissa lasten ulottuvilta. V\u00e4lt\u00e4 suoraa auringonvaloa.<\/p>\n","protected":false},"excerpt":{"rendered":"<p>NIKK MOLE Perfect Lamination Kit -laminointisarja sis\u00e4lt\u00e4\u00e4 kaikki kolme ripsien ja kulmakarvojen laminointij\u00e4rjestelm\u00e4n emulsiota.<\/p>\n<p>&nbsp;<\/p>\n<p><strong>Setti sis\u00e4lt\u00e4\u00e4:<\/strong><\/p>\n<p>Step 1 &#8211; ripsien ja kulmakarvojen kohotus<\/p>\n<p>Step 2 &#8211; ripsien ja kulmakarvojen kiinnitys<\/p>\n<p>Step 3 &#8211; keratiinihoito ripsille ja kulmakarvoille<\/p>\n<p>&nbsp;<\/p>\n<p>NIKK MOLE Perfect Lamination -sarja tarjoaa kaiken mit\u00e4 tarvitset t\u00e4ydellisesti laminoitujen ripsien ja kulmakarvojen saavuttamiseen.<\/p>\n<p>&nbsp;<\/p>\n<p>Koko: 3x10ml<\/p>\n","protected":false},"featured_media":26202,"comment_status":"open","ping_status":"closed","template":"","meta":{"_monsterinsights_skip_tracking":false,"_monsterinsights_sitenote_active":false,"_monsterinsights_sitenote_note":"","_monsterinsights_sitenote_category":0},"product_brand":[],"product_cat":[476,899,517,477,516,1206,475],"product_tag":[],"class_list":{"0":"post-26205","1":"product","2":"type-product","3":"status-publish","4":"has-post-thumbnail","6":"product_cat-kulmakarvat","7":"product_cat-emulsiot-fi","8":"product_cat-emulsiot","9":"product_cat-kulmien-laminointi","10":"product_cat-lash-lift-fi","11":"product_cat-lash-lift-laminointisetit","12":"product_cat-ripset","13":"pa_brand-nikk-mole-fi","15":"first","16":"outofstock","17":"taxable","18":"shipping-taxable","19":"purchasable","20":"product-type-simple"},"_links":{"self":[{"href":"https:\/\/pomello.ee\/fi\/wp-json\/wp\/v2\/product\/26205","targetHints":{"allow":["GET"]}}],"collection":[{"href":"https:\/\/pomello.ee\/fi\/wp-json\/wp\/v2\/product"}],"about":[{"href":"https:\/\/pomello.ee\/fi\/wp-json\/wp\/v2\/types\/product"}],"replies":[{"embeddable":true,"href":"https:\/\/pomello.ee\/fi\/wp-json\/wp\/v2\/comments?post=26205"}],"wp:featuredmedia":[{"embeddable":true,"href":"https:\/\/pomello.ee\/fi\/wp-json\/wp\/v2\/media\/26202"}],"wp:attachment":[{"href":"https:\/\/pomello.ee\/fi\/wp-json\/wp\/v2\/media?parent=26205"}],"wp:term":[{"taxonomy":"product_brand","embeddable":true,"href":"https:\/\/pomello.ee\/fi\/wp-json\/wp\/v2\/product_brand?post=26205"},{"taxonomy":"product_cat","embeddable":true,"href":"https:\/\/pomello.ee\/fi\/wp-json\/wp\/v2\/product_cat?post=26205"},{"taxonomy":"product_tag","embeddable":true,"href":"https:\/\/pomello.ee\/fi\/wp-json\/wp\/v2\/product_tag?post=26205"}],"curies":[{"name":"wp","href":"https:\/\/api.w.org\/{rel}","templated":true}]}}