{"id":26240,"date":"2024-05-18T08:29:49","date_gmt":"2024-05-18T06:29:49","guid":{"rendered":"https:\/\/pomello.ee\/toode\/nikk-mole-skin-duo-kasvovedet-ja-kasvooljy\/"},"modified":"2024-05-18T08:29:49","modified_gmt":"2024-05-18T05:29:49","slug":"nikk-mole-skin-duo-kasvovedet-ja-kasvooljy","status":"publish","type":"product","link":"https:\/\/pomello.ee\/fi\/toode\/nikk-mole-skin-duo-kasvovedet-ja-kasvooljy\/","title":{"rendered":"NIKK MOLE SKIN Duo kasvovedet ja kasvo\u00f6ljy"},"content":{"rendered":"","protected":false},"excerpt":{"rendered":"<p><strong>NIKK MOLE SKIN Duo kasvovedet ja kasvo\u00f6ljy<\/strong> on ihanteellinen setti kauneussalonkik\u00e4ytt\u00f6\u00f6n ja tarjoaa erityisen ylellist\u00e4 palvelua. Pullot ovat ainutlaatuisen ulkon\u00e4\u00f6n ja helppok\u00e4ytt\u00f6isi\u00e4. N\u00e4iden tuotteiden ominaisuudet rikastavat ihoa erityisen hyvin, mink\u00e4 hy\u00f6dyllisen vaikutuksen asiakas tuntee v\u00e4litt\u00f6m\u00e4sti. Lis\u00e4ksi tuotteet soveltuvat my\u00f6s kotihoitoon. V\u00e4riainetta voidaan k\u00e4ytt\u00e4\u00e4 ihon valmisteluun poistamalla lika ja \u00f6ljy iholta. Kasvo\u00f6ljy sopii k\u00e4ytett\u00e4v\u00e4ksi meikin alla, kosteuttaa ihoa.<\/p>\n<p>&nbsp;<\/p>\n<p><strong>Setti sis\u00e4lt\u00e4\u00e4:<\/strong><\/p>\n<p><strong>1 Nikk Mole SKIN kasvovedet<\/strong>\u00a0valmistelee ihon vahaukseen ja on puhdistuksen ensimm\u00e4inen vaihe. Hell\u00e4varainen ja pehment\u00e4v\u00e4 kasvovesi sopii kaikille ihotyypeille, puhdistaen ihon ja kulmakarvat tehokkaasti meikkij\u00e4\u00e4mist\u00e4 ja lialta, kosteuttavat ja rauhoittavat ihoa tehden siit\u00e4 samettisen.<\/p>\n<p>&nbsp;<\/p>\n<p><strong>P\u00e4\u00e4piirteet<\/strong>:<\/p>\n<ul>\n<li><strong>Appelsiiniuute<\/strong>: Supistaa laajentuneita ihohuokosia, kirkastaa ihoa, tekee siit\u00e4 silkinpehme\u00e4n.<\/li>\n<li><strong>Limeuute<\/strong>: Kosteuttavia ominaisuuksia, tasoittaa ryppyj\u00e4.<\/li>\n<li><strong>Greippiuute<\/strong>: Pehment\u00e4\u00e4 ihoa, lievitt\u00e4\u00e4 tulehdusta.<\/li>\n<\/ul>\n<p><strong>2 NIKK MOLE Kasvo\u00f6ljy iholle ja kulmakarvoille SKIN<\/strong> on monipuolinen tuote, joka hoitaa ja suojaa ihoa. Kasvo\u00f6ljy on ensisijaisesti suunniteltu k\u00e4ytett\u00e4v\u00e4ksi ennen vahausta, jotta vaha liukuu helposti ja ehk\u00e4isee vaurioita vahauksen aikana. Lis\u00e4ksi sit\u00e4 voidaan k\u00e4ytt\u00e4\u00e4 meikin alla, ennen karvanpoistoa, henna kulmakarvojen v\u00e4rin kiinnitt\u00e4miseen tai kulmakarvojen kasvun edist\u00e4miseen.<\/p>\n<p>&nbsp;<\/p>\n<p><strong>P\u00e4\u00e4piirteet<\/strong>:<\/p>\n<ul>\n<li><strong>Ryp\u00e4leensiemen\u00f6ljy<\/strong>: P\u00e4ivitt\u00e4iseen kosteutukseen.<\/li>\n<li><strong>Argan\u00f6ljy ja vehn\u00e4proteiini<\/strong>: Kulmakarvojen kasvuun ja tiheyteen sek\u00e4 hiustenl\u00e4ht\u00f6\u00f6n hillitsemiseen.<\/li>\n<li><strong>Pellavansiemen\u00f6ljy<\/strong>: Iholle ja hiuksille, kosteuttaa, ravitsee, lievitt\u00e4\u00e4 tulehdusta.<\/li>\n<li><strong>Kurpitsansiemen\u00f6ljy<\/strong>: Pehmitt\u00e4v\u00e4 ainesosa, uudistaa ihoa ja parantaa hiusten kasvua.<\/li>\n<li><strong>Sininen sypressipuu\u00f6ljy<\/strong>: Anti-inflammatorinen vaikutus.<\/li>\n<\/ul>\n<p>Voit lukea lis\u00e4\u00e4 tuotteista t\u00e4\u00e4lt\u00e4 <a href=\"https:\/\/pomello.ee\/fi\/toode\/nikk-mole-kasvovedet-skin\/\"><strong>kasvovedet<\/strong><\/a> ja <a href=\"https:\/\/pomello.ee\/fi\/toode\/nikk-mole-kasvooljy-iholle-ja-kulmakarvoille-skin\/\"><strong>kasvo\u00f6ljy<\/strong><\/a>.<\/p>\n","protected":false},"featured_media":26232,"comment_status":"open","ping_status":"closed","template":"","meta":{"_monsterinsights_skip_tracking":false,"_monsterinsights_sitenote_active":false,"_monsterinsights_sitenote_note":"","_monsterinsights_sitenote_category":0},"product_brand":[],"product_cat":[476,915,480,916,507,976,512],"product_tag":[],"class_list":{"0":"post-26240","1":"product","2":"type-product","3":"status-publish","4":"has-post-thumbnail","6":"product_cat-kulmakarvat","7":"product_cat-esi-ja-jalkihoito","8":"product_cat-esihoito","9":"product_cat-esihoito-fi","10":"product_cat-karvanpoisto","11":"product_cat-kasvot","12":"product_cat-parhaat-tarjoukset","13":"pa_brand-nikk-mole-fi","14":"pa_suurus-2-x-100-ml-fi","16":"first","17":"instock","18":"sale","19":"taxable","20":"shipping-taxable","21":"purchasable","22":"product-type-simple"},"_links":{"self":[{"href":"https:\/\/pomello.ee\/fi\/wp-json\/wp\/v2\/product\/26240","targetHints":{"allow":["GET"]}}],"collection":[{"href":"https:\/\/pomello.ee\/fi\/wp-json\/wp\/v2\/product"}],"about":[{"href":"https:\/\/pomello.ee\/fi\/wp-json\/wp\/v2\/types\/product"}],"replies":[{"embeddable":true,"href":"https:\/\/pomello.ee\/fi\/wp-json\/wp\/v2\/comments?post=26240"}],"wp:featuredmedia":[{"embeddable":true,"href":"https:\/\/pomello.ee\/fi\/wp-json\/wp\/v2\/media\/26232"}],"wp:attachment":[{"href":"https:\/\/pomello.ee\/fi\/wp-json\/wp\/v2\/media?parent=26240"}],"wp:term":[{"taxonomy":"product_brand","embeddable":true,"href":"https:\/\/pomello.ee\/fi\/wp-json\/wp\/v2\/product_brand?post=26240"},{"taxonomy":"product_cat","embeddable":true,"href":"https:\/\/pomello.ee\/fi\/wp-json\/wp\/v2\/product_cat?post=26240"},{"taxonomy":"product_tag","embeddable":true,"href":"https:\/\/pomello.ee\/fi\/wp-json\/wp\/v2\/product_tag?post=26240"}],"curies":[{"name":"wp","href":"https:\/\/api.w.org\/{rel}","templated":true}]}}