{"id":26307,"date":"2024-05-19T10:43:44","date_gmt":"2024-05-19T08:43:44","guid":{"rendered":"https:\/\/pomello.ee\/toode\/nikk-mole-peitekyna\/"},"modified":"2024-05-19T10:43:44","modified_gmt":"2024-05-19T07:43:44","slug":"nikk-mole-peitekyna","status":"publish","type":"product","link":"https:\/\/pomello.ee\/fi\/toode\/nikk-mole-peitekyna\/","title":{"rendered":"NIKK MOLE Peitekyn\u00e4"},"content":{"rendered":"","protected":false},"excerpt":{"rendered":"<p><strong>NIKK MOLE Peitekyn\u00e4 kulmakarvojen alueelle<\/strong><\/p>\n<p>&nbsp;<\/p>\n<p>Uusi lyijykyn\u00e4-peitevoide on suunniteltu erityisesti kulmakarvojen alueelle, mik\u00e4 erottaa sen monista vastaavista tuotteista, mutta sen universaali koostumus sopii k\u00e4ytett\u00e4v\u00e4ksi kaikille kasvojen ja dekolteen alueille. Nikk Mole -tiimin luoma peitevoide on heid\u00e4n uusi ja eksklusiivinen tuote. Peitevoidessa on silmiinpist\u00e4v\u00e4 muotoilu, kullanv\u00e4rinen metallirunko, jonka toisessa p\u00e4\u00e4ss\u00e4 on peitevoide ja toisessa p\u00e4\u00e4ss\u00e4 diffuusorisivellin, mik\u00e4 tekee peitevoiteen k\u00e4yt\u00f6st\u00e4 erityisen k\u00e4tev\u00e4\u00e4. Lis\u00e4ksi tuotteessa on eritt\u00e4in hyv\u00e4 beige s\u00e4vy, joka sopii jokaiselle ihotyypille ja s\u00e4vyyn. Tuote on helppo levitt\u00e4\u00e4, sill\u00e4 tuotteella on kermainen koostumus, joka sopii sek\u00e4 meikin alle ett\u00e4 kulmakarvojen rajaamiseen kulmakarvojen hoidon j\u00e4lkeen. Sopii arkik\u00e4ytt\u00f6\u00f6n sek\u00e4 kulmakarvojen taiteilijalle viimeisen silauksen antamiseen.<\/p>\n<p>&nbsp;<\/p>\n<p><strong>P\u00e4\u00e4piirteet<\/strong><\/p>\n<ul>\n<li>Peitt\u00e4\u00e4 kosmeettiset ihovirheet, punoituksen, tulehdukset, n\u00e4ppyl\u00e4t, pigmenttil\u00e4iskit jne.<\/li>\n<li>Peitt\u00e4\u00e4 ongelma-alueiden punoituksen.<\/li>\n<li>T\u00e4ydellinen fuusio ihon kanssa.<\/li>\n<li>Kermaisen koostumuksen ansiosta voit saavuttaa halutun tuloksen levitt\u00e4m\u00e4ll\u00e4.<\/li>\n<li>Peitt\u00e4\u00e4 \u00e4rsytyksen vahauksen tai pinsetin j\u00e4lkeen.<\/li>\n<\/ul>\n<p><strong>Ainesosat<\/strong><\/p>\n<ul>\n<li><strong>Kamomillauute<\/strong>: lievitt\u00e4\u00e4 \u00e4rsytyst\u00e4 ja punoitusta.<\/li>\n<li><strong>E-vitamiini<\/strong>: yll\u00e4pit\u00e4\u00e4 ihon s\u00e4vy\u00e4 ja ehk\u00e4isee ennenaikaisia \u200b\u200bik\u00e4\u00e4ntymisen merkkej\u00e4.<\/li>\n<\/ul>\n<p>NIKK MOLE Concealer peitekyn\u00e4 on suunniteltu tarjoamaan tehokas ja universaali ratkaisu ihon ep\u00e4tasaisuuksien peitt\u00e4miseen ja kulmakarvojen \u00e4\u00e4riviivan viimeistelyyn. Se on oikea valinta korkealaatuiseen koristekosmetiikkaan, joka sis\u00e4lt\u00e4\u00e4 my\u00f6s hoitavia ainesosia.<\/p>\n","protected":false},"featured_media":26245,"comment_status":"open","ping_status":"closed","template":"","meta":{"_monsterinsights_skip_tracking":false,"_monsterinsights_sitenote_active":false,"_monsterinsights_sitenote_note":"","_monsterinsights_sitenote_category":0},"product_brand":[],"product_cat":[476,947],"product_tag":[],"class_list":{"0":"post-26307","1":"product","2":"type-product","3":"status-publish","4":"has-post-thumbnail","6":"product_cat-kulmakarvat","7":"product_cat-kulmakynat","8":"pa_brand-nikk-mole-fi","10":"first","11":"outofstock","12":"taxable","13":"shipping-taxable","14":"purchasable","15":"product-type-simple"},"_links":{"self":[{"href":"https:\/\/pomello.ee\/fi\/wp-json\/wp\/v2\/product\/26307","targetHints":{"allow":["GET"]}}],"collection":[{"href":"https:\/\/pomello.ee\/fi\/wp-json\/wp\/v2\/product"}],"about":[{"href":"https:\/\/pomello.ee\/fi\/wp-json\/wp\/v2\/types\/product"}],"replies":[{"embeddable":true,"href":"https:\/\/pomello.ee\/fi\/wp-json\/wp\/v2\/comments?post=26307"}],"wp:featuredmedia":[{"embeddable":true,"href":"https:\/\/pomello.ee\/fi\/wp-json\/wp\/v2\/media\/26245"}],"wp:attachment":[{"href":"https:\/\/pomello.ee\/fi\/wp-json\/wp\/v2\/media?parent=26307"}],"wp:term":[{"taxonomy":"product_brand","embeddable":true,"href":"https:\/\/pomello.ee\/fi\/wp-json\/wp\/v2\/product_brand?post=26307"},{"taxonomy":"product_cat","embeddable":true,"href":"https:\/\/pomello.ee\/fi\/wp-json\/wp\/v2\/product_cat?post=26307"},{"taxonomy":"product_tag","embeddable":true,"href":"https:\/\/pomello.ee\/fi\/wp-json\/wp\/v2\/product_tag?post=26307"}],"curies":[{"name":"wp","href":"https:\/\/api.w.org\/{rel}","templated":true}]}}